{"id":1888,"date":"2021-07-08T13:56:44","date_gmt":"2021-07-08T13:56:44","guid":{"rendered":"https:\/\/afpllc2.preprod.cloud0.savencia.net\/home\/"},"modified":"2022-02-08T16:01:54","modified_gmt":"2022-02-08T21:01:54","slug":"home","status":"publish","type":"page","link":"https:\/\/afpllc2.preprod.cloud0.savencia.net\/fr\/","title":{"rendered":"Home"},"content":{"rendered":"","protected":false},"excerpt":{"rendered":"","protected":false},"author":1,"featured_media":0,"parent":0,"menu_order":138,"comment_status":"closed","ping_status":"closed","template":"page-home.php","meta":{"footnotes":""},"class_list":["post-1888","page","type-page","status-publish","hentry"],"yoast_head":"<!-- This site is optimized with the Yoast SEO plugin v27.4 - https:\/\/yoast.com\/product\/yoast-seo-wordpress\/ -->\n<title>Home - AFP<\/title>\n<meta name=\"robots\" content=\"noindex, follow, max-snippet:-1, max-image-preview:large, max-video-preview:-1\" \/>\n<meta property=\"og:locale\" content=\"fr_FR\" \/>\n<meta property=\"og:type\" content=\"article\" \/>\n<meta property=\"og:title\" content=\"Home - AFP\" \/>\n<meta property=\"og:url\" content=\"https:\/\/afpllc2.preprod.cloud0.savencia.net\/fr\/\" \/>\n<meta property=\"og:site_name\" content=\"AFP\" \/>\n<meta property=\"article:modified_time\" content=\"2022-02-08T21:01:54+00:00\" \/>\n<meta name=\"twitter:card\" content=\"summary_large_image\" \/>\n<script type=\"application\/ld+json\" class=\"yoast-schema-graph\">{\"@context\":\"https:\\\/\\\/schema.org\",\"@graph\":[{\"@type\":\"WebPage\",\"@id\":\"https:\\\/\\\/afpllc2.preprod.cloud0.savencia.net\\\/fr\\\/\",\"url\":\"https:\\\/\\\/afpllc2.preprod.cloud0.savencia.net\\\/fr\\\/\",\"name\":\"Home - AFP\",\"isPartOf\":{\"@id\":\"https:\\\/\\\/afpllc2.preprod.cloud0.savencia.net\\\/fr\\\/#website\"},\"datePublished\":\"2021-07-08T13:56:44+00:00\",\"dateModified\":\"2022-02-08T21:01:54+00:00\",\"inLanguage\":\"fr-FR\",\"potentialAction\":[{\"@type\":\"ReadAction\",\"target\":[\"https:\\\/\\\/afpllc2.preprod.cloud0.savencia.net\\\/fr\\\/\"]}]},{\"@type\":\"WebSite\",\"@id\":\"https:\\\/\\\/afpllc2.preprod.cloud0.savencia.net\\\/fr\\\/#website\",\"url\":\"https:\\\/\\\/afpllc2.preprod.cloud0.savencia.net\\\/fr\\\/\",\"name\":\"AFP\",\"description\":\"Innovative Food Solutions.\",\"publisher\":{\"@id\":\"https:\\\/\\\/afpllc2.preprod.cloud0.savencia.net\\\/fr\\\/#organization\"},\"potentialAction\":[{\"@type\":\"SearchAction\",\"target\":{\"@type\":\"EntryPoint\",\"urlTemplate\":\"https:\\\/\\\/afpllc2.preprod.cloud0.savencia.net\\\/fr\\\/?s={search_term_string}\"},\"query-input\":{\"@type\":\"PropertyValueSpecification\",\"valueRequired\":true,\"valueName\":\"search_term_string\"}}],\"inLanguage\":\"fr-FR\"},{\"@type\":\"Organization\",\"@id\":\"https:\\\/\\\/afpllc2.preprod.cloud0.savencia.net\\\/fr\\\/#organization\",\"name\":\"AFP\",\"url\":\"https:\\\/\\\/afpllc2.preprod.cloud0.savencia.net\\\/fr\\\/\",\"logo\":{\"@type\":\"ImageObject\",\"inLanguage\":\"fr-FR\",\"@id\":\"https:\\\/\\\/afpllc2.preprod.cloud0.savencia.net\\\/fr\\\/#\\\/schema\\\/logo\\\/image\\\/\",\"url\":\"https:\\\/\\\/afpllc2.preprod.cloud0.savencia.net\\\/wp-content\\\/uploads\\\/2021\\\/11\\\/AFP-logo-color.svg\",\"contentUrl\":\"https:\\\/\\\/afpllc2.preprod.cloud0.savencia.net\\\/wp-content\\\/uploads\\\/2021\\\/11\\\/AFP-logo-color.svg\",\"width\":60,\"height\":40,\"caption\":\"AFP\"},\"image\":{\"@id\":\"https:\\\/\\\/afpllc2.preprod.cloud0.savencia.net\\\/fr\\\/#\\\/schema\\\/logo\\\/image\\\/\"}}]}<\/script>\n<!-- \/ Yoast SEO plugin. -->","yoast_head_json":{"title":"Home - AFP","robots":{"index":"noindex","follow":"follow","max-snippet":"max-snippet:-1","max-image-preview":"max-image-preview:large","max-video-preview":"max-video-preview:-1"},"og_locale":"fr_FR","og_type":"article","og_title":"Home - AFP","og_url":"https:\/\/afpllc2.preprod.cloud0.savencia.net\/fr\/","og_site_name":"AFP","article_modified_time":"2022-02-08T21:01:54+00:00","twitter_card":"summary_large_image","schema":{"@context":"https:\/\/schema.org","@graph":[{"@type":"WebPage","@id":"https:\/\/afpllc2.preprod.cloud0.savencia.net\/fr\/","url":"https:\/\/afpllc2.preprod.cloud0.savencia.net\/fr\/","name":"Home - AFP","isPartOf":{"@id":"https:\/\/afpllc2.preprod.cloud0.savencia.net\/fr\/#website"},"datePublished":"2021-07-08T13:56:44+00:00","dateModified":"2022-02-08T21:01:54+00:00","inLanguage":"fr-FR","potentialAction":[{"@type":"ReadAction","target":["https:\/\/afpllc2.preprod.cloud0.savencia.net\/fr\/"]}]},{"@type":"WebSite","@id":"https:\/\/afpllc2.preprod.cloud0.savencia.net\/fr\/#website","url":"https:\/\/afpllc2.preprod.cloud0.savencia.net\/fr\/","name":"AFP","description":"Innovative Food Solutions.","publisher":{"@id":"https:\/\/afpllc2.preprod.cloud0.savencia.net\/fr\/#organization"},"potentialAction":[{"@type":"SearchAction","target":{"@type":"EntryPoint","urlTemplate":"https:\/\/afpllc2.preprod.cloud0.savencia.net\/fr\/?s={search_term_string}"},"query-input":{"@type":"PropertyValueSpecification","valueRequired":true,"valueName":"search_term_string"}}],"inLanguage":"fr-FR"},{"@type":"Organization","@id":"https:\/\/afpllc2.preprod.cloud0.savencia.net\/fr\/#organization","name":"AFP","url":"https:\/\/afpllc2.preprod.cloud0.savencia.net\/fr\/","logo":{"@type":"ImageObject","inLanguage":"fr-FR","@id":"https:\/\/afpllc2.preprod.cloud0.savencia.net\/fr\/#\/schema\/logo\/image\/","url":"https:\/\/afpllc2.preprod.cloud0.savencia.net\/wp-content\/uploads\/2021\/11\/AFP-logo-color.svg","contentUrl":"https:\/\/afpllc2.preprod.cloud0.savencia.net\/wp-content\/uploads\/2021\/11\/AFP-logo-color.svg","width":60,"height":40,"caption":"AFP"},"image":{"@id":"https:\/\/afpllc2.preprod.cloud0.savencia.net\/fr\/#\/schema\/logo\/image\/"}}]}},"meta_box":{"afp-bs-featured-lp":"","afp-bs-featured-lp-title":"","afp-bs-featured-lp-copy":"","afp-bs-featured-cta-link":"","afp-bs-featured-cta-text":"","afp-bs-featured-lp-subtitle":"","afp-bs-featured-lp-posts":[],"afp-bs-featured-lp-posts-seemore":"","afp-bs-featured-recipes":[],"afp-bs-featured-trends":[],"afp-bs-featured-training-education":[],"afp-bs-featured-packaging-ideas":[],"afp-bs-featured-home-cta-label":"","afp-bs-more-solutions-heading":"","afp-bs-more-solutions-cta-label":"","afp-bs-more-solutions-category-label":"","afp-bs-product-featured-bs":[],"afp-pgchannels-section-title-group":[],"afp-Channels-icon":[],"afp-Channels-page-icon":[],"afp-Channels-channel-headline-group":[],"afp_calc_serving_size":"","afp_calc_servings_per_day":"","afp_calc_number_of_units":"","afp-calculator":[],"afp_calc_lockup":false,"afp_calc_disclaimer":"","location":[],"AFP-Contact-contact_from_shortcode":"","afp-hp-expertise-callout-title-text":"Expertise","afp-hp-expertise-callout-title-color":"","afp-hp-expertise-callout-content":"Lorsque les experts ont besoin d\u2019aide, ils nous appellent.","afp-hp-expertise-callout-content-color":"","afp-hp-expertise-callouts-group":[{"afp-hp-hp-expertise-callout-icon":["237"],"afp-hp-hp-expertise-expertise-callout-title-text":"Technologie aseptique \u00e0 faible teneur en acide","afp-hp-hp-expertise-expertise-callout-content":"Nous sommes les leaders mondiaux de la technologie aseptique \u00e0 faible acidit\u00e9.","afp-hp-hp-expertise-expertise-callout-cta-group":[{"afp-hp-hp-expertise-expertise-callout-cta-text":"En savoir plus","afp-hp-hp-expertise-expertise-callout-cta-url":"\/fr\/expertise\/technologie-aseptique-a-faible-teneur-en-acide\/"}],"afp-hp-hp-expertise-callout-product-image":["169"],"afp-hp-hp-expertise-callout-background-image":["197"]},{"afp-hp-hp-expertise-callout-icon":["229"],"afp-hp-hp-expertise-expertise-callout-title-text":"Ing\u00e9nierie des emballages","afp-hp-hp-expertise-expertise-callout-content":"Une vari\u00e9t\u00e9 de formats pour de nombreuses utilisations.","afp-hp-hp-expertise-expertise-callout-cta-group":[{"afp-hp-hp-expertise-expertise-callout-cta-text":"Solutions","afp-hp-hp-expertise-expertise-callout-cta-url":"\/fr\/expertise\/ingenierie-des-emballages\/"}],"afp-hp-hp-expertise-callout-product-image":["213"],"afp-hp-hp-expertise-callout-background-image":["201"]},{"afp-hp-hp-expertise-callout-icon":["233"],"afp-hp-hp-expertise-expertise-callout-title-text":"L\u2019excellence en mati\u00e8re de recherche et de d\u00e9veloppement","afp-hp-hp-expertise-expertise-callout-content":"Votre partenaire de confiance pour des solutions innovantes.","afp-hp-hp-expertise-expertise-callout-cta-group":[{"afp-hp-hp-expertise-expertise-callout-cta-text":"\u00c0 base de plantes","afp-hp-hp-expertise-expertise-callout-cta-url":"\/fr\/expertise\/excellence-en-recherche-et-developpement\/"}],"afp-hp-hp-expertise-callout-product-image":["217"],"afp-hp-hp-expertise-callout-background-image":["205"]},{"afp-hp-hp-expertise-callout-icon":["225"],"afp-hp-hp-expertise-expertise-callout-title-text":"Fabrication sans gaspillage","afp-hp-hp-expertise-expertise-callout-content":"Une recherche permanente d\u2019efficacit\u00e9 op\u00e9rationnelle.","afp-hp-hp-expertise-expertise-callout-cta-group":[{"afp-hp-hp-expertise-expertise-callout-cta-text":"Nos principes","afp-hp-hp-expertise-expertise-callout-cta-url":"\/fr\/expertise\/fabrication-sans-gaspillage\/"}],"afp-hp-hp-expertise-callout-product-image":["221"],"afp-hp-hp-expertise-callout-background-image":["209"]}],"afp-pgexpertise-page-icon":[],"afp-pgexpertise-expertise-headline-group":[],"afp-pgexpertise-expertise-enable-products":"","afp-pgexpertise-products-section":[],"afp-pgexpertise-content-section":[],"afp-pgexpertise-eng-product-group":[],"afp-pgexpertise-eng-productmoreinfo-group":[],"afp-pgexpertise-eng-innercontent-icon":[],"afp-pgexpertise-eng-innercontent-title":"","afp-pgexpertise-eng-innercontent-cta_text":"","afp-pgexpertise-eng-innercontent-cta_url":"","afp-pgexpertise-eng-capabilities-image":[],"afp-pgexpertise-eng-capabilities-title":"","afp-pgexpertise-eng-capabilities-content":"","mfi-mb-hero-enabled":"1","mfi-mb-hero-full-size":"0","mfi-mb-hero-height":"700","mfi-mb-hero-slide-group":[{"mfi-mb-hero-content-width":"65","mfi-mb-hero-title-text":"Quand l\u2019art culinaire rencontre la science alimentaire.","mfi-mb-hero-title-color":"#ffffff","mfi-mb-hero-content":"advanced food products llc","mfi-mb-hero-content-color":"#ffffff","mfi-mb-hero-cta-group":[{"mfi-mb-hero-cta-text":"Notre expertise","mfi-mb-hero-cta-url":"\/fr\/expertise-fr\/"}],"mfi-mb-hero-align-option":"text-left","mfi-mb-hero-image":["75"],"mfi-mb-hero-image-mobile":["161"],"mfi-mb-hero-product-image-enabled":"1","mfi-mb-hero-product-image-style":"overlap-color","mfi-mb-hero-product-primary-bg-color":"#f8631b","mfi-mb-hero-product-secondary-bg-color":"#67e1cf","mfi-mb-hero-product-width":"70","mfi-mb-hero-product-image":["2979"],"mfi-mb-hero-product-target":"1"},{"mfi-mb-hero-content-width":"60","mfi-mb-hero-title-text":"Gagner de nouveaux clients v\u00e9g\u00e9tariens ici.","mfi-mb-hero-title-color":"#ffffff","mfi-mb-hero-content":"NEW plant-based products \r\n","mfi-mb-hero-content-color":"#ffffff","mfi-mb-hero-cta-group":[{"mfi-mb-hero-cta-text":"R\u00e9pondre \u00e0 la demande","mfi-mb-hero-cta-url":"\/fr\/produits\/"}],"mfi-mb-hero-align-option":"text-left","mfi-mb-hero-image":["76"],"mfi-mb-hero-product-image-enabled":"1","mfi-mb-hero-product-image-style":"overlap-color","mfi-mb-hero-product-primary-bg-color":"#67e1cf","mfi-mb-hero-product-secondary-bg-color":"rgba(10,0,0,0)","mfi-mb-hero-product-width":"40","mfi-mb-hero-product-image":["2475"],"mfi-mb-hero-product-text":"Mini parfaits \u00e0 l\u2019avoine \u00e0 la vanille et aux amandes au chocolat","mfi-mb-hero-product-url":"\/fr\/business-solutions\/recettes\/shooters-parfaits-au-latte-a-la-vanille"},{"mfi-mb-hero-title-text":"Rejoignez notre \u00e9quipe extraordinaire","mfi-mb-hero-title-color":"#ffffff","mfi-mb-hero-content":"Grow in a valuable and rewarding career.\r\n","mfi-mb-hero-content-color":"#ffffff","mfi-mb-hero-cta-group":[{"mfi-mb-hero-cta-text":"Carri\u00e8res","mfi-mb-hero-cta-url":"\/fr\/carrieres\/"}],"mfi-mb-hero-align-option":"text-left","mfi-mb-hero-image":["77"],"mfi-mb-hero-product-image-enabled":"1","mfi-mb-hero-product-image-style":"slice","mfi-mb-hero-product-primary-bg-color":"#f87036","mfi-mb-hero-product-image":["132"]}],"afp-gb--callout-icon":[],"afp-gb-afp-gb--contactbar-section-title-text":"","afp-gb-afp-gb--contactbar-section-title-color":"","afp-gb-afp-gb--contactbar-section-cta-group":[],"afp-hp-our-story-callouts-group":{"afp-hp-hp-our-story-expertise-callout-title-text":"Notre histoire","afp-hp-hp-our-story-expertise-callout-content":"AFP advanced food products llc, filiale de Savencia Fromage & Dairy, compte plus de 500\u00a0personnes qui se consacrent \u00e0 la cr\u00e9ation d\u2019un succ\u00e8s durable.","afp-hp-hp-our-story-expertise-callout-cta-group":[{"afp-hp-hp-our-story-expertise-callout-cta-text":"En savoir plus"}],"afp-hp-hp-our-story-video-link":"https:\/\/www.youtube.com\/watch?v=jOjT_nXG2DU","afp-hp-hp-our-story-callout-background-image":["241"]},"afp-li-linkedin-interstitial-enable":"","afp-li-linkedin-interstitial-title-text":"","afp-li-linkedin-interstitial-content":"","afp-li-linkedin-interstitial-cta-text":"","afp-li-linkedin-interstitial-cta-url":"","afp-hp-section-title-group":{"afp-hp-channels-callout-title-text":"Cha\u00eenes","afp-hp-channels-callout-content":"Apporter le succ\u00e8s et le bonheur \u00e0 nos partenaires et \u00e0 leurs consommateurs.\r\n","afp-hp-products-callout-title-text":"Produits","afp-hp-products-callout-content":"Des offres all\u00e9chantes qui incitent les consommateurs \u00e0 revenir.","afp-hp-business-solutions-callout-title-text":"Solutions pour les entreprises","afp-hp-business-solutions-callout-content":"Votre partenaire en mati\u00e8re de technologie aseptique \u00e0 faible acidit\u00e9\r\n","afp-hp-hp-form-icon":["229"],"afp-hp-hp-form-title-text":"Pr\u00eat pour un partenariat\u00a0?"},"afp-hp-selected-products":[],"afp_careers_mb_intro_title":"","afp_careers_mb_intro_content":"","afp-no-cta_label":"","afp-no-nav_icon":[],"afp_ourstory_mb_history_title":"","afp_ourstory_mb_date_group":[],"afp_ourstory_mb_csr_content":"","afp_ourstory_mb_sustainability_title":"","afp_ourstory_mb_sustainability_group":[],"afp-pgproducts-category-heading-enabled":"","afp-pgproducts-category-heading-content":"","afp-pgproducts-category-heading-image":[],"afp-pgproducts-category-heading-cta":[],"afp-pgproducts-category-multicta-group":[],"afp-pgproducts-aseptic-rows-group":[],"winning_ltos":[],"sc_scam_title":"","sc_scam_content":"","infographic_headline":"","infographic_content":"","icons":[],"video_benefits":[],"facts_headline":"","facts_copy":"","facts_image":false,"facts_infographic":[],"lets_talk_headline":"","lets_talk_copy":"","lets_talk_icon":false,"bs_posts":[],"afp-bs-featured-categories":[],"mfi_pb_product_image":false,"mfi_pb_content":"","mfi_pb_cta":"","mfi_pb_cta_url":"","mfi_pb_products":[],"mfi_pb_stats_content":[],"mfi_pb_bar_title":"","mfi_pb_bar_content":"","mfi_pb_graph_image":false,"mfi_pb_more_info":"","mfi_pb_source":""},"_links":{"self":[{"href":"https:\/\/afpllc2.preprod.cloud0.savencia.net\/fr\/wp-json\/wp\/v2\/pages\/1888","targetHints":{"allow":["GET"]}}],"collection":[{"href":"https:\/\/afpllc2.preprod.cloud0.savencia.net\/fr\/wp-json\/wp\/v2\/pages"}],"about":[{"href":"https:\/\/afpllc2.preprod.cloud0.savencia.net\/fr\/wp-json\/wp\/v2\/types\/page"}],"author":[{"embeddable":true,"href":"https:\/\/afpllc2.preprod.cloud0.savencia.net\/fr\/wp-json\/wp\/v2\/users\/1"}],"replies":[{"embeddable":true,"href":"https:\/\/afpllc2.preprod.cloud0.savencia.net\/fr\/wp-json\/wp\/v2\/comments?post=1888"}],"version-history":[{"count":1,"href":"https:\/\/afpllc2.preprod.cloud0.savencia.net\/fr\/wp-json\/wp\/v2\/pages\/1888\/revisions"}],"predecessor-version":[{"id":1889,"href":"https:\/\/afpllc2.preprod.cloud0.savencia.net\/fr\/wp-json\/wp\/v2\/pages\/1888\/revisions\/1889"}],"wp:attachment":[{"href":"https:\/\/afpllc2.preprod.cloud0.savencia.net\/fr\/wp-json\/wp\/v2\/media?parent=1888"}],"curies":[{"name":"wp","href":"https:\/\/api.w.org\/{rel}","templated":true}]}}