{"id":1880,"date":"2021-07-20T18:11:52","date_gmt":"2021-07-20T22:11:52","guid":{"rendered":"https:\/\/afpllc2.preprod.cloud0.savencia.net\/our-story\/"},"modified":"2025-02-12T13:53:35","modified_gmt":"2025-02-12T18:53:35","slug":"notre-histoire","status":"publish","type":"page","link":"https:\/\/afpllc2.preprod.cloud0.savencia.net\/fr\/notre-histoire\/","title":{"rendered":"Notre histoire"},"content":{"rendered":"","protected":false},"excerpt":{"rendered":"","protected":false},"author":1,"featured_media":0,"parent":0,"menu_order":131,"comment_status":"closed","ping_status":"closed","template":"page-our-story.php","meta":{"footnotes":""},"class_list":["post-1880","page","type-page","status-publish","hentry"],"yoast_head":"<!-- This site is optimized with the Yoast SEO plugin v27.4 - https:\/\/yoast.com\/product\/yoast-seo-wordpress\/ -->\n<title>Notre histoire - AFP<\/title>\n<meta name=\"robots\" content=\"noindex, follow, max-snippet:-1, max-image-preview:large, max-video-preview:-1\" \/>\n<meta property=\"og:locale\" content=\"fr_FR\" \/>\n<meta property=\"og:type\" content=\"article\" \/>\n<meta property=\"og:title\" content=\"Notre histoire - AFP\" \/>\n<meta property=\"og:url\" content=\"https:\/\/afpllc2.preprod.cloud0.savencia.net\/fr\/notre-histoire\/\" \/>\n<meta property=\"og:site_name\" content=\"AFP\" \/>\n<meta property=\"article:modified_time\" content=\"2025-02-12T18:53:35+00:00\" \/>\n<meta name=\"twitter:card\" content=\"summary_large_image\" \/>\n<script type=\"application\/ld+json\" class=\"yoast-schema-graph\">{\"@context\":\"https:\\\/\\\/schema.org\",\"@graph\":[{\"@type\":\"WebPage\",\"@id\":\"https:\\\/\\\/afpllc2.preprod.cloud0.savencia.net\\\/fr\\\/notre-histoire\\\/\",\"url\":\"https:\\\/\\\/afpllc2.preprod.cloud0.savencia.net\\\/fr\\\/notre-histoire\\\/\",\"name\":\"Notre histoire - AFP\",\"isPartOf\":{\"@id\":\"https:\\\/\\\/afpllc2.preprod.cloud0.savencia.net\\\/fr\\\/#website\"},\"datePublished\":\"2021-07-20T22:11:52+00:00\",\"dateModified\":\"2025-02-12T18:53:35+00:00\",\"inLanguage\":\"fr-FR\",\"potentialAction\":[{\"@type\":\"ReadAction\",\"target\":[\"https:\\\/\\\/afpllc2.preprod.cloud0.savencia.net\\\/fr\\\/notre-histoire\\\/\"]}]},{\"@type\":\"WebSite\",\"@id\":\"https:\\\/\\\/afpllc2.preprod.cloud0.savencia.net\\\/fr\\\/#website\",\"url\":\"https:\\\/\\\/afpllc2.preprod.cloud0.savencia.net\\\/fr\\\/\",\"name\":\"AFP\",\"description\":\"Innovative Food Solutions.\",\"publisher\":{\"@id\":\"https:\\\/\\\/afpllc2.preprod.cloud0.savencia.net\\\/fr\\\/#organization\"},\"potentialAction\":[{\"@type\":\"SearchAction\",\"target\":{\"@type\":\"EntryPoint\",\"urlTemplate\":\"https:\\\/\\\/afpllc2.preprod.cloud0.savencia.net\\\/fr\\\/?s={search_term_string}\"},\"query-input\":{\"@type\":\"PropertyValueSpecification\",\"valueRequired\":true,\"valueName\":\"search_term_string\"}}],\"inLanguage\":\"fr-FR\"},{\"@type\":\"Organization\",\"@id\":\"https:\\\/\\\/afpllc2.preprod.cloud0.savencia.net\\\/fr\\\/#organization\",\"name\":\"AFP\",\"url\":\"https:\\\/\\\/afpllc2.preprod.cloud0.savencia.net\\\/fr\\\/\",\"logo\":{\"@type\":\"ImageObject\",\"inLanguage\":\"fr-FR\",\"@id\":\"https:\\\/\\\/afpllc2.preprod.cloud0.savencia.net\\\/fr\\\/#\\\/schema\\\/logo\\\/image\\\/\",\"url\":\"https:\\\/\\\/afpllc2.preprod.cloud0.savencia.net\\\/wp-content\\\/uploads\\\/2021\\\/11\\\/AFP-logo-color.svg\",\"contentUrl\":\"https:\\\/\\\/afpllc2.preprod.cloud0.savencia.net\\\/wp-content\\\/uploads\\\/2021\\\/11\\\/AFP-logo-color.svg\",\"width\":60,\"height\":40,\"caption\":\"AFP\"},\"image\":{\"@id\":\"https:\\\/\\\/afpllc2.preprod.cloud0.savencia.net\\\/fr\\\/#\\\/schema\\\/logo\\\/image\\\/\"}}]}<\/script>\n<!-- \/ Yoast SEO plugin. -->","yoast_head_json":{"title":"Notre histoire - AFP","robots":{"index":"noindex","follow":"follow","max-snippet":"max-snippet:-1","max-image-preview":"max-image-preview:large","max-video-preview":"max-video-preview:-1"},"og_locale":"fr_FR","og_type":"article","og_title":"Notre histoire - AFP","og_url":"https:\/\/afpllc2.preprod.cloud0.savencia.net\/fr\/notre-histoire\/","og_site_name":"AFP","article_modified_time":"2025-02-12T18:53:35+00:00","twitter_card":"summary_large_image","schema":{"@context":"https:\/\/schema.org","@graph":[{"@type":"WebPage","@id":"https:\/\/afpllc2.preprod.cloud0.savencia.net\/fr\/notre-histoire\/","url":"https:\/\/afpllc2.preprod.cloud0.savencia.net\/fr\/notre-histoire\/","name":"Notre histoire - AFP","isPartOf":{"@id":"https:\/\/afpllc2.preprod.cloud0.savencia.net\/fr\/#website"},"datePublished":"2021-07-20T22:11:52+00:00","dateModified":"2025-02-12T18:53:35+00:00","inLanguage":"fr-FR","potentialAction":[{"@type":"ReadAction","target":["https:\/\/afpllc2.preprod.cloud0.savencia.net\/fr\/notre-histoire\/"]}]},{"@type":"WebSite","@id":"https:\/\/afpllc2.preprod.cloud0.savencia.net\/fr\/#website","url":"https:\/\/afpllc2.preprod.cloud0.savencia.net\/fr\/","name":"AFP","description":"Innovative Food Solutions.","publisher":{"@id":"https:\/\/afpllc2.preprod.cloud0.savencia.net\/fr\/#organization"},"potentialAction":[{"@type":"SearchAction","target":{"@type":"EntryPoint","urlTemplate":"https:\/\/afpllc2.preprod.cloud0.savencia.net\/fr\/?s={search_term_string}"},"query-input":{"@type":"PropertyValueSpecification","valueRequired":true,"valueName":"search_term_string"}}],"inLanguage":"fr-FR"},{"@type":"Organization","@id":"https:\/\/afpllc2.preprod.cloud0.savencia.net\/fr\/#organization","name":"AFP","url":"https:\/\/afpllc2.preprod.cloud0.savencia.net\/fr\/","logo":{"@type":"ImageObject","inLanguage":"fr-FR","@id":"https:\/\/afpllc2.preprod.cloud0.savencia.net\/fr\/#\/schema\/logo\/image\/","url":"https:\/\/afpllc2.preprod.cloud0.savencia.net\/wp-content\/uploads\/2021\/11\/AFP-logo-color.svg","contentUrl":"https:\/\/afpllc2.preprod.cloud0.savencia.net\/wp-content\/uploads\/2021\/11\/AFP-logo-color.svg","width":60,"height":40,"caption":"AFP"},"image":{"@id":"https:\/\/afpllc2.preprod.cloud0.savencia.net\/fr\/#\/schema\/logo\/image\/"}}]}},"meta_box":{"afp-bs-featured-lp":"","afp-bs-featured-lp-title":"","afp-bs-featured-lp-copy":"","afp-bs-featured-cta-link":"","afp-bs-featured-cta-text":"","afp-bs-featured-lp-subtitle":"","afp-bs-featured-lp-posts":[],"afp-bs-featured-lp-posts-seemore":"","afp-bs-featured-recipes":[],"afp-bs-featured-trends":[],"afp-bs-featured-training-education":[],"afp-bs-featured-packaging-ideas":[],"afp-bs-featured-home-cta-label":"","afp-bs-more-solutions-heading":"","afp-bs-more-solutions-cta-label":"","afp-bs-more-solutions-category-label":"","afp-bs-product-featured-bs":[],"afp-pgchannels-section-title-group":[],"afp-Channels-icon":[],"afp-Channels-page-icon":[],"afp-Channels-channel-headline-group":[],"afp_calc_serving_size":"8","afp_calc_servings_per_day":"400","afp_calc_number_of_units":"3","afp-calculator":[{"afp_calc_storage":"Shelf-stable","afp_calc_shelf_life":"12 months","afp_calc_case":"6 pack","afp_calc_recipes":[{"_state":"expanded"}]}],"afp_calc_lockup":false,"afp_calc_disclaimer":"","location":[],"AFP-Contact-contact_from_shortcode":"","afp-hp-expertise-callout-title-text":"","afp-hp-expertise-callout-title-color":"","afp-hp-expertise-callout-content":"","afp-hp-expertise-callout-content-color":"","afp-hp-expertise-callouts-group":[],"afp-pgexpertise-page-icon":[],"afp-pgexpertise-expertise-headline-group":[],"afp-pgexpertise-expertise-enable-products":"","afp-pgexpertise-products-section":[],"afp-pgexpertise-content-section":[],"afp-pgexpertise-eng-product-group":[],"afp-pgexpertise-eng-productmoreinfo-group":[],"afp-pgexpertise-eng-innercontent-icon":[],"afp-pgexpertise-eng-innercontent-title":"","afp-pgexpertise-eng-innercontent-cta_text":"","afp-pgexpertise-eng-innercontent-cta_url":"","afp-pgexpertise-eng-capabilities-image":[],"afp-pgexpertise-eng-capabilities-title":"","afp-pgexpertise-eng-capabilities-content":"","mfi-mb-hero-enabled":"1","mfi-mb-hero-full-size":"0","mfi-mb-hero-height":"640","mfi-mb-hero-slide-group":[{"mfi-mb-hero-title-text":"Notre histoire","mfi-mb-hero-title-color":"#ffffff","mfi-mb-hero-content":"De vraies personnes. Un vrai succ\u00e8s. Une histoire vraie.","mfi-mb-hero-content-color":"#ffffff","mfi-mb-hero-align-option":"text-left","mfi-mb-hero-product-image-enabled":"1","mfi-mb-hero-product-image-style":"box","mfi-mb-hero-product-primary-bg-color":"#f87036","mfi-mb-hero-product-secondary-bg-color":"#67e1cf","mfi-mb-hero-product-image":["250"],"mfi-mb-hero-product-video-url":"https:\/\/www.youtube.com\/watch?v=jOjT_nXG2DU"}],"afp-gb--callout-icon":[{"width":125,"height":125,"file":"\/callout-contact-us-1.svg","sizes":{"thumbnail":{"width":"360","height":"230","crop":"1","file":"callout-contact-us-1.svg","mime-type":"image\/svg+xml","url":"https:\/\/afpllc2.preprod.cloud0.savencia.net\/wp-content\/uploads\/callout-contact-us-1.svg"},"medium":{"width":"600","height":"600","crop":false,"file":"callout-contact-us-1.svg","mime-type":"image\/svg+xml","url":"https:\/\/afpllc2.preprod.cloud0.savencia.net\/wp-content\/uploads\/callout-contact-us-1.svg"},"medium_large":{"width":"768","height":"0","crop":false,"file":"callout-contact-us-1.svg","mime-type":"image\/svg+xml","url":"https:\/\/afpllc2.preprod.cloud0.savencia.net\/wp-content\/uploads\/callout-contact-us-1.svg"},"large":{"width":"1024","height":"1024","crop":false,"file":"callout-contact-us-1.svg","mime-type":"image\/svg+xml","url":"https:\/\/afpllc2.preprod.cloud0.savencia.net\/wp-content\/uploads\/callout-contact-us-1.svg"},"bs-large-feature":{"width":840,"height":560,"crop":1,"file":"callout-contact-us-1.svg","mime-type":"image\/svg+xml","url":"https:\/\/afpllc2.preprod.cloud0.savencia.net\/wp-content\/uploads\/callout-contact-us-1.svg"},"bs-thumbnail":{"width":390,"height":260,"crop":1,"file":"callout-contact-us-1.svg","mime-type":"image\/svg+xml","url":"https:\/\/afpllc2.preprod.cloud0.savencia.net\/wp-content\/uploads\/callout-contact-us-1.svg"},"bs-more-thumbnail":{"width":355,"height":380,"crop":1,"file":"callout-contact-us-1.svg","mime-type":"image\/svg+xml","url":"https:\/\/afpllc2.preprod.cloud0.savencia.net\/wp-content\/uploads\/callout-contact-us-1.svg"},"1536x1536":{"width":1536,"height":1536,"crop":0,"file":"callout-contact-us-1.svg","mime-type":"image\/svg+xml","url":"https:\/\/afpllc2.preprod.cloud0.savencia.net\/wp-content\/uploads\/callout-contact-us-1.svg"},"2048x2048":{"width":2048,"height":2048,"crop":0,"file":"callout-contact-us-1.svg","mime-type":"image\/svg+xml","url":"https:\/\/afpllc2.preprod.cloud0.savencia.net\/wp-content\/uploads\/callout-contact-us-1.svg"}},"ID":"2341","name":"callout-contact-us-1.svg","path":"\/var\/www\/vhosts\/afpllc2.preprod.cloud0.savencia.net\/httpdocs\/wp-content\/uploads\/callout-contact-us-1.svg","url":"https:\/\/afpllc2.preprod.cloud0.savencia.net\/wp-content\/uploads\/callout-contact-us-1.svg","full_url":"https:\/\/afpllc2.preprod.cloud0.savencia.net\/wp-content\/uploads\/callout-contact-us-1.svg","title":"callout-contact-us","caption":"","description":"","alt":"advanced food products afp contact us","srcset":false}],"afp-gb-afp-gb--contactbar-section-title-text":"","afp-gb-afp-gb--contactbar-section-title-color":"","afp-gb-afp-gb--contactbar-section-cta-group":[],"afp-hp-our-story-callouts-group":[],"afp-li-linkedin-interstitial-enable":"","afp-li-linkedin-interstitial-title-text":"","afp-li-linkedin-interstitial-content":"","afp-li-linkedin-interstitial-cta-text":"","afp-li-linkedin-interstitial-cta-url":"","afp-hp-section-title-group":[],"afp-hp-selected-products":[],"afp_careers_mb_intro_title":"","afp_careers_mb_intro_content":"","afp-no-cta_label":"","afp-no-nav_icon":[],"afp_ourstory_mb_history_title":"History","afp_ourstory_mb_date_group":[{"afp_ourstory_mb_date":"Les ann\u00e9es\u00a02000","afp_ourstory_mb_content":"En 2001, l\u2019entreprise est devenue AFP advanced food products llc avec de r\u00e9els efforts pour rationaliser l\u2019entreprise dans son domaine de sp\u00e9cialit\u00e9, \u00e0 savoir la fabrication de produits \u00e0 faible acidit\u00e9 conditionn\u00e9s aseptiquement, ax\u00e9s sur les sauces au fromage, les puddings et les boissons. Clear Lake, dans le Wisconsin, a offert \u00e0 AFP une opportunit\u00e9 d\u2019usine dans le Nord, avec de multiples investissements en capital apportant une nouvelle technologie de formage-remplissage-scellage et augmentant les capacit\u00e9s de production."},{"afp_ourstory_mb_date":"Les ann\u00e9es 1970-1990","afp_ourstory_mb_content":"\u00c0 partir de 1978, la propri\u00e9t\u00e9 fran\u00e7aise du Groupe Bongrain (aujourd\u2019hui Savencia) permet \u00e0 l\u2019entreprise de se d\u00e9velopper davantage, et diverses lignes de produits et options d\u2019emballage sont introduites, notamment les boissons et les sachets souples. La soci\u00e9t\u00e9 a achet\u00e9 la marque Real\u00a0FreshMD, un leader des produits laitiers de longue conservation, en 1988, et a fusionn\u00e9 avec la marque de pudding Major Smith en 1992. L\u2019usine de Visalia, en Californie, a \u00e9galement \u00e9t\u00e9 ouverte \u00e0 cette \u00e9poque, ce qui a permis d\u2019am\u00e9liorer les capacit\u00e9s de production et l\u2019avantage concurrentiel de la c\u00f4te ouest."},{"afp_ourstory_mb_date":"Les ann\u00e9es\u00a01960","afp_ourstory_mb_content":"Au d\u00e9but des ann\u00e9es 1960, l\u2019entreprise entame sa transition, en investissant dans un syst\u00e8me complet capable de traiter et d\u2019emballer le lait de mani\u00e8re s\u00fbre et efficace. Apr\u00e8s qu\u2019un incendie d\u00e9sastreux ait ras\u00e9 l\u2019usine de Pennsylvanie, une nouvelle usine de fromage a \u00e9t\u00e9 construite et agrandie, et pendant une dizaine d\u2019ann\u00e9es, l\u2019entreprise a capitalis\u00e9 sur les march\u00e9s du fromage blanc et du fromage frais. Les fusions avec Tuxedo Foods Company et East Smithfield Farms ont chang\u00e9 la dynamique de l\u2019entreprise laiti\u00e8re en pleine croissance, tout comme l\u2019int\u00e9r\u00eat \u00e9mergent du public pour les puddings en conserve et les produits de longue conservation."},{"afp_ourstory_mb_date":"Les ann\u00e9es\u00a01940","afp_ourstory_mb_content":"Lanc\u00e9e en 1940 comme fabricant de produits laitiers dans le comt\u00e9 de Lancaster, en Pennsylvanie, et appel\u00e9e \u00e0 l\u2019origine Zausner Foods Corporation, AFP a r\u00e9volutionn\u00e9 ses capacit\u00e9s en tant qu\u2019entreprise de produits laitiers en 1951 lorsqu\u2019elle a commenc\u00e9 \u00e0 utiliser la technologie aseptique de pointe \u00e0 faible teneur en acide."}],"afp_ourstory_mb_csr_content":"<h2>Responsabilit\u00e9 sociale de l\u2019entreprise<\/h2>\n<p>AFP \u00e9value et am\u00e9liore en permanence ses processus pour fournir \u00e0 ses clients des produits de qualit\u00e9 constante, tout en respectant ses engagements en mati\u00e8re de r\u00e9duction de l\u2019empreinte environnementale et d\u2019impact positif sur les communaut\u00e9s au sein desquelles elle op\u00e8re. En tant qu\u2019entreprise, nous avons fix\u00e9 des objectifs ambitieux de r\u00e9duction des \u00e9missions de carbone et de la consommation d\u2019eau, conform\u00e9ment \u00e0 l\u2019initiative Science Based Targets. Nous cherchons constamment des moyens de r\u00e9duire nos d\u00e9chets et d\u2019accro\u00eetre la recyclabilit\u00e9 des emballages de nos produits. Gr\u00e2ce \u00e0 notre engagement en faveur de la s\u00e9curit\u00e9 et de la sensibilisation des communaut\u00e9s, nous nous effor\u00e7ons d\u2019avoir un impact social positif sur les communaut\u00e9s dans lesquelles nous vivons et travaillons.<\/p>\n<p><img class=\"aligncenter wp-image-254 size-full\" src=\"https:\/\/afpllc2.preprod.cloud0.savencia.net\/wp-content\/uploads\/2021\/11\/csr-image.png\" alt=\"\" width=\"774\" height=\"468\" \/><\/p>\n<h2>Oxyg\u00e8ne<\/h2>\n<p>La bonne gestion va jusqu\u2019\u00e0 notre soci\u00e9t\u00e9 m\u00e8re, Savencia Fromage &amp; Dairy. Elle s\u2019engage pour un monde durable, \u00e9thique et solidaire. L\u2019objectif de Savencia est de cr\u00e9er une meilleure alimentation au service du bien commun et se mobilise pour le d\u00e9veloppement durable autour de sa vocation \u00ab\u00a0Ouvrir la voie \u00e0 une meilleure alimentation\u00a0\u00bb. Les initiatives consistent \u00e0 proposer une alimentation saine, d\u00e9licieuse et responsable. Favoriser le bien-\u00eatre et la solidarit\u00e9 des employ\u00e9s. D\u00e9velopper une agriculture durable. Et r\u00e9duire notre empreinte environnementale.<\/p>\n<p><a class=\"button button-sm\" href=\"https:\/\/www.savencia-fromagedairy.com\/en\/oxygen\/\" target=\"_blank\" rel=\"noopener\">En savoir plus<\/a><\/p>\n","afp_ourstory_mb_sustainability_title":"Durabilit\u00e9","afp_ourstory_mb_sustainability_group":[{"afp_ourstory_mb_sustainability_label":"Mat\u00e9riaux sans BPA","afp_ourstory_mb_sustainability_icon":["263"]},{"afp_ourstory_mb_sustainability_label":"Augmenter les achats de mat\u00e9riaux recycl\u00e9s pour les supports d\u2019emballage n\u00b0\u00a01 et n\u00b0\u00a02","afp_ourstory_mb_sustainability_icon":["267"]},{"afp_ourstory_mb_sustainability_label":"Le carton ondul\u00e9 provenant de nos activit\u00e9s est compact et recycl\u00e9","afp_ourstory_mb_sustainability_icon":["283"]},{"afp_ourstory_mb_sustainability_label":"Le carton est fabriqu\u00e9 \u00e0 partir de mat\u00e9riaux 100\u00a0% recycl\u00e9s","afp_ourstory_mb_sustainability_icon":["275"]},{"afp_ourstory_mb_sustainability_label":"Le carton ondul\u00e9 est fabriqu\u00e9 \u00e0 partir de mat\u00e9riaux 47\u00a0% recycl\u00e9s","afp_ourstory_mb_sustainability_icon":["279"]},{"afp_ourstory_mb_sustainability_label":"Emballages 100\u00a0% recyclables ou biod\u00e9gradables pour les produits de marque d\u2019ici 2025","afp_ourstory_mb_sustainability_icon":["283"]},{"afp_ourstory_mb_sustainability_label":"Responsabilit\u00e9 sociale globale de l\u2019entreprise, Plantation de 7\u00a0500\u00a0arbres en 2019","afp_ourstory_mb_sustainability_icon":["287"]},{"afp_ourstory_mb_sustainability_label":"Am\u00e9liorations continues en mati\u00e8re de durabilit\u00e9, acier 100\u00a0% recyclable","afp_ourstory_mb_sustainability_icon":["283"]}],"afp-pgproducts-category-heading-enabled":"","afp-pgproducts-category-heading-content":"","afp-pgproducts-category-heading-image":[],"afp-pgproducts-category-heading-cta":[],"afp-pgproducts-category-multicta-group":[],"afp-pgproducts-aseptic-rows-group":[],"winning_ltos":[],"sc_scam_title":"","sc_scam_content":"","infographic_headline":"","infographic_content":"","icons":[],"video_benefits":[],"facts_headline":"","facts_copy":"","facts_image":false,"facts_infographic":[],"lets_talk_headline":"","lets_talk_copy":"","lets_talk_icon":false,"bs_posts":[],"afp-bs-featured-categories":[],"mfi_pb_product_image":false,"mfi_pb_content":"","mfi_pb_cta":"","mfi_pb_cta_url":"","mfi_pb_products":[],"mfi_pb_stats_content":[],"mfi_pb_bar_title":"","mfi_pb_bar_content":"","mfi_pb_graph_image":false,"mfi_pb_more_info":"","mfi_pb_source":""},"_links":{"self":[{"href":"https:\/\/afpllc2.preprod.cloud0.savencia.net\/fr\/wp-json\/wp\/v2\/pages\/1880","targetHints":{"allow":["GET"]}}],"collection":[{"href":"https:\/\/afpllc2.preprod.cloud0.savencia.net\/fr\/wp-json\/wp\/v2\/pages"}],"about":[{"href":"https:\/\/afpllc2.preprod.cloud0.savencia.net\/fr\/wp-json\/wp\/v2\/types\/page"}],"author":[{"embeddable":true,"href":"https:\/\/afpllc2.preprod.cloud0.savencia.net\/fr\/wp-json\/wp\/v2\/users\/1"}],"replies":[{"embeddable":true,"href":"https:\/\/afpllc2.preprod.cloud0.savencia.net\/fr\/wp-json\/wp\/v2\/comments?post=1880"}],"version-history":[{"count":1,"href":"https:\/\/afpllc2.preprod.cloud0.savencia.net\/fr\/wp-json\/wp\/v2\/pages\/1880\/revisions"}],"predecessor-version":[{"id":1881,"href":"https:\/\/afpllc2.preprod.cloud0.savencia.net\/fr\/wp-json\/wp\/v2\/pages\/1880\/revisions\/1881"}],"wp:attachment":[{"href":"https:\/\/afpllc2.preprod.cloud0.savencia.net\/fr\/wp-json\/wp\/v2\/media?parent=1880"}],"curies":[{"name":"wp","href":"https:\/\/api.w.org\/{rel}","templated":true}]}}