{"id":1848,"date":"2021-12-06T11:28:35","date_gmt":"2021-12-06T16:28:35","guid":{"rendered":"https:\/\/afpllc2.preprod.cloud0.savencia.net\/chaines\/retail-private-label\/"},"modified":"2022-01-13T12:30:44","modified_gmt":"2022-01-13T17:30:44","slug":"vente-au-detail-marque-privee","status":"publish","type":"page","link":"https:\/\/afpllc2.preprod.cloud0.savencia.net\/fr\/chaines\/vente-au-detail-marque-privee\/","title":{"rendered":"Vente au d\u00e9tail\/Marque priv\u00e9e"},"content":{"rendered":"","protected":false},"excerpt":{"rendered":"<p>Lorsqu\u2019il s\u2019agit de votre marque de d\u00e9tail en rayon, nous vous proposons des articles innovants et de qualit\u00e9 \u00e9quivalente \u00e0 celle des marques nationales.<\/p>\n","protected":false},"author":1,"featured_media":0,"parent":1840,"menu_order":97,"comment_status":"closed","ping_status":"closed","template":"page-channel.php","meta":{"footnotes":""},"class_list":["post-1848","page","type-page","status-publish","hentry"],"yoast_head":"<!-- This site is optimized with the Yoast SEO plugin v27.4 - https:\/\/yoast.com\/product\/yoast-seo-wordpress\/ -->\n<title>Vente au d\u00e9tail\/Marque priv\u00e9e - AFP<\/title>\n<meta name=\"robots\" content=\"noindex, follow, max-snippet:-1, max-image-preview:large, max-video-preview:-1\" \/>\n<meta property=\"og:locale\" content=\"fr_FR\" \/>\n<meta property=\"og:type\" content=\"article\" \/>\n<meta property=\"og:title\" content=\"Vente au d\u00e9tail\/Marque priv\u00e9e - AFP\" \/>\n<meta property=\"og:description\" content=\"Lorsqu\u2019il s\u2019agit de votre marque de d\u00e9tail en rayon, nous vous proposons des articles innovants et de qualit\u00e9 \u00e9quivalente \u00e0 celle des marques nationales.\" \/>\n<meta property=\"og:url\" content=\"https:\/\/afpllc2.preprod.cloud0.savencia.net\/fr\/chaines\/vente-au-detail-marque-privee\/\" \/>\n<meta property=\"og:site_name\" content=\"AFP\" \/>\n<meta property=\"article:modified_time\" content=\"2022-01-13T17:30:44+00:00\" \/>\n<meta name=\"twitter:card\" content=\"summary_large_image\" \/>\n<script type=\"application\/ld+json\" class=\"yoast-schema-graph\">{\"@context\":\"https:\\\/\\\/schema.org\",\"@graph\":[{\"@type\":\"WebPage\",\"@id\":\"https:\\\/\\\/afpllc2.preprod.cloud0.savencia.net\\\/fr\\\/chaines\\\/vente-au-detail-marque-privee\\\/\",\"url\":\"https:\\\/\\\/afpllc2.preprod.cloud0.savencia.net\\\/fr\\\/chaines\\\/vente-au-detail-marque-privee\\\/\",\"name\":\"Vente au d\u00e9tail\\\/Marque priv\u00e9e - AFP\",\"isPartOf\":{\"@id\":\"https:\\\/\\\/afpllc2.preprod.cloud0.savencia.net\\\/fr\\\/#website\"},\"datePublished\":\"2021-12-06T16:28:35+00:00\",\"dateModified\":\"2022-01-13T17:30:44+00:00\",\"breadcrumb\":{\"@id\":\"https:\\\/\\\/afpllc2.preprod.cloud0.savencia.net\\\/fr\\\/chaines\\\/vente-au-detail-marque-privee\\\/#breadcrumb\"},\"inLanguage\":\"fr-FR\",\"potentialAction\":[{\"@type\":\"ReadAction\",\"target\":[\"https:\\\/\\\/afpllc2.preprod.cloud0.savencia.net\\\/fr\\\/chaines\\\/vente-au-detail-marque-privee\\\/\"]}]},{\"@type\":\"BreadcrumbList\",\"@id\":\"https:\\\/\\\/afpllc2.preprod.cloud0.savencia.net\\\/fr\\\/chaines\\\/vente-au-detail-marque-privee\\\/#breadcrumb\",\"itemListElement\":[{\"@type\":\"ListItem\",\"position\":1,\"name\":\"Cha\u00eenes\",\"item\":\"https:\\\/\\\/afpllc2.preprod.cloud0.savencia.net\\\/fr\\\/chaines\\\/\"},{\"@type\":\"ListItem\",\"position\":2,\"name\":\"Vente au d\u00e9tail\\\/Marque priv\u00e9e\"}]},{\"@type\":\"WebSite\",\"@id\":\"https:\\\/\\\/afpllc2.preprod.cloud0.savencia.net\\\/fr\\\/#website\",\"url\":\"https:\\\/\\\/afpllc2.preprod.cloud0.savencia.net\\\/fr\\\/\",\"name\":\"AFP\",\"description\":\"Innovative Food Solutions.\",\"publisher\":{\"@id\":\"https:\\\/\\\/afpllc2.preprod.cloud0.savencia.net\\\/fr\\\/#organization\"},\"potentialAction\":[{\"@type\":\"SearchAction\",\"target\":{\"@type\":\"EntryPoint\",\"urlTemplate\":\"https:\\\/\\\/afpllc2.preprod.cloud0.savencia.net\\\/fr\\\/?s={search_term_string}\"},\"query-input\":{\"@type\":\"PropertyValueSpecification\",\"valueRequired\":true,\"valueName\":\"search_term_string\"}}],\"inLanguage\":\"fr-FR\"},{\"@type\":\"Organization\",\"@id\":\"https:\\\/\\\/afpllc2.preprod.cloud0.savencia.net\\\/fr\\\/#organization\",\"name\":\"AFP\",\"url\":\"https:\\\/\\\/afpllc2.preprod.cloud0.savencia.net\\\/fr\\\/\",\"logo\":{\"@type\":\"ImageObject\",\"inLanguage\":\"fr-FR\",\"@id\":\"https:\\\/\\\/afpllc2.preprod.cloud0.savencia.net\\\/fr\\\/#\\\/schema\\\/logo\\\/image\\\/\",\"url\":\"https:\\\/\\\/afpllc2.preprod.cloud0.savencia.net\\\/wp-content\\\/uploads\\\/2021\\\/11\\\/AFP-logo-color.svg\",\"contentUrl\":\"https:\\\/\\\/afpllc2.preprod.cloud0.savencia.net\\\/wp-content\\\/uploads\\\/2021\\\/11\\\/AFP-logo-color.svg\",\"width\":60,\"height\":40,\"caption\":\"AFP\"},\"image\":{\"@id\":\"https:\\\/\\\/afpllc2.preprod.cloud0.savencia.net\\\/fr\\\/#\\\/schema\\\/logo\\\/image\\\/\"}}]}<\/script>\n<!-- \/ Yoast SEO plugin. -->","yoast_head_json":{"title":"Vente au d\u00e9tail\/Marque priv\u00e9e - AFP","robots":{"index":"noindex","follow":"follow","max-snippet":"max-snippet:-1","max-image-preview":"max-image-preview:large","max-video-preview":"max-video-preview:-1"},"og_locale":"fr_FR","og_type":"article","og_title":"Vente au d\u00e9tail\/Marque priv\u00e9e - AFP","og_description":"Lorsqu\u2019il s\u2019agit de votre marque de d\u00e9tail en rayon, nous vous proposons des articles innovants et de qualit\u00e9 \u00e9quivalente \u00e0 celle des marques nationales.","og_url":"https:\/\/afpllc2.preprod.cloud0.savencia.net\/fr\/chaines\/vente-au-detail-marque-privee\/","og_site_name":"AFP","article_modified_time":"2022-01-13T17:30:44+00:00","twitter_card":"summary_large_image","schema":{"@context":"https:\/\/schema.org","@graph":[{"@type":"WebPage","@id":"https:\/\/afpllc2.preprod.cloud0.savencia.net\/fr\/chaines\/vente-au-detail-marque-privee\/","url":"https:\/\/afpllc2.preprod.cloud0.savencia.net\/fr\/chaines\/vente-au-detail-marque-privee\/","name":"Vente au d\u00e9tail\/Marque priv\u00e9e - AFP","isPartOf":{"@id":"https:\/\/afpllc2.preprod.cloud0.savencia.net\/fr\/#website"},"datePublished":"2021-12-06T16:28:35+00:00","dateModified":"2022-01-13T17:30:44+00:00","breadcrumb":{"@id":"https:\/\/afpllc2.preprod.cloud0.savencia.net\/fr\/chaines\/vente-au-detail-marque-privee\/#breadcrumb"},"inLanguage":"fr-FR","potentialAction":[{"@type":"ReadAction","target":["https:\/\/afpllc2.preprod.cloud0.savencia.net\/fr\/chaines\/vente-au-detail-marque-privee\/"]}]},{"@type":"BreadcrumbList","@id":"https:\/\/afpllc2.preprod.cloud0.savencia.net\/fr\/chaines\/vente-au-detail-marque-privee\/#breadcrumb","itemListElement":[{"@type":"ListItem","position":1,"name":"Cha\u00eenes","item":"https:\/\/afpllc2.preprod.cloud0.savencia.net\/fr\/chaines\/"},{"@type":"ListItem","position":2,"name":"Vente au d\u00e9tail\/Marque priv\u00e9e"}]},{"@type":"WebSite","@id":"https:\/\/afpllc2.preprod.cloud0.savencia.net\/fr\/#website","url":"https:\/\/afpllc2.preprod.cloud0.savencia.net\/fr\/","name":"AFP","description":"Innovative Food Solutions.","publisher":{"@id":"https:\/\/afpllc2.preprod.cloud0.savencia.net\/fr\/#organization"},"potentialAction":[{"@type":"SearchAction","target":{"@type":"EntryPoint","urlTemplate":"https:\/\/afpllc2.preprod.cloud0.savencia.net\/fr\/?s={search_term_string}"},"query-input":{"@type":"PropertyValueSpecification","valueRequired":true,"valueName":"search_term_string"}}],"inLanguage":"fr-FR"},{"@type":"Organization","@id":"https:\/\/afpllc2.preprod.cloud0.savencia.net\/fr\/#organization","name":"AFP","url":"https:\/\/afpllc2.preprod.cloud0.savencia.net\/fr\/","logo":{"@type":"ImageObject","inLanguage":"fr-FR","@id":"https:\/\/afpllc2.preprod.cloud0.savencia.net\/fr\/#\/schema\/logo\/image\/","url":"https:\/\/afpllc2.preprod.cloud0.savencia.net\/wp-content\/uploads\/2021\/11\/AFP-logo-color.svg","contentUrl":"https:\/\/afpllc2.preprod.cloud0.savencia.net\/wp-content\/uploads\/2021\/11\/AFP-logo-color.svg","width":60,"height":40,"caption":"AFP"},"image":{"@id":"https:\/\/afpllc2.preprod.cloud0.savencia.net\/fr\/#\/schema\/logo\/image\/"}}]}},"meta_box":{"afp-bs-featured-lp":"","afp-bs-featured-lp-title":"","afp-bs-featured-lp-copy":"","afp-bs-featured-cta-link":"","afp-bs-featured-cta-text":"","afp-bs-featured-lp-subtitle":"","afp-bs-featured-lp-posts":[],"afp-bs-featured-lp-posts-seemore":"","afp-bs-featured-recipes":[],"afp-bs-featured-trends":[],"afp-bs-featured-training-education":[],"afp-bs-featured-packaging-ideas":[],"afp-bs-featured-home-cta-label":"","afp-bs-more-solutions-heading":"","afp-bs-more-solutions-cta-label":"","afp-bs-more-solutions-category-label":"","afp-bs-product-featured-bs":[],"afp-pgchannels-section-title-group":[],"afp-Channels-icon":[{"width":100,"height":100,"file":"\/channel-retail-color-ready.svg","sizes":{"thumbnail":{"width":"360","height":"230","crop":"1","file":"channel-retail-color-ready.svg","mime-type":"image\/svg+xml","url":"https:\/\/afpllc2.preprod.cloud0.savencia.net\/wp-content\/uploads\/channel-retail-color-ready.svg"},"medium":{"width":"600","height":"600","crop":false,"file":"channel-retail-color-ready.svg","mime-type":"image\/svg+xml","url":"https:\/\/afpllc2.preprod.cloud0.savencia.net\/wp-content\/uploads\/channel-retail-color-ready.svg"},"medium_large":{"width":"768","height":"0","crop":false,"file":"channel-retail-color-ready.svg","mime-type":"image\/svg+xml","url":"https:\/\/afpllc2.preprod.cloud0.savencia.net\/wp-content\/uploads\/channel-retail-color-ready.svg"},"large":{"width":"1024","height":"1024","crop":false,"file":"channel-retail-color-ready.svg","mime-type":"image\/svg+xml","url":"https:\/\/afpllc2.preprod.cloud0.savencia.net\/wp-content\/uploads\/channel-retail-color-ready.svg"},"bs-large-feature":{"width":840,"height":560,"crop":1,"file":"channel-retail-color-ready.svg","mime-type":"image\/svg+xml","url":"https:\/\/afpllc2.preprod.cloud0.savencia.net\/wp-content\/uploads\/channel-retail-color-ready.svg"},"bs-thumbnail":{"width":390,"height":260,"crop":1,"file":"channel-retail-color-ready.svg","mime-type":"image\/svg+xml","url":"https:\/\/afpllc2.preprod.cloud0.savencia.net\/wp-content\/uploads\/channel-retail-color-ready.svg"},"bs-more-thumbnail":{"width":355,"height":380,"crop":1,"file":"channel-retail-color-ready.svg","mime-type":"image\/svg+xml","url":"https:\/\/afpllc2.preprod.cloud0.savencia.net\/wp-content\/uploads\/channel-retail-color-ready.svg"},"1536x1536":{"width":1536,"height":1536,"crop":0,"file":"channel-retail-color-ready.svg","mime-type":"image\/svg+xml","url":"https:\/\/afpllc2.preprod.cloud0.savencia.net\/wp-content\/uploads\/channel-retail-color-ready.svg"},"2048x2048":{"width":2048,"height":2048,"crop":0,"file":"channel-retail-color-ready.svg","mime-type":"image\/svg+xml","url":"https:\/\/afpllc2.preprod.cloud0.savencia.net\/wp-content\/uploads\/channel-retail-color-ready.svg"}},"ID":"2414","name":"channel-retail-color-ready.svg","path":"\/var\/www\/vhosts\/afpllc2.preprod.cloud0.savencia.net\/httpdocs\/wp-content\/uploads\/channel-retail-color-ready.svg","url":"https:\/\/afpllc2.preprod.cloud0.savencia.net\/wp-content\/uploads\/channel-retail-color-ready.svg","full_url":"https:\/\/afpllc2.preprod.cloud0.savencia.net\/wp-content\/uploads\/channel-retail-color-ready.svg","title":"channel-retail-color-ready","caption":"","description":"","alt":"advanced food products retail icon","srcset":false}],"afp-Channels-page-icon":[{"width":125,"height":125,"file":"\/channel-hero-icon-retail.svg","sizes":{"thumbnail":{"width":"150","height":"150","crop":"1","file":"channel-hero-icon-retail.svg","mime-type":"image\/svg+xml","url":"https:\/\/afpllc2.preprod.cloud0.savencia.net\/wp-content\/uploads\/channel-hero-icon-retail.svg"},"medium":{"width":"300","height":"300","crop":false,"file":"channel-hero-icon-retail.svg","mime-type":"image\/svg+xml","url":"https:\/\/afpllc2.preprod.cloud0.savencia.net\/wp-content\/uploads\/channel-hero-icon-retail.svg"},"medium_large":{"width":"768","height":"0","crop":false,"file":"channel-hero-icon-retail.svg","mime-type":"image\/svg+xml","url":"https:\/\/afpllc2.preprod.cloud0.savencia.net\/wp-content\/uploads\/channel-hero-icon-retail.svg"},"large":{"width":"1024","height":"1024","crop":false,"file":"channel-hero-icon-retail.svg","mime-type":"image\/svg+xml","url":"https:\/\/afpllc2.preprod.cloud0.savencia.net\/wp-content\/uploads\/channel-hero-icon-retail.svg"},"1536x1536":{"width":1536,"height":1536,"crop":0,"file":"channel-hero-icon-retail.svg","mime-type":"image\/svg+xml","url":"https:\/\/afpllc2.preprod.cloud0.savencia.net\/wp-content\/uploads\/channel-hero-icon-retail.svg"},"2048x2048":{"width":2048,"height":2048,"crop":0,"file":"channel-hero-icon-retail.svg","mime-type":"image\/svg+xml","url":"https:\/\/afpllc2.preprod.cloud0.savencia.net\/wp-content\/uploads\/channel-hero-icon-retail.svg"}},"ID":"414","name":"channel-hero-icon-retail.svg","path":"\/var\/www\/vhosts\/afpllc2.preprod.cloud0.savencia.net\/httpdocs\/wp-content\/uploads\/channel-hero-icon-retail.svg","url":"https:\/\/afpllc2.preprod.cloud0.savencia.net\/wp-content\/uploads\/channel-hero-icon-retail.svg","full_url":"https:\/\/afpllc2.preprod.cloud0.savencia.net\/wp-content\/uploads\/channel-hero-icon-retail.svg","title":"channel-hero-icon-retail","caption":"","description":"","alt":"retail icon logo afp","srcset":false}],"afp-Channels-channel-headline-group":[{"afp-Channels-channel-title-text":"Partenariat pour le succ\u00e8s en rayon","afp-Channels-channel-content":"Sauce au fromage. Puddings. Trempettes. L\u2019\u00e9quivalent d\u2019une marque nationale. Ou solutions innovantes. Chez AFP, nous nous engageons \u00e0 \u00eatre en retrait et \u00e0 aider votre marque \u00e0 briller. \r\n<br><br>\r\nNotre activit\u00e9 de marque de distributeur suit les normes approuv\u00e9es par la FDA en mati\u00e8re d\u2019emballage aseptique \u00e0 faible teneur en acide et de qualit\u00e9 des ar\u00f4mes. Nous d\u00e9veloppons des formules avec des affirmations cl\u00e9s telles que r\u00e9duit en sodium, riche en prot\u00e9ines, sans graisse, casher et plus encore.\r\n"}],"afp_calc_serving_size":"","afp_calc_servings_per_day":"","afp_calc_number_of_units":"","afp-calculator":[],"afp_calc_lockup":false,"afp_calc_disclaimer":"","location":[],"AFP-Contact-contact_from_shortcode":"","afp-hp-expertise-callout-title-text":"","afp-hp-expertise-callout-title-color":"","afp-hp-expertise-callout-content":"","afp-hp-expertise-callout-content-color":"","afp-hp-expertise-callouts-group":[],"afp-pgexpertise-page-icon":[],"afp-pgexpertise-expertise-headline-group":[],"afp-pgexpertise-expertise-enable-products":"","afp-pgexpertise-products-section":[],"afp-pgexpertise-content-section":[],"afp-pgexpertise-eng-product-group":[],"afp-pgexpertise-eng-productmoreinfo-group":[],"afp-pgexpertise-eng-innercontent-icon":[],"afp-pgexpertise-eng-innercontent-title":"","afp-pgexpertise-eng-innercontent-cta_text":"","afp-pgexpertise-eng-innercontent-cta_url":"","afp-pgexpertise-eng-capabilities-image":[],"afp-pgexpertise-eng-capabilities-title":"","afp-pgexpertise-eng-capabilities-content":"","mfi-mb-hero-enabled":"1","mfi-mb-hero-full-size":"0","mfi-mb-hero-height":"640","mfi-mb-hero-slide-group":[{"mfi-mb-hero-title-text":"Vente au d\u00e9tail\/Marque priv\u00e9e","mfi-mb-hero-content":"Partenariat pour le succ\u00e8s en rayon.","mfi-mb-hero-align-option":"text-left","mfi-mb-hero-product-image-enabled":"1","mfi-mb-hero-product-image-style":"slice","mfi-mb-hero-product-primary-bg-color":"#67e1cf","mfi-mb-hero-product-image":["647"]}],"afp-gb--callout-icon":[{"width":125,"height":125,"file":"\/callout-contact-us-1.svg","sizes":{"thumbnail":{"width":"360","height":"230","crop":"1","file":"callout-contact-us-1.svg","mime-type":"image\/svg+xml","url":"https:\/\/afpllc2.preprod.cloud0.savencia.net\/wp-content\/uploads\/callout-contact-us-1.svg"},"medium":{"width":"600","height":"600","crop":false,"file":"callout-contact-us-1.svg","mime-type":"image\/svg+xml","url":"https:\/\/afpllc2.preprod.cloud0.savencia.net\/wp-content\/uploads\/callout-contact-us-1.svg"},"medium_large":{"width":"768","height":"0","crop":false,"file":"callout-contact-us-1.svg","mime-type":"image\/svg+xml","url":"https:\/\/afpllc2.preprod.cloud0.savencia.net\/wp-content\/uploads\/callout-contact-us-1.svg"},"large":{"width":"1024","height":"1024","crop":false,"file":"callout-contact-us-1.svg","mime-type":"image\/svg+xml","url":"https:\/\/afpllc2.preprod.cloud0.savencia.net\/wp-content\/uploads\/callout-contact-us-1.svg"},"bs-large-feature":{"width":840,"height":560,"crop":1,"file":"callout-contact-us-1.svg","mime-type":"image\/svg+xml","url":"https:\/\/afpllc2.preprod.cloud0.savencia.net\/wp-content\/uploads\/callout-contact-us-1.svg"},"bs-thumbnail":{"width":390,"height":260,"crop":1,"file":"callout-contact-us-1.svg","mime-type":"image\/svg+xml","url":"https:\/\/afpllc2.preprod.cloud0.savencia.net\/wp-content\/uploads\/callout-contact-us-1.svg"},"bs-more-thumbnail":{"width":355,"height":380,"crop":1,"file":"callout-contact-us-1.svg","mime-type":"image\/svg+xml","url":"https:\/\/afpllc2.preprod.cloud0.savencia.net\/wp-content\/uploads\/callout-contact-us-1.svg"},"1536x1536":{"width":1536,"height":1536,"crop":0,"file":"callout-contact-us-1.svg","mime-type":"image\/svg+xml","url":"https:\/\/afpllc2.preprod.cloud0.savencia.net\/wp-content\/uploads\/callout-contact-us-1.svg"},"2048x2048":{"width":2048,"height":2048,"crop":0,"file":"callout-contact-us-1.svg","mime-type":"image\/svg+xml","url":"https:\/\/afpllc2.preprod.cloud0.savencia.net\/wp-content\/uploads\/callout-contact-us-1.svg"}},"ID":"2341","name":"callout-contact-us-1.svg","path":"\/var\/www\/vhosts\/afpllc2.preprod.cloud0.savencia.net\/httpdocs\/wp-content\/uploads\/callout-contact-us-1.svg","url":"https:\/\/afpllc2.preprod.cloud0.savencia.net\/wp-content\/uploads\/callout-contact-us-1.svg","full_url":"https:\/\/afpllc2.preprod.cloud0.savencia.net\/wp-content\/uploads\/callout-contact-us-1.svg","title":"callout-contact-us","caption":"","description":"","alt":"advanced food products afp contact us","srcset":false}],"afp-gb-afp-gb--contactbar-section-title-text":"","afp-gb-afp-gb--contactbar-section-title-color":"","afp-gb-afp-gb--contactbar-section-cta-group":[],"afp-hp-our-story-callouts-group":[],"afp-li-linkedin-interstitial-enable":"","afp-li-linkedin-interstitial-title-text":"","afp-li-linkedin-interstitial-content":"","afp-li-linkedin-interstitial-cta-text":"","afp-li-linkedin-interstitial-cta-url":"","afp-hp-section-title-group":[],"afp-hp-selected-products":[],"afp_careers_mb_intro_title":"","afp_careers_mb_intro_content":"","afp-no-cta_label":"","afp-no-nav_icon":[{"width":100,"height":100,"file":"\/channel-retail-1.svg","sizes":{"thumbnail":{"width":"150","height":"150","crop":"1","file":"channel-retail-1.svg","mime-type":"image\/svg+xml","url":"https:\/\/afpllc2.preprod.cloud0.savencia.net\/wp-content\/uploads\/channel-retail-1.svg"},"medium":{"width":"300","height":"300","crop":false,"file":"channel-retail-1.svg","mime-type":"image\/svg+xml","url":"https:\/\/afpllc2.preprod.cloud0.savencia.net\/wp-content\/uploads\/channel-retail-1.svg"},"medium_large":{"width":"768","height":"0","crop":false,"file":"channel-retail-1.svg","mime-type":"image\/svg+xml","url":"https:\/\/afpllc2.preprod.cloud0.savencia.net\/wp-content\/uploads\/channel-retail-1.svg"},"large":{"width":"1024","height":"1024","crop":false,"file":"channel-retail-1.svg","mime-type":"image\/svg+xml","url":"https:\/\/afpllc2.preprod.cloud0.savencia.net\/wp-content\/uploads\/channel-retail-1.svg"},"1536x1536":{"width":1536,"height":1536,"crop":0,"file":"channel-retail-1.svg","mime-type":"image\/svg+xml","url":"https:\/\/afpllc2.preprod.cloud0.savencia.net\/wp-content\/uploads\/channel-retail-1.svg"},"2048x2048":{"width":2048,"height":2048,"crop":0,"file":"channel-retail-1.svg","mime-type":"image\/svg+xml","url":"https:\/\/afpllc2.preprod.cloud0.savencia.net\/wp-content\/uploads\/channel-retail-1.svg"}},"ID":"461","name":"channel-retail-1.svg","path":"\/var\/www\/vhosts\/afpllc2.preprod.cloud0.savencia.net\/httpdocs\/wp-content\/uploads\/channel-retail-1.svg","url":"https:\/\/afpllc2.preprod.cloud0.savencia.net\/wp-content\/uploads\/channel-retail-1.svg","full_url":"https:\/\/afpllc2.preprod.cloud0.savencia.net\/wp-content\/uploads\/channel-retail-1.svg","title":"channel-retail","caption":"","description":"","alt":"retail channel advanced food products","srcset":false}],"afp_ourstory_mb_history_title":"","afp_ourstory_mb_date_group":[],"afp_ourstory_mb_csr_content":"","afp_ourstory_mb_sustainability_title":"","afp_ourstory_mb_sustainability_group":[],"afp-pgproducts-category-heading-enabled":"","afp-pgproducts-category-heading-content":"","afp-pgproducts-category-heading-image":[],"afp-pgproducts-category-heading-cta":[],"afp-pgproducts-category-multicta-group":[],"afp-pgproducts-aseptic-rows-group":[],"winning_ltos":[],"sc_scam_title":"","sc_scam_content":"","infographic_headline":"","infographic_content":"","icons":[],"video_benefits":[],"facts_headline":"","facts_copy":"","facts_image":false,"facts_infographic":[],"lets_talk_headline":"","lets_talk_copy":"","lets_talk_icon":false,"bs_posts":[],"afp-bs-featured-categories":[],"mfi_pb_product_image":false,"mfi_pb_content":"","mfi_pb_cta":"","mfi_pb_cta_url":"","mfi_pb_products":[],"mfi_pb_stats_content":[],"mfi_pb_bar_title":"","mfi_pb_bar_content":"","mfi_pb_graph_image":false,"mfi_pb_more_info":"","mfi_pb_source":""},"_links":{"self":[{"href":"https:\/\/afpllc2.preprod.cloud0.savencia.net\/fr\/wp-json\/wp\/v2\/pages\/1848","targetHints":{"allow":["GET"]}}],"collection":[{"href":"https:\/\/afpllc2.preprod.cloud0.savencia.net\/fr\/wp-json\/wp\/v2\/pages"}],"about":[{"href":"https:\/\/afpllc2.preprod.cloud0.savencia.net\/fr\/wp-json\/wp\/v2\/types\/page"}],"author":[{"embeddable":true,"href":"https:\/\/afpllc2.preprod.cloud0.savencia.net\/fr\/wp-json\/wp\/v2\/users\/1"}],"replies":[{"embeddable":true,"href":"https:\/\/afpllc2.preprod.cloud0.savencia.net\/fr\/wp-json\/wp\/v2\/comments?post=1848"}],"version-history":[{"count":1,"href":"https:\/\/afpllc2.preprod.cloud0.savencia.net\/fr\/wp-json\/wp\/v2\/pages\/1848\/revisions"}],"predecessor-version":[{"id":1849,"href":"https:\/\/afpllc2.preprod.cloud0.savencia.net\/fr\/wp-json\/wp\/v2\/pages\/1848\/revisions\/1849"}],"up":[{"embeddable":true,"href":"https:\/\/afpllc2.preprod.cloud0.savencia.net\/fr\/wp-json\/wp\/v2\/pages\/1840"}],"wp:attachment":[{"href":"https:\/\/afpllc2.preprod.cloud0.savencia.net\/fr\/wp-json\/wp\/v2\/media?parent=1848"}],"curies":[{"name":"wp","href":"https:\/\/api.w.org\/{rel}","templated":true}]}}