{"id":1836,"date":"2021-12-16T11:29:48","date_gmt":"2021-12-16T16:29:48","guid":{"rendered":"https:\/\/afpllc2.preprod.cloud0.savencia.net\/expertise\/lean-manufacturing\/"},"modified":"2022-01-26T13:25:08","modified_gmt":"2022-01-26T18:25:08","slug":"fabrication-sans-gaspillage","status":"publish","type":"page","link":"https:\/\/afpllc2.preprod.cloud0.savencia.net\/fr\/expertise-fr\/fabrication-sans-gaspillage\/","title":{"rendered":"Fabrication sans gaspillage"},"content":{"rendered":"","protected":false},"excerpt":{"rendered":"","protected":false},"author":1,"featured_media":1060,"parent":1820,"menu_order":85,"comment_status":"closed","ping_status":"closed","template":"page-single-expertise.php","meta":{"footnotes":""},"class_list":["post-1836","page","type-page","status-publish","has-post-thumbnail","hentry"],"yoast_head":"<!-- This site is optimized with the Yoast SEO plugin v27.4 - https:\/\/yoast.com\/product\/yoast-seo-wordpress\/ -->\n<title>Fabrication sans gaspillage - AFP<\/title>\n<meta name=\"robots\" content=\"noindex, follow, max-snippet:-1, max-image-preview:large, max-video-preview:-1\" \/>\n<meta property=\"og:locale\" content=\"fr_FR\" \/>\n<meta property=\"og:type\" content=\"article\" \/>\n<meta property=\"og:title\" content=\"Fabrication sans gaspillage - AFP\" \/>\n<meta property=\"og:url\" content=\"https:\/\/afpllc2.preprod.cloud0.savencia.net\/fr\/expertise-fr\/fabrication-sans-gaspillage\/\" \/>\n<meta property=\"og:site_name\" content=\"AFP\" \/>\n<meta property=\"article:modified_time\" content=\"2022-01-26T18:25:08+00:00\" \/>\n<meta property=\"og:image\" content=\"https:\/\/afpllc2.preprod.cloud0.savencia.net\/wp-content\/uploads\/lean-manufacturing-hero.jpg\" \/>\n\t<meta property=\"og:image:width\" content=\"888\" \/>\n\t<meta property=\"og:image:height\" content=\"790\" \/>\n\t<meta property=\"og:image:type\" content=\"image\/jpeg\" \/>\n<meta name=\"twitter:card\" content=\"summary_large_image\" \/>\n<script type=\"application\/ld+json\" class=\"yoast-schema-graph\">{\"@context\":\"https:\\\/\\\/schema.org\",\"@graph\":[{\"@type\":\"WebPage\",\"@id\":\"https:\\\/\\\/afpllc2.preprod.cloud0.savencia.net\\\/fr\\\/expertise-fr\\\/fabrication-sans-gaspillage\\\/\",\"url\":\"https:\\\/\\\/afpllc2.preprod.cloud0.savencia.net\\\/fr\\\/expertise-fr\\\/fabrication-sans-gaspillage\\\/\",\"name\":\"Fabrication sans gaspillage - AFP\",\"isPartOf\":{\"@id\":\"https:\\\/\\\/afpllc2.preprod.cloud0.savencia.net\\\/fr\\\/#website\"},\"primaryImageOfPage\":{\"@id\":\"https:\\\/\\\/afpllc2.preprod.cloud0.savencia.net\\\/fr\\\/expertise-fr\\\/fabrication-sans-gaspillage\\\/#primaryimage\"},\"image\":{\"@id\":\"https:\\\/\\\/afpllc2.preprod.cloud0.savencia.net\\\/fr\\\/expertise-fr\\\/fabrication-sans-gaspillage\\\/#primaryimage\"},\"thumbnailUrl\":\"https:\\\/\\\/afpllc2.preprod.cloud0.savencia.net\\\/wp-content\\\/uploads\\\/lean-manufacturing-hero.jpg\",\"datePublished\":\"2021-12-16T16:29:48+00:00\",\"dateModified\":\"2022-01-26T18:25:08+00:00\",\"breadcrumb\":{\"@id\":\"https:\\\/\\\/afpllc2.preprod.cloud0.savencia.net\\\/fr\\\/expertise-fr\\\/fabrication-sans-gaspillage\\\/#breadcrumb\"},\"inLanguage\":\"fr-FR\",\"potentialAction\":[{\"@type\":\"ReadAction\",\"target\":[\"https:\\\/\\\/afpllc2.preprod.cloud0.savencia.net\\\/fr\\\/expertise-fr\\\/fabrication-sans-gaspillage\\\/\"]}]},{\"@type\":\"ImageObject\",\"inLanguage\":\"fr-FR\",\"@id\":\"https:\\\/\\\/afpllc2.preprod.cloud0.savencia.net\\\/fr\\\/expertise-fr\\\/fabrication-sans-gaspillage\\\/#primaryimage\",\"url\":\"https:\\\/\\\/afpllc2.preprod.cloud0.savencia.net\\\/wp-content\\\/uploads\\\/lean-manufacturing-hero.jpg\",\"contentUrl\":\"https:\\\/\\\/afpllc2.preprod.cloud0.savencia.net\\\/wp-content\\\/uploads\\\/lean-manufacturing-hero.jpg\",\"width\":888,\"height\":790,\"caption\":\"person with pen pointing\"},{\"@type\":\"BreadcrumbList\",\"@id\":\"https:\\\/\\\/afpllc2.preprod.cloud0.savencia.net\\\/fr\\\/expertise-fr\\\/fabrication-sans-gaspillage\\\/#breadcrumb\",\"itemListElement\":[{\"@type\":\"ListItem\",\"position\":1,\"name\":\"Comp\u00e9tence\",\"item\":\"https:\\\/\\\/afpllc2.preprod.cloud0.savencia.net\\\/fr\\\/expertise-fr\\\/\"},{\"@type\":\"ListItem\",\"position\":2,\"name\":\"Fabrication sans gaspillage\"}]},{\"@type\":\"WebSite\",\"@id\":\"https:\\\/\\\/afpllc2.preprod.cloud0.savencia.net\\\/fr\\\/#website\",\"url\":\"https:\\\/\\\/afpllc2.preprod.cloud0.savencia.net\\\/fr\\\/\",\"name\":\"AFP\",\"description\":\"Innovative Food Solutions.\",\"publisher\":{\"@id\":\"https:\\\/\\\/afpllc2.preprod.cloud0.savencia.net\\\/fr\\\/#organization\"},\"potentialAction\":[{\"@type\":\"SearchAction\",\"target\":{\"@type\":\"EntryPoint\",\"urlTemplate\":\"https:\\\/\\\/afpllc2.preprod.cloud0.savencia.net\\\/fr\\\/?s={search_term_string}\"},\"query-input\":{\"@type\":\"PropertyValueSpecification\",\"valueRequired\":true,\"valueName\":\"search_term_string\"}}],\"inLanguage\":\"fr-FR\"},{\"@type\":\"Organization\",\"@id\":\"https:\\\/\\\/afpllc2.preprod.cloud0.savencia.net\\\/fr\\\/#organization\",\"name\":\"AFP\",\"url\":\"https:\\\/\\\/afpllc2.preprod.cloud0.savencia.net\\\/fr\\\/\",\"logo\":{\"@type\":\"ImageObject\",\"inLanguage\":\"fr-FR\",\"@id\":\"https:\\\/\\\/afpllc2.preprod.cloud0.savencia.net\\\/fr\\\/#\\\/schema\\\/logo\\\/image\\\/\",\"url\":\"https:\\\/\\\/afpllc2.preprod.cloud0.savencia.net\\\/wp-content\\\/uploads\\\/2021\\\/11\\\/AFP-logo-color.svg\",\"contentUrl\":\"https:\\\/\\\/afpllc2.preprod.cloud0.savencia.net\\\/wp-content\\\/uploads\\\/2021\\\/11\\\/AFP-logo-color.svg\",\"width\":60,\"height\":40,\"caption\":\"AFP\"},\"image\":{\"@id\":\"https:\\\/\\\/afpllc2.preprod.cloud0.savencia.net\\\/fr\\\/#\\\/schema\\\/logo\\\/image\\\/\"}}]}<\/script>\n<!-- \/ Yoast SEO plugin. -->","yoast_head_json":{"title":"Fabrication sans gaspillage - AFP","robots":{"index":"noindex","follow":"follow","max-snippet":"max-snippet:-1","max-image-preview":"max-image-preview:large","max-video-preview":"max-video-preview:-1"},"og_locale":"fr_FR","og_type":"article","og_title":"Fabrication sans gaspillage - AFP","og_url":"https:\/\/afpllc2.preprod.cloud0.savencia.net\/fr\/expertise-fr\/fabrication-sans-gaspillage\/","og_site_name":"AFP","article_modified_time":"2022-01-26T18:25:08+00:00","og_image":[{"width":888,"height":790,"url":"https:\/\/afpllc2.preprod.cloud0.savencia.net\/wp-content\/uploads\/lean-manufacturing-hero.jpg","type":"image\/jpeg"}],"twitter_card":"summary_large_image","schema":{"@context":"https:\/\/schema.org","@graph":[{"@type":"WebPage","@id":"https:\/\/afpllc2.preprod.cloud0.savencia.net\/fr\/expertise-fr\/fabrication-sans-gaspillage\/","url":"https:\/\/afpllc2.preprod.cloud0.savencia.net\/fr\/expertise-fr\/fabrication-sans-gaspillage\/","name":"Fabrication sans gaspillage - AFP","isPartOf":{"@id":"https:\/\/afpllc2.preprod.cloud0.savencia.net\/fr\/#website"},"primaryImageOfPage":{"@id":"https:\/\/afpllc2.preprod.cloud0.savencia.net\/fr\/expertise-fr\/fabrication-sans-gaspillage\/#primaryimage"},"image":{"@id":"https:\/\/afpllc2.preprod.cloud0.savencia.net\/fr\/expertise-fr\/fabrication-sans-gaspillage\/#primaryimage"},"thumbnailUrl":"https:\/\/afpllc2.preprod.cloud0.savencia.net\/wp-content\/uploads\/lean-manufacturing-hero.jpg","datePublished":"2021-12-16T16:29:48+00:00","dateModified":"2022-01-26T18:25:08+00:00","breadcrumb":{"@id":"https:\/\/afpllc2.preprod.cloud0.savencia.net\/fr\/expertise-fr\/fabrication-sans-gaspillage\/#breadcrumb"},"inLanguage":"fr-FR","potentialAction":[{"@type":"ReadAction","target":["https:\/\/afpllc2.preprod.cloud0.savencia.net\/fr\/expertise-fr\/fabrication-sans-gaspillage\/"]}]},{"@type":"ImageObject","inLanguage":"fr-FR","@id":"https:\/\/afpllc2.preprod.cloud0.savencia.net\/fr\/expertise-fr\/fabrication-sans-gaspillage\/#primaryimage","url":"https:\/\/afpllc2.preprod.cloud0.savencia.net\/wp-content\/uploads\/lean-manufacturing-hero.jpg","contentUrl":"https:\/\/afpllc2.preprod.cloud0.savencia.net\/wp-content\/uploads\/lean-manufacturing-hero.jpg","width":888,"height":790,"caption":"person with pen pointing"},{"@type":"BreadcrumbList","@id":"https:\/\/afpllc2.preprod.cloud0.savencia.net\/fr\/expertise-fr\/fabrication-sans-gaspillage\/#breadcrumb","itemListElement":[{"@type":"ListItem","position":1,"name":"Comp\u00e9tence","item":"https:\/\/afpllc2.preprod.cloud0.savencia.net\/fr\/expertise-fr\/"},{"@type":"ListItem","position":2,"name":"Fabrication sans gaspillage"}]},{"@type":"WebSite","@id":"https:\/\/afpllc2.preprod.cloud0.savencia.net\/fr\/#website","url":"https:\/\/afpllc2.preprod.cloud0.savencia.net\/fr\/","name":"AFP","description":"Innovative Food Solutions.","publisher":{"@id":"https:\/\/afpllc2.preprod.cloud0.savencia.net\/fr\/#organization"},"potentialAction":[{"@type":"SearchAction","target":{"@type":"EntryPoint","urlTemplate":"https:\/\/afpllc2.preprod.cloud0.savencia.net\/fr\/?s={search_term_string}"},"query-input":{"@type":"PropertyValueSpecification","valueRequired":true,"valueName":"search_term_string"}}],"inLanguage":"fr-FR"},{"@type":"Organization","@id":"https:\/\/afpllc2.preprod.cloud0.savencia.net\/fr\/#organization","name":"AFP","url":"https:\/\/afpllc2.preprod.cloud0.savencia.net\/fr\/","logo":{"@type":"ImageObject","inLanguage":"fr-FR","@id":"https:\/\/afpllc2.preprod.cloud0.savencia.net\/fr\/#\/schema\/logo\/image\/","url":"https:\/\/afpllc2.preprod.cloud0.savencia.net\/wp-content\/uploads\/2021\/11\/AFP-logo-color.svg","contentUrl":"https:\/\/afpllc2.preprod.cloud0.savencia.net\/wp-content\/uploads\/2021\/11\/AFP-logo-color.svg","width":60,"height":40,"caption":"AFP"},"image":{"@id":"https:\/\/afpllc2.preprod.cloud0.savencia.net\/fr\/#\/schema\/logo\/image\/"}}]}},"meta_box":{"afp-bs-featured-lp":"","afp-bs-featured-lp-title":"","afp-bs-featured-lp-copy":"","afp-bs-featured-cta-link":"","afp-bs-featured-cta-text":"","afp-bs-featured-lp-subtitle":"","afp-bs-featured-lp-posts":[],"afp-bs-featured-lp-posts-seemore":"","afp-bs-featured-recipes":[],"afp-bs-featured-trends":[],"afp-bs-featured-training-education":[],"afp-bs-featured-packaging-ideas":[],"afp-bs-featured-home-cta-label":"","afp-bs-more-solutions-heading":"","afp-bs-more-solutions-cta-label":"","afp-bs-more-solutions-category-label":"","afp-bs-product-featured-bs":[],"afp-pgchannels-section-title-group":[],"afp-Channels-icon":[],"afp-Channels-page-icon":[],"afp-Channels-channel-headline-group":[],"afp_calc_serving_size":"","afp_calc_servings_per_day":"","afp_calc_number_of_units":"","afp-calculator":[],"afp_calc_lockup":false,"afp_calc_disclaimer":"","location":[],"AFP-Contact-contact_from_shortcode":"","afp-hp-expertise-callout-title-text":"","afp-hp-expertise-callout-title-color":"","afp-hp-expertise-callout-content":"","afp-hp-expertise-callout-content-color":"","afp-hp-expertise-callouts-group":[],"afp-pgexpertise-page-icon":[{"width":125,"height":125,"file":"\/expertise-hero-icon-lean-manufacturing.svg","sizes":{"thumbnail":{"width":"360","height":"230","crop":"1","file":"expertise-hero-icon-lean-manufacturing.svg","mime-type":"image\/svg+xml","url":"https:\/\/afpllc2.preprod.cloud0.savencia.net\/wp-content\/uploads\/expertise-hero-icon-lean-manufacturing.svg"},"medium":{"width":"600","height":"600","crop":false,"file":"expertise-hero-icon-lean-manufacturing.svg","mime-type":"image\/svg+xml","url":"https:\/\/afpllc2.preprod.cloud0.savencia.net\/wp-content\/uploads\/expertise-hero-icon-lean-manufacturing.svg"},"medium_large":{"width":"768","height":"0","crop":false,"file":"expertise-hero-icon-lean-manufacturing.svg","mime-type":"image\/svg+xml","url":"https:\/\/afpllc2.preprod.cloud0.savencia.net\/wp-content\/uploads\/expertise-hero-icon-lean-manufacturing.svg"},"large":{"width":"1024","height":"1024","crop":false,"file":"expertise-hero-icon-lean-manufacturing.svg","mime-type":"image\/svg+xml","url":"https:\/\/afpllc2.preprod.cloud0.savencia.net\/wp-content\/uploads\/expertise-hero-icon-lean-manufacturing.svg"},"bs-large-feature":{"width":840,"height":560,"crop":1,"file":"expertise-hero-icon-lean-manufacturing.svg","mime-type":"image\/svg+xml","url":"https:\/\/afpllc2.preprod.cloud0.savencia.net\/wp-content\/uploads\/expertise-hero-icon-lean-manufacturing.svg"},"bs-thumbnail":{"width":390,"height":260,"crop":1,"file":"expertise-hero-icon-lean-manufacturing.svg","mime-type":"image\/svg+xml","url":"https:\/\/afpllc2.preprod.cloud0.savencia.net\/wp-content\/uploads\/expertise-hero-icon-lean-manufacturing.svg"},"bs-more-thumbnail":{"width":355,"height":380,"crop":1,"file":"expertise-hero-icon-lean-manufacturing.svg","mime-type":"image\/svg+xml","url":"https:\/\/afpllc2.preprod.cloud0.savencia.net\/wp-content\/uploads\/expertise-hero-icon-lean-manufacturing.svg"},"1536x1536":{"width":1536,"height":1536,"crop":0,"file":"expertise-hero-icon-lean-manufacturing.svg","mime-type":"image\/svg+xml","url":"https:\/\/afpllc2.preprod.cloud0.savencia.net\/wp-content\/uploads\/expertise-hero-icon-lean-manufacturing.svg"},"2048x2048":{"width":2048,"height":2048,"crop":0,"file":"expertise-hero-icon-lean-manufacturing.svg","mime-type":"image\/svg+xml","url":"https:\/\/afpllc2.preprod.cloud0.savencia.net\/wp-content\/uploads\/expertise-hero-icon-lean-manufacturing.svg"}},"ID":"1372","name":"expertise-hero-icon-lean-manufacturing.svg","path":"\/var\/www\/vhosts\/afpllc2.preprod.cloud0.savencia.net\/httpdocs\/wp-content\/uploads\/expertise-hero-icon-lean-manufacturing.svg","url":"https:\/\/afpllc2.preprod.cloud0.savencia.net\/wp-content\/uploads\/expertise-hero-icon-lean-manufacturing.svg","full_url":"https:\/\/afpllc2.preprod.cloud0.savencia.net\/wp-content\/uploads\/expertise-hero-icon-lean-manufacturing.svg","title":"expertise-hero-icon-lean-manufacturing","caption":"","description":"","alt":"expertise lean manufacturing icon advanced food products","srcset":false}],"afp-pgexpertise-expertise-headline-group":{"afp-pgexpertise-channel-title-color":"#67e1cf","afp-pgexpertise-channel-content":"Notre objectif est d\u2019impliquer en permanence notre personnel dans la recherche de l\u2019efficacit\u00e9 op\u00e9rationnelle et de solutions durables. ","afp-pgexpertise-channel-content-color":"#5a5e5e"},"afp-pgexpertise-expertise-enable-products":"0","afp-pgexpertise-products-section":[],"afp-pgexpertise-content-section":[{"afp-pgexpertise-content_type":"key-elements","afp-pgexpertise-key-elements-group":{"afp-pgexpertise-key-elements-title":"\u00c9l\u00e9ments cl\u00e9s de notre production all\u00e9g\u00e9e  ","afp-pgexpertise-k-elements":[{"afp-pgexpertise-k-element-icon":["1445"],"afp-pgexpertise-k-element-bg-color":"#f8631b","afp-pgexpertise-k-element-title":"Mouvement","afp-pgexpertise-k-element-description":"Automatiser les processus pour r\u00e9duire le temps d\u2019attente des employ\u00e9s et supprimer les gestes inutiles dans le flux des processus."},{"afp-pgexpertise-k-element-icon":["1441"],"afp-pgexpertise-k-element-bg-color":"#f8631b","afp-pgexpertise-k-element-title":"Inventaire","afp-pgexpertise-k-element-description":"Produire de mani\u00e8re strat\u00e9gique en fonction des commandes des clients et \u00e9tablir un travail en cours JIT pour r\u00e9duire les exc\u00e8s."},{"afp-pgexpertise-k-element-icon":["1449"],"afp-pgexpertise-k-element-bg-color":"#f8631b","afp-pgexpertise-k-element-title":"Talent","afp-pgexpertise-k-element-description":"Donner aux employ\u00e9s les moyens de faciliter les discussions et d\u2019inciter les autres \u00e0 continuer \u00e0 remettre en question le statu quo dans l\u2019int\u00e9r\u00eat de la r\u00e9duction des d\u00e9chets."}]}}],"afp-pgexpertise-eng-product-group":[],"afp-pgexpertise-eng-productmoreinfo-group":[],"afp-pgexpertise-eng-innercontent-icon":[],"afp-pgexpertise-eng-innercontent-title":"","afp-pgexpertise-eng-innercontent-cta_text":"","afp-pgexpertise-eng-innercontent-cta_url":"","afp-pgexpertise-eng-capabilities-image":[],"afp-pgexpertise-eng-capabilities-title":"","afp-pgexpertise-eng-capabilities-content":"","mfi-mb-hero-enabled":"1","mfi-mb-hero-full-size":"0","mfi-mb-hero-height":"640","mfi-mb-hero-slide-group":[{"mfi-mb-hero-title-text":"Fabrication sans gaspillage","mfi-mb-hero-title-color":"#ffffff","mfi-mb-hero-content":"Rationaliser les processus afin d\u2019am\u00e9liorer l\u2019efficacit\u00e9, de r\u00e9duire les d\u00e9chets et de maximiser les r\u00e9sultats pour nos partenaires.","mfi-mb-hero-content-color":"#ffffff","mfi-mb-hero-align-option":"text-left","mfi-mb-hero-product-image-enabled":"1","mfi-mb-hero-product-image-style":"slice","mfi-mb-hero-product-primary-bg-color":"#67e1cf","mfi-mb-hero-product-image":["1058"]}],"afp-gb--callout-icon":[{"width":125,"height":125,"file":"\/callout-solutions-1.svg","sizes":{"thumbnail":{"width":"360","height":"230","crop":"1","file":"callout-solutions-1.svg","mime-type":"image\/svg+xml","url":"https:\/\/afpllc2.preprod.cloud0.savencia.net\/wp-content\/uploads\/callout-solutions-1.svg"},"medium":{"width":"600","height":"600","crop":false,"file":"callout-solutions-1.svg","mime-type":"image\/svg+xml","url":"https:\/\/afpllc2.preprod.cloud0.savencia.net\/wp-content\/uploads\/callout-solutions-1.svg"},"medium_large":{"width":"768","height":"0","crop":false,"file":"callout-solutions-1.svg","mime-type":"image\/svg+xml","url":"https:\/\/afpllc2.preprod.cloud0.savencia.net\/wp-content\/uploads\/callout-solutions-1.svg"},"large":{"width":"1024","height":"1024","crop":false,"file":"callout-solutions-1.svg","mime-type":"image\/svg+xml","url":"https:\/\/afpllc2.preprod.cloud0.savencia.net\/wp-content\/uploads\/callout-solutions-1.svg"},"bs-large-feature":{"width":840,"height":560,"crop":1,"file":"callout-solutions-1.svg","mime-type":"image\/svg+xml","url":"https:\/\/afpllc2.preprod.cloud0.savencia.net\/wp-content\/uploads\/callout-solutions-1.svg"},"bs-thumbnail":{"width":390,"height":260,"crop":1,"file":"callout-solutions-1.svg","mime-type":"image\/svg+xml","url":"https:\/\/afpllc2.preprod.cloud0.savencia.net\/wp-content\/uploads\/callout-solutions-1.svg"},"bs-more-thumbnail":{"width":355,"height":380,"crop":1,"file":"callout-solutions-1.svg","mime-type":"image\/svg+xml","url":"https:\/\/afpllc2.preprod.cloud0.savencia.net\/wp-content\/uploads\/callout-solutions-1.svg"},"1536x1536":{"width":1536,"height":1536,"crop":0,"file":"callout-solutions-1.svg","mime-type":"image\/svg+xml","url":"https:\/\/afpllc2.preprod.cloud0.savencia.net\/wp-content\/uploads\/callout-solutions-1.svg"},"2048x2048":{"width":2048,"height":2048,"crop":0,"file":"callout-solutions-1.svg","mime-type":"image\/svg+xml","url":"https:\/\/afpllc2.preprod.cloud0.savencia.net\/wp-content\/uploads\/callout-solutions-1.svg"}},"ID":"2337","name":"callout-solutions-1.svg","path":"\/var\/www\/vhosts\/afpllc2.preprod.cloud0.savencia.net\/httpdocs\/wp-content\/uploads\/callout-solutions-1.svg","url":"https:\/\/afpllc2.preprod.cloud0.savencia.net\/wp-content\/uploads\/callout-solutions-1.svg","full_url":"https:\/\/afpllc2.preprod.cloud0.savencia.net\/wp-content\/uploads\/callout-solutions-1.svg","title":"callout-solutions","caption":"","description":"","alt":"advanced food products afp solutions","srcset":false}],"afp-gb-afp-gb--contactbar-section-title-text":"","afp-gb-afp-gb--contactbar-section-title-color":"","afp-gb-afp-gb--contactbar-section-cta-group":[],"afp-hp-our-story-callouts-group":[],"afp-li-linkedin-interstitial-enable":"","afp-li-linkedin-interstitial-title-text":"","afp-li-linkedin-interstitial-content":"","afp-li-linkedin-interstitial-cta-text":"","afp-li-linkedin-interstitial-cta-url":"","afp-hp-section-title-group":[],"afp-hp-selected-products":[],"afp_careers_mb_intro_title":"","afp_careers_mb_intro_content":"","afp-no-cta_label":"","afp-no-nav_icon":[{"width":125,"height":125,"file":"\/expertise-lean-manufacturing.svg","sizes":{"thumbnail":{"width":"150","height":"150","crop":"1","file":"expertise-lean-manufacturing.svg","mime-type":"image\/svg+xml","url":"https:\/\/afpllc2.preprod.cloud0.savencia.net\/wp-content\/uploads\/expertise-lean-manufacturing.svg"},"medium":{"width":"300","height":"300","crop":false,"file":"expertise-lean-manufacturing.svg","mime-type":"image\/svg+xml","url":"https:\/\/afpllc2.preprod.cloud0.savencia.net\/wp-content\/uploads\/expertise-lean-manufacturing.svg"},"medium_large":{"width":"768","height":"0","crop":false,"file":"expertise-lean-manufacturing.svg","mime-type":"image\/svg+xml","url":"https:\/\/afpllc2.preprod.cloud0.savencia.net\/wp-content\/uploads\/expertise-lean-manufacturing.svg"},"large":{"width":"1024","height":"1024","crop":false,"file":"expertise-lean-manufacturing.svg","mime-type":"image\/svg+xml","url":"https:\/\/afpllc2.preprod.cloud0.savencia.net\/wp-content\/uploads\/expertise-lean-manufacturing.svg"},"1536x1536":{"width":1536,"height":1536,"crop":0,"file":"expertise-lean-manufacturing.svg","mime-type":"image\/svg+xml","url":"https:\/\/afpllc2.preprod.cloud0.savencia.net\/wp-content\/uploads\/expertise-lean-manufacturing.svg"},"2048x2048":{"width":2048,"height":2048,"crop":0,"file":"expertise-lean-manufacturing.svg","mime-type":"image\/svg+xml","url":"https:\/\/afpllc2.preprod.cloud0.savencia.net\/wp-content\/uploads\/expertise-lean-manufacturing.svg"}},"ID":"520","name":"expertise-lean-manufacturing.svg","path":"\/var\/www\/vhosts\/afpllc2.preprod.cloud0.savencia.net\/httpdocs\/wp-content\/uploads\/expertise-lean-manufacturing.svg","url":"https:\/\/afpllc2.preprod.cloud0.savencia.net\/wp-content\/uploads\/expertise-lean-manufacturing.svg","full_url":"https:\/\/afpllc2.preprod.cloud0.savencia.net\/wp-content\/uploads\/expertise-lean-manufacturing.svg","title":"expertise-lean-manufacturing","caption":"","description":"","alt":"advanced food products expertise lean manufacturing","srcset":false}],"afp_ourstory_mb_history_title":"","afp_ourstory_mb_date_group":[],"afp_ourstory_mb_csr_content":"","afp_ourstory_mb_sustainability_title":"","afp_ourstory_mb_sustainability_group":[],"afp-pgproducts-category-heading-enabled":"","afp-pgproducts-category-heading-content":"","afp-pgproducts-category-heading-image":[],"afp-pgproducts-category-heading-cta":[],"afp-pgproducts-category-multicta-group":[],"afp-pgproducts-aseptic-rows-group":[],"winning_ltos":[],"sc_scam_title":"","sc_scam_content":"","infographic_headline":"","infographic_content":"","icons":[],"video_benefits":[],"facts_headline":"","facts_copy":"","facts_image":false,"facts_infographic":[],"lets_talk_headline":"","lets_talk_copy":"","lets_talk_icon":false,"bs_posts":[],"afp-bs-featured-categories":[],"mfi_pb_product_image":false,"mfi_pb_content":"","mfi_pb_cta":"","mfi_pb_cta_url":"","mfi_pb_products":[],"mfi_pb_stats_content":[],"mfi_pb_bar_title":"","mfi_pb_bar_content":"","mfi_pb_graph_image":false,"mfi_pb_more_info":"","mfi_pb_source":""},"_links":{"self":[{"href":"https:\/\/afpllc2.preprod.cloud0.savencia.net\/fr\/wp-json\/wp\/v2\/pages\/1836","targetHints":{"allow":["GET"]}}],"collection":[{"href":"https:\/\/afpllc2.preprod.cloud0.savencia.net\/fr\/wp-json\/wp\/v2\/pages"}],"about":[{"href":"https:\/\/afpllc2.preprod.cloud0.savencia.net\/fr\/wp-json\/wp\/v2\/types\/page"}],"author":[{"embeddable":true,"href":"https:\/\/afpllc2.preprod.cloud0.savencia.net\/fr\/wp-json\/wp\/v2\/users\/1"}],"replies":[{"embeddable":true,"href":"https:\/\/afpllc2.preprod.cloud0.savencia.net\/fr\/wp-json\/wp\/v2\/comments?post=1836"}],"version-history":[{"count":1,"href":"https:\/\/afpllc2.preprod.cloud0.savencia.net\/fr\/wp-json\/wp\/v2\/pages\/1836\/revisions"}],"predecessor-version":[{"id":1837,"href":"https:\/\/afpllc2.preprod.cloud0.savencia.net\/fr\/wp-json\/wp\/v2\/pages\/1836\/revisions\/1837"}],"up":[{"embeddable":true,"href":"https:\/\/afpllc2.preprod.cloud0.savencia.net\/fr\/wp-json\/wp\/v2\/pages\/1820"}],"wp:featuredmedia":[{"embeddable":true,"href":"https:\/\/afpllc2.preprod.cloud0.savencia.net\/fr\/wp-json\/wp\/v2\/media\/1060"}],"wp:attachment":[{"href":"https:\/\/afpllc2.preprod.cloud0.savencia.net\/fr\/wp-json\/wp\/v2\/media?parent=1836"}],"curies":[{"name":"wp","href":"https:\/\/api.w.org\/{rel}","templated":true}]}}