{"id":1828,"date":"2021-12-16T14:57:11","date_gmt":"2021-12-16T19:57:11","guid":{"rendered":"https:\/\/afpllc2.preprod.cloud0.savencia.net\/expertise\/research-development-excellence\/"},"modified":"2024-12-31T09:53:09","modified_gmt":"2024-12-31T14:53:09","slug":"excellence-en-recherche-et-developpement","status":"publish","type":"page","link":"https:\/\/afpllc2.preprod.cloud0.savencia.net\/fr\/expertise-fr\/excellence-en-recherche-et-developpement\/","title":{"rendered":"Excellence en recherche et d\u00e9veloppement"},"content":{"rendered":"","protected":false},"excerpt":{"rendered":"","protected":false},"author":1,"featured_media":207,"parent":1820,"menu_order":84,"comment_status":"closed","ping_status":"closed","template":"page-single-expertise.php","meta":{"footnotes":""},"class_list":["post-1828","page","type-page","status-publish","has-post-thumbnail","hentry"],"yoast_head":"<!-- This site is optimized with the Yoast SEO plugin v27.4 - https:\/\/yoast.com\/product\/yoast-seo-wordpress\/ -->\n<title>Excellence en recherche et d\u00e9veloppement - AFP<\/title>\n<meta name=\"robots\" content=\"noindex, follow, max-snippet:-1, max-image-preview:large, max-video-preview:-1\" \/>\n<meta property=\"og:locale\" content=\"fr_FR\" \/>\n<meta property=\"og:type\" content=\"article\" \/>\n<meta property=\"og:title\" content=\"Excellence en recherche et d\u00e9veloppement - AFP\" \/>\n<meta property=\"og:url\" content=\"https:\/\/afpllc2.preprod.cloud0.savencia.net\/fr\/expertise-fr\/excellence-en-recherche-et-developpement\/\" \/>\n<meta property=\"og:site_name\" content=\"AFP\" \/>\n<meta property=\"article:modified_time\" content=\"2024-12-31T14:53:09+00:00\" \/>\n<meta property=\"og:image\" content=\"https:\/\/afpllc2.preprod.cloud0.savencia.net\/wp-content\/uploads\/2021\/11\/e3.jpg\" \/>\n\t<meta property=\"og:image:width\" content=\"769\" \/>\n\t<meta property=\"og:image:height\" content=\"513\" \/>\n\t<meta property=\"og:image:type\" content=\"image\/jpeg\" \/>\n<meta name=\"twitter:card\" content=\"summary_large_image\" \/>\n<script type=\"application\/ld+json\" class=\"yoast-schema-graph\">{\"@context\":\"https:\\\/\\\/schema.org\",\"@graph\":[{\"@type\":\"WebPage\",\"@id\":\"https:\\\/\\\/afpllc2.preprod.cloud0.savencia.net\\\/fr\\\/expertise-fr\\\/excellence-en-recherche-et-developpement\\\/\",\"url\":\"https:\\\/\\\/afpllc2.preprod.cloud0.savencia.net\\\/fr\\\/expertise-fr\\\/excellence-en-recherche-et-developpement\\\/\",\"name\":\"Excellence en recherche et d\u00e9veloppement - AFP\",\"isPartOf\":{\"@id\":\"https:\\\/\\\/afpllc2.preprod.cloud0.savencia.net\\\/fr\\\/#website\"},\"primaryImageOfPage\":{\"@id\":\"https:\\\/\\\/afpllc2.preprod.cloud0.savencia.net\\\/fr\\\/expertise-fr\\\/excellence-en-recherche-et-developpement\\\/#primaryimage\"},\"image\":{\"@id\":\"https:\\\/\\\/afpllc2.preprod.cloud0.savencia.net\\\/fr\\\/expertise-fr\\\/excellence-en-recherche-et-developpement\\\/#primaryimage\"},\"thumbnailUrl\":\"https:\\\/\\\/afpllc2.preprod.cloud0.savencia.net\\\/wp-content\\\/uploads\\\/2021\\\/11\\\/e3.jpg\",\"datePublished\":\"2021-12-16T19:57:11+00:00\",\"dateModified\":\"2024-12-31T14:53:09+00:00\",\"breadcrumb\":{\"@id\":\"https:\\\/\\\/afpllc2.preprod.cloud0.savencia.net\\\/fr\\\/expertise-fr\\\/excellence-en-recherche-et-developpement\\\/#breadcrumb\"},\"inLanguage\":\"fr-FR\",\"potentialAction\":[{\"@type\":\"ReadAction\",\"target\":[\"https:\\\/\\\/afpllc2.preprod.cloud0.savencia.net\\\/fr\\\/expertise-fr\\\/excellence-en-recherche-et-developpement\\\/\"]}]},{\"@type\":\"ImageObject\",\"inLanguage\":\"fr-FR\",\"@id\":\"https:\\\/\\\/afpllc2.preprod.cloud0.savencia.net\\\/fr\\\/expertise-fr\\\/excellence-en-recherche-et-developpement\\\/#primaryimage\",\"url\":\"https:\\\/\\\/afpllc2.preprod.cloud0.savencia.net\\\/wp-content\\\/uploads\\\/2021\\\/11\\\/e3.jpg\",\"contentUrl\":\"https:\\\/\\\/afpllc2.preprod.cloud0.savencia.net\\\/wp-content\\\/uploads\\\/2021\\\/11\\\/e3.jpg\",\"width\":769,\"height\":513,\"caption\":\"advanced food products afp research\"},{\"@type\":\"BreadcrumbList\",\"@id\":\"https:\\\/\\\/afpllc2.preprod.cloud0.savencia.net\\\/fr\\\/expertise-fr\\\/excellence-en-recherche-et-developpement\\\/#breadcrumb\",\"itemListElement\":[{\"@type\":\"ListItem\",\"position\":1,\"name\":\"Comp\u00e9tence\",\"item\":\"https:\\\/\\\/afpllc2.preprod.cloud0.savencia.net\\\/fr\\\/expertise-fr\\\/\"},{\"@type\":\"ListItem\",\"position\":2,\"name\":\"Excellence en recherche et d\u00e9veloppement\"}]},{\"@type\":\"WebSite\",\"@id\":\"https:\\\/\\\/afpllc2.preprod.cloud0.savencia.net\\\/fr\\\/#website\",\"url\":\"https:\\\/\\\/afpllc2.preprod.cloud0.savencia.net\\\/fr\\\/\",\"name\":\"AFP\",\"description\":\"Innovative Food Solutions.\",\"publisher\":{\"@id\":\"https:\\\/\\\/afpllc2.preprod.cloud0.savencia.net\\\/fr\\\/#organization\"},\"potentialAction\":[{\"@type\":\"SearchAction\",\"target\":{\"@type\":\"EntryPoint\",\"urlTemplate\":\"https:\\\/\\\/afpllc2.preprod.cloud0.savencia.net\\\/fr\\\/?s={search_term_string}\"},\"query-input\":{\"@type\":\"PropertyValueSpecification\",\"valueRequired\":true,\"valueName\":\"search_term_string\"}}],\"inLanguage\":\"fr-FR\"},{\"@type\":\"Organization\",\"@id\":\"https:\\\/\\\/afpllc2.preprod.cloud0.savencia.net\\\/fr\\\/#organization\",\"name\":\"AFP\",\"url\":\"https:\\\/\\\/afpllc2.preprod.cloud0.savencia.net\\\/fr\\\/\",\"logo\":{\"@type\":\"ImageObject\",\"inLanguage\":\"fr-FR\",\"@id\":\"https:\\\/\\\/afpllc2.preprod.cloud0.savencia.net\\\/fr\\\/#\\\/schema\\\/logo\\\/image\\\/\",\"url\":\"https:\\\/\\\/afpllc2.preprod.cloud0.savencia.net\\\/wp-content\\\/uploads\\\/2021\\\/11\\\/AFP-logo-color.svg\",\"contentUrl\":\"https:\\\/\\\/afpllc2.preprod.cloud0.savencia.net\\\/wp-content\\\/uploads\\\/2021\\\/11\\\/AFP-logo-color.svg\",\"width\":60,\"height\":40,\"caption\":\"AFP\"},\"image\":{\"@id\":\"https:\\\/\\\/afpllc2.preprod.cloud0.savencia.net\\\/fr\\\/#\\\/schema\\\/logo\\\/image\\\/\"}}]}<\/script>\n<!-- \/ Yoast SEO plugin. -->","yoast_head_json":{"title":"Excellence en recherche et d\u00e9veloppement - AFP","robots":{"index":"noindex","follow":"follow","max-snippet":"max-snippet:-1","max-image-preview":"max-image-preview:large","max-video-preview":"max-video-preview:-1"},"og_locale":"fr_FR","og_type":"article","og_title":"Excellence en recherche et d\u00e9veloppement - AFP","og_url":"https:\/\/afpllc2.preprod.cloud0.savencia.net\/fr\/expertise-fr\/excellence-en-recherche-et-developpement\/","og_site_name":"AFP","article_modified_time":"2024-12-31T14:53:09+00:00","og_image":[{"width":769,"height":513,"url":"https:\/\/afpllc2.preprod.cloud0.savencia.net\/wp-content\/uploads\/2021\/11\/e3.jpg","type":"image\/jpeg"}],"twitter_card":"summary_large_image","schema":{"@context":"https:\/\/schema.org","@graph":[{"@type":"WebPage","@id":"https:\/\/afpllc2.preprod.cloud0.savencia.net\/fr\/expertise-fr\/excellence-en-recherche-et-developpement\/","url":"https:\/\/afpllc2.preprod.cloud0.savencia.net\/fr\/expertise-fr\/excellence-en-recherche-et-developpement\/","name":"Excellence en recherche et d\u00e9veloppement - AFP","isPartOf":{"@id":"https:\/\/afpllc2.preprod.cloud0.savencia.net\/fr\/#website"},"primaryImageOfPage":{"@id":"https:\/\/afpllc2.preprod.cloud0.savencia.net\/fr\/expertise-fr\/excellence-en-recherche-et-developpement\/#primaryimage"},"image":{"@id":"https:\/\/afpllc2.preprod.cloud0.savencia.net\/fr\/expertise-fr\/excellence-en-recherche-et-developpement\/#primaryimage"},"thumbnailUrl":"https:\/\/afpllc2.preprod.cloud0.savencia.net\/wp-content\/uploads\/2021\/11\/e3.jpg","datePublished":"2021-12-16T19:57:11+00:00","dateModified":"2024-12-31T14:53:09+00:00","breadcrumb":{"@id":"https:\/\/afpllc2.preprod.cloud0.savencia.net\/fr\/expertise-fr\/excellence-en-recherche-et-developpement\/#breadcrumb"},"inLanguage":"fr-FR","potentialAction":[{"@type":"ReadAction","target":["https:\/\/afpllc2.preprod.cloud0.savencia.net\/fr\/expertise-fr\/excellence-en-recherche-et-developpement\/"]}]},{"@type":"ImageObject","inLanguage":"fr-FR","@id":"https:\/\/afpllc2.preprod.cloud0.savencia.net\/fr\/expertise-fr\/excellence-en-recherche-et-developpement\/#primaryimage","url":"https:\/\/afpllc2.preprod.cloud0.savencia.net\/wp-content\/uploads\/2021\/11\/e3.jpg","contentUrl":"https:\/\/afpllc2.preprod.cloud0.savencia.net\/wp-content\/uploads\/2021\/11\/e3.jpg","width":769,"height":513,"caption":"advanced food products afp research"},{"@type":"BreadcrumbList","@id":"https:\/\/afpllc2.preprod.cloud0.savencia.net\/fr\/expertise-fr\/excellence-en-recherche-et-developpement\/#breadcrumb","itemListElement":[{"@type":"ListItem","position":1,"name":"Comp\u00e9tence","item":"https:\/\/afpllc2.preprod.cloud0.savencia.net\/fr\/expertise-fr\/"},{"@type":"ListItem","position":2,"name":"Excellence en recherche et d\u00e9veloppement"}]},{"@type":"WebSite","@id":"https:\/\/afpllc2.preprod.cloud0.savencia.net\/fr\/#website","url":"https:\/\/afpllc2.preprod.cloud0.savencia.net\/fr\/","name":"AFP","description":"Innovative Food Solutions.","publisher":{"@id":"https:\/\/afpllc2.preprod.cloud0.savencia.net\/fr\/#organization"},"potentialAction":[{"@type":"SearchAction","target":{"@type":"EntryPoint","urlTemplate":"https:\/\/afpllc2.preprod.cloud0.savencia.net\/fr\/?s={search_term_string}"},"query-input":{"@type":"PropertyValueSpecification","valueRequired":true,"valueName":"search_term_string"}}],"inLanguage":"fr-FR"},{"@type":"Organization","@id":"https:\/\/afpllc2.preprod.cloud0.savencia.net\/fr\/#organization","name":"AFP","url":"https:\/\/afpllc2.preprod.cloud0.savencia.net\/fr\/","logo":{"@type":"ImageObject","inLanguage":"fr-FR","@id":"https:\/\/afpllc2.preprod.cloud0.savencia.net\/fr\/#\/schema\/logo\/image\/","url":"https:\/\/afpllc2.preprod.cloud0.savencia.net\/wp-content\/uploads\/2021\/11\/AFP-logo-color.svg","contentUrl":"https:\/\/afpllc2.preprod.cloud0.savencia.net\/wp-content\/uploads\/2021\/11\/AFP-logo-color.svg","width":60,"height":40,"caption":"AFP"},"image":{"@id":"https:\/\/afpllc2.preprod.cloud0.savencia.net\/fr\/#\/schema\/logo\/image\/"}}]}},"meta_box":{"afp-bs-featured-lp":"","afp-bs-featured-lp-title":"","afp-bs-featured-lp-copy":"","afp-bs-featured-cta-link":"","afp-bs-featured-cta-text":"","afp-bs-featured-lp-subtitle":"","afp-bs-featured-lp-posts":[],"afp-bs-featured-lp-posts-seemore":"","afp-bs-featured-recipes":[],"afp-bs-featured-trends":[],"afp-bs-featured-training-education":[],"afp-bs-featured-packaging-ideas":[],"afp-bs-featured-home-cta-label":"","afp-bs-more-solutions-heading":"","afp-bs-more-solutions-cta-label":"","afp-bs-more-solutions-category-label":"","afp-bs-product-featured-bs":[],"afp-pgchannels-section-title-group":[],"afp-Channels-icon":[],"afp-Channels-page-icon":[],"afp-Channels-channel-headline-group":[],"afp_calc_serving_size":"8","afp_calc_servings_per_day":"400","afp_calc_number_of_units":"3","afp-calculator":[{"afp_calc_storage":"Shelf-stable","afp_calc_shelf_life":"12 months","afp_calc_case":"6 pack","afp_calc_recipes":[{"_state":"expanded"}]}],"afp_calc_lockup":false,"afp_calc_disclaimer":"","location":[],"AFP-Contact-contact_from_shortcode":"","afp-hp-expertise-callout-title-text":"","afp-hp-expertise-callout-title-color":"","afp-hp-expertise-callout-content":"","afp-hp-expertise-callout-content-color":"","afp-hp-expertise-callouts-group":[],"afp-pgexpertise-page-icon":[{"width":125,"height":125,"file":"\/expertise-hero-icon-research.svg","sizes":{"thumbnail":{"width":"360","height":"230","crop":"1","file":"expertise-hero-icon-research.svg","mime-type":"image\/svg+xml","url":"https:\/\/afpllc2.preprod.cloud0.savencia.net\/wp-content\/uploads\/expertise-hero-icon-research.svg"},"medium":{"width":"600","height":"600","crop":false,"file":"expertise-hero-icon-research.svg","mime-type":"image\/svg+xml","url":"https:\/\/afpllc2.preprod.cloud0.savencia.net\/wp-content\/uploads\/expertise-hero-icon-research.svg"},"medium_large":{"width":"768","height":"0","crop":false,"file":"expertise-hero-icon-research.svg","mime-type":"image\/svg+xml","url":"https:\/\/afpllc2.preprod.cloud0.savencia.net\/wp-content\/uploads\/expertise-hero-icon-research.svg"},"large":{"width":"1024","height":"1024","crop":false,"file":"expertise-hero-icon-research.svg","mime-type":"image\/svg+xml","url":"https:\/\/afpllc2.preprod.cloud0.savencia.net\/wp-content\/uploads\/expertise-hero-icon-research.svg"},"bs-large-feature":{"width":840,"height":560,"crop":1,"file":"expertise-hero-icon-research.svg","mime-type":"image\/svg+xml","url":"https:\/\/afpllc2.preprod.cloud0.savencia.net\/wp-content\/uploads\/expertise-hero-icon-research.svg"},"bs-thumbnail":{"width":390,"height":260,"crop":1,"file":"expertise-hero-icon-research.svg","mime-type":"image\/svg+xml","url":"https:\/\/afpllc2.preprod.cloud0.savencia.net\/wp-content\/uploads\/expertise-hero-icon-research.svg"},"bs-more-thumbnail":{"width":355,"height":380,"crop":1,"file":"expertise-hero-icon-research.svg","mime-type":"image\/svg+xml","url":"https:\/\/afpllc2.preprod.cloud0.savencia.net\/wp-content\/uploads\/expertise-hero-icon-research.svg"},"1536x1536":{"width":1536,"height":1536,"crop":0,"file":"expertise-hero-icon-research.svg","mime-type":"image\/svg+xml","url":"https:\/\/afpllc2.preprod.cloud0.savencia.net\/wp-content\/uploads\/expertise-hero-icon-research.svg"},"2048x2048":{"width":2048,"height":2048,"crop":0,"file":"expertise-hero-icon-research.svg","mime-type":"image\/svg+xml","url":"https:\/\/afpllc2.preprod.cloud0.savencia.net\/wp-content\/uploads\/expertise-hero-icon-research.svg"}},"ID":"1380","name":"expertise-hero-icon-research.svg","path":"\/var\/www\/vhosts\/afpllc2.preprod.cloud0.savencia.net\/httpdocs\/wp-content\/uploads\/expertise-hero-icon-research.svg","url":"https:\/\/afpllc2.preprod.cloud0.savencia.net\/wp-content\/uploads\/expertise-hero-icon-research.svg","full_url":"https:\/\/afpllc2.preprod.cloud0.savencia.net\/wp-content\/uploads\/expertise-hero-icon-research.svg","title":"expertise-hero-icon-research","caption":"","description":"","alt":"expertise hero advanced food product","srcset":false}],"afp-pgexpertise-expertise-headline-group":{"afp-pgexpertise-channel-title-text":"De la collaboration \u00e0 l\u2019id\u00e9ation \u00e0 la formulation et \u00e0 l\u2019ex\u00e9cution, l\u2019\u00e9quipe de recherche et d\u00e9veloppement de AFP est l\u00e0 pour \u00eatre vos experts en formulation aseptique \u00e0 faible acidit\u00e9.","afp-pgexpertise-channel-title-color":"#008d9b","afp-pgexpertise-channel-content":"Les solutions de produits sont ce que nous fournissons \u00e0 AFP. Les experts \u00e0 l\u2019origine de nos progr\u00e8s continuent d\u2019explorer les am\u00e9liorations dans la formulation des produits et les emballages adapt\u00e9s au march\u00e9, garantissant que nos aliments aseptiques \u00e0 faible acidit\u00e9 et stables en rayon sont sup\u00e9rieurs \u2013 les meilleurs disponibles","afp-pgexpertise-channel-content-color":"#5a5e5e"},"afp-pgexpertise-expertise-enable-products":"0","afp-pgexpertise-products-section":[{"afp-pgexpertise-product-image":["2766"],"afp-pgexpertise-product-title":"Sauce au fromage \u00e0 base de plantes"},{"afp-pgexpertise-product-image":["2475"],"afp-pgexpertise-product-title":"Desserts \u00e0 base de plantes"},{"afp-pgexpertise-product-image":["2779"],"afp-pgexpertise-product-title":"Trempettes \u00e0 base de plantes"}],"afp-pgexpertise-content-section":[{"afp-pgexpertise-content_type":"key-elements","afp-pgexpertise-key-elements-group":{"afp-pgexpertise-key-elements-title":"Cr\u00e9ations remarquables\u00a0:","afp-pgexpertise-k-elements":[{"afp-pgexpertise-k-element-icon":["21957"],"afp-pgexpertise-k-element-bg-color":"#f8631b","afp-pgexpertise-k-element-title":"Formulations"},{"afp-pgexpertise-k-element-icon":["21965"],"afp-pgexpertise-k-element-bg-color":"#f8631b","afp-pgexpertise-k-element-title":"D\u00e9veloppement d\u2019applications"},{"afp-pgexpertise-k-element-icon":["1443"],"afp-pgexpertise-k-element-bg-color":"#f8631b","afp-pgexpertise-k-element-title":"Recherche par des tiers"}]}},{"afp-pgexpertise-content_type":"key-elements","afp-pgexpertise-key-elements-group":{"afp-pgexpertise-key-elements-section-style":"1","afp-pgexpertise-key-elements-title":"Restez \u00e0 la page avec un partenaire \u00e0 l\u2019aff\u00fbt des tendances","afp-pgexpertise-key-elements-description":"Nous sommes plus que des sp\u00e9cialistes de la sauce au fromage. En vous associant \u00e0 nous, vous obtiendrez bien plus que notre gamme de produits savoureux soutenus par une R&D rigoureuse. Vous obtiendrez \u00e9galement les derni\u00e8res informations sur le march\u00e9 afin de rester \u00e0 la pointe des tendances et d\u2019apporter un facteur de surprise \u00e0 tout ce que vous servez.","afp-pgexpertise-key-elements-source":"<p style=\"text-align: center;\">Source\u00a0: Datassential Trendspotting, Global LTOs, ao\u00fbt\u00a02022<\/p>\r\n<p style=\"text-align: center;\">Source\u00a0: Technomic Ignite Menu National Food Trends Data<\/p>\r\n<p style=\"text-align: center;\">Source\u00a0: Technomic Ignite Menu National Food Trends Data, T1 2018 \u00e0 T1 2023<\/p>","afp-pgexpertise-k-elements":[{"afp-pgexpertise-k-element-icon":["21953"],"afp-pgexpertise-k-element-title":"65 % des consommateurs se rendront dans un restaurant sp\u00e9cifiquement pour commander une OLT."},{"afp-pgexpertise-k-element-icon":["21980"],"afp-pgexpertise-k-element-title":"41 % des menus comportent une sauce au fromage."},{"afp-pgexpertise-k-element-icon":["21961"],"afp-pgexpertise-k-element-title":"Les exploitants peuvent facturer 40 % de plus pour les entr\u00e9es et 38 % de plus pour les accompagnements avec sauce au fromage."}]}}],"afp-pgexpertise-eng-product-group":[],"afp-pgexpertise-eng-productmoreinfo-group":[],"afp-pgexpertise-eng-innercontent-icon":[],"afp-pgexpertise-eng-innercontent-title":"","afp-pgexpertise-eng-innercontent-cta_text":"","afp-pgexpertise-eng-innercontent-cta_url":"","afp-pgexpertise-eng-capabilities-image":[],"afp-pgexpertise-eng-capabilities-title":"","afp-pgexpertise-eng-capabilities-content":"","mfi-mb-hero-enabled":"1","mfi-mb-hero-full-size":"0","mfi-mb-hero-height":"640","mfi-mb-hero-slide-group":[{"mfi-mb-hero-title-text":"Excellence en recherche et d\u00e9veloppement","mfi-mb-hero-title-color":"#ffffff","mfi-mb-hero-content":"Nos technologues en mati\u00e8re de recherche et de d\u00e9veloppement cr\u00e9ent plus que des produits d\u00e9licieux. Ils cr\u00e9ent des solutions qui suscitent l\u2019envie.","mfi-mb-hero-content-color":"#ffffff","mfi-mb-hero-align-option":"text-left","mfi-mb-hero-product-image-enabled":"1","mfi-mb-hero-product-image-style":"slice","mfi-mb-hero-product-primary-bg-color":"#67e1cf","mfi-mb-hero-product-image":["205"]}],"afp-gb--callout-icon":[],"afp-gb-afp-gb--contactbar-section-title-text":"","afp-gb-afp-gb--contactbar-section-title-color":"","afp-gb-afp-gb--contactbar-section-cta-group":[],"afp-hp-our-story-callouts-group":[],"afp-li-linkedin-interstitial-enable":"","afp-li-linkedin-interstitial-title-text":"","afp-li-linkedin-interstitial-content":"","afp-li-linkedin-interstitial-cta-text":"","afp-li-linkedin-interstitial-cta-url":"","afp-hp-section-title-group":[],"afp-hp-selected-products":[],"afp_careers_mb_intro_title":"","afp_careers_mb_intro_content":"","afp-no-cta_label":"","afp-no-nav_icon":[{"width":125,"height":125,"file":"\/expertise-research.svg","sizes":{"thumbnail":{"width":"150","height":"150","crop":"1","file":"expertise-research.svg","mime-type":"image\/svg+xml","url":"https:\/\/afpllc2.preprod.cloud0.savencia.net\/wp-content\/uploads\/expertise-research.svg"},"medium":{"width":"300","height":"300","crop":false,"file":"expertise-research.svg","mime-type":"image\/svg+xml","url":"https:\/\/afpllc2.preprod.cloud0.savencia.net\/wp-content\/uploads\/expertise-research.svg"},"medium_large":{"width":"768","height":"0","crop":false,"file":"expertise-research.svg","mime-type":"image\/svg+xml","url":"https:\/\/afpllc2.preprod.cloud0.savencia.net\/wp-content\/uploads\/expertise-research.svg"},"large":{"width":"1024","height":"1024","crop":false,"file":"expertise-research.svg","mime-type":"image\/svg+xml","url":"https:\/\/afpllc2.preprod.cloud0.savencia.net\/wp-content\/uploads\/expertise-research.svg"},"1536x1536":{"width":1536,"height":1536,"crop":0,"file":"expertise-research.svg","mime-type":"image\/svg+xml","url":"https:\/\/afpllc2.preprod.cloud0.savencia.net\/wp-content\/uploads\/expertise-research.svg"},"2048x2048":{"width":2048,"height":2048,"crop":0,"file":"expertise-research.svg","mime-type":"image\/svg+xml","url":"https:\/\/afpllc2.preprod.cloud0.savencia.net\/wp-content\/uploads\/expertise-research.svg"}},"ID":"524","name":"expertise-research.svg","path":"\/var\/www\/vhosts\/afpllc2.preprod.cloud0.savencia.net\/httpdocs\/wp-content\/uploads\/expertise-research.svg","url":"https:\/\/afpllc2.preprod.cloud0.savencia.net\/wp-content\/uploads\/expertise-research.svg","full_url":"https:\/\/afpllc2.preprod.cloud0.savencia.net\/wp-content\/uploads\/expertise-research.svg","title":"expertise-research","caption":"","description":"","alt":"advanced food products expertise and research","srcset":false}],"afp_ourstory_mb_history_title":"","afp_ourstory_mb_date_group":[],"afp_ourstory_mb_csr_content":"","afp_ourstory_mb_sustainability_title":"","afp_ourstory_mb_sustainability_group":[],"afp-pgproducts-category-heading-enabled":"","afp-pgproducts-category-heading-content":"","afp-pgproducts-category-heading-image":[],"afp-pgproducts-category-heading-cta":[],"afp-pgproducts-category-multicta-group":[],"afp-pgproducts-aseptic-rows-group":[],"winning_ltos":[],"sc_scam_title":"","sc_scam_content":"","infographic_headline":"","infographic_content":"","icons":[],"video_benefits":[],"facts_headline":"","facts_copy":"","facts_image":false,"facts_infographic":[],"lets_talk_headline":"","lets_talk_copy":"","lets_talk_icon":false,"bs_posts":[57017,57022,57028],"afp-bs-featured-categories":[],"mfi_pb_product_image":false,"mfi_pb_content":"","mfi_pb_cta":"","mfi_pb_cta_url":"","mfi_pb_products":[],"mfi_pb_stats_content":[],"mfi_pb_bar_title":"","mfi_pb_bar_content":"","mfi_pb_graph_image":false,"mfi_pb_more_info":"","mfi_pb_source":""},"_links":{"self":[{"href":"https:\/\/afpllc2.preprod.cloud0.savencia.net\/fr\/wp-json\/wp\/v2\/pages\/1828","targetHints":{"allow":["GET"]}}],"collection":[{"href":"https:\/\/afpllc2.preprod.cloud0.savencia.net\/fr\/wp-json\/wp\/v2\/pages"}],"about":[{"href":"https:\/\/afpllc2.preprod.cloud0.savencia.net\/fr\/wp-json\/wp\/v2\/types\/page"}],"author":[{"embeddable":true,"href":"https:\/\/afpllc2.preprod.cloud0.savencia.net\/fr\/wp-json\/wp\/v2\/users\/1"}],"replies":[{"embeddable":true,"href":"https:\/\/afpllc2.preprod.cloud0.savencia.net\/fr\/wp-json\/wp\/v2\/comments?post=1828"}],"version-history":[{"count":1,"href":"https:\/\/afpllc2.preprod.cloud0.savencia.net\/fr\/wp-json\/wp\/v2\/pages\/1828\/revisions"}],"predecessor-version":[{"id":1829,"href":"https:\/\/afpllc2.preprod.cloud0.savencia.net\/fr\/wp-json\/wp\/v2\/pages\/1828\/revisions\/1829"}],"up":[{"embeddable":true,"href":"https:\/\/afpllc2.preprod.cloud0.savencia.net\/fr\/wp-json\/wp\/v2\/pages\/1820"}],"wp:featuredmedia":[{"embeddable":true,"href":"https:\/\/afpllc2.preprod.cloud0.savencia.net\/fr\/wp-json\/wp\/v2\/media\/207"}],"wp:attachment":[{"href":"https:\/\/afpllc2.preprod.cloud0.savencia.net\/fr\/wp-json\/wp\/v2\/media?parent=1828"}],"curies":[{"name":"wp","href":"https:\/\/api.w.org\/{rel}","templated":true}]}}