{"id":1795,"date":"2021-12-14T16:01:08","date_gmt":"2021-12-14T21:01:08","guid":{"rendered":"https:\/\/afpllc2.preprod.cloud0.savencia.net\/produits\/soups\/"},"modified":"2025-11-18T09:36:58","modified_gmt":"2025-11-18T14:36:58","slug":"soupes","status":"publish","type":"page","link":"https:\/\/afpllc2.preprod.cloud0.savencia.net\/fr\/produits\/soupes\/","title":{"rendered":"Soupes"},"content":{"rendered":"","protected":false},"excerpt":{"rendered":"","protected":false},"author":1,"featured_media":2586,"parent":1779,"menu_order":57,"comment_status":"closed","ping_status":"closed","template":"page-product.php","meta":{"footnotes":""},"class_list":["post-1795","page","type-page","status-publish","has-post-thumbnail","hentry"],"yoast_head":"<!-- This site is optimized with the Yoast SEO plugin v27.4 - https:\/\/yoast.com\/product\/yoast-seo-wordpress\/ -->\n<title>Soupes - AFP<\/title>\n<meta name=\"robots\" content=\"noindex, follow, max-snippet:-1, max-image-preview:large, max-video-preview:-1\" \/>\n<meta property=\"og:locale\" content=\"fr_FR\" \/>\n<meta property=\"og:type\" content=\"article\" \/>\n<meta property=\"og:title\" content=\"Soupes - AFP\" \/>\n<meta property=\"og:url\" content=\"https:\/\/afpllc2.preprod.cloud0.savencia.net\/fr\/produits\/soupes\/\" \/>\n<meta property=\"og:site_name\" content=\"AFP\" \/>\n<meta property=\"article:modified_time\" content=\"2025-11-18T14:36:58+00:00\" \/>\n<meta property=\"og:image\" content=\"https:\/\/afpllc2.preprod.cloud0.savencia.net\/wp-content\/uploads\/product-category-hero-soups-new.jpg\" \/>\n\t<meta property=\"og:image:width\" content=\"960\" \/>\n\t<meta property=\"og:image:height\" content=\"880\" \/>\n\t<meta property=\"og:image:type\" content=\"image\/jpeg\" \/>\n<meta name=\"twitter:card\" content=\"summary_large_image\" \/>\n<meta name=\"twitter:label1\" content=\"Dur\u00e9e de lecture estim\u00e9e\" \/>\n\t<meta name=\"twitter:data1\" content=\"1 minute\" \/>\n<script type=\"application\/ld+json\" class=\"yoast-schema-graph\">{\"@context\":\"https:\\\/\\\/schema.org\",\"@graph\":[{\"@type\":\"WebPage\",\"@id\":\"https:\\\/\\\/afpllc2.preprod.cloud0.savencia.net\\\/fr\\\/produits\\\/soupes\\\/\",\"url\":\"https:\\\/\\\/afpllc2.preprod.cloud0.savencia.net\\\/fr\\\/produits\\\/soupes\\\/\",\"name\":\"Soupes - AFP\",\"isPartOf\":{\"@id\":\"https:\\\/\\\/afpllc2.preprod.cloud0.savencia.net\\\/fr\\\/#website\"},\"primaryImageOfPage\":{\"@id\":\"https:\\\/\\\/afpllc2.preprod.cloud0.savencia.net\\\/fr\\\/produits\\\/soupes\\\/#primaryimage\"},\"image\":{\"@id\":\"https:\\\/\\\/afpllc2.preprod.cloud0.savencia.net\\\/fr\\\/produits\\\/soupes\\\/#primaryimage\"},\"thumbnailUrl\":\"https:\\\/\\\/afpllc2.preprod.cloud0.savencia.net\\\/wp-content\\\/uploads\\\/product-category-hero-soups-new.jpg\",\"datePublished\":\"2021-12-14T21:01:08+00:00\",\"dateModified\":\"2025-11-18T14:36:58+00:00\",\"breadcrumb\":{\"@id\":\"https:\\\/\\\/afpllc2.preprod.cloud0.savencia.net\\\/fr\\\/produits\\\/soupes\\\/#breadcrumb\"},\"inLanguage\":\"fr-FR\",\"potentialAction\":[{\"@type\":\"ReadAction\",\"target\":[\"https:\\\/\\\/afpllc2.preprod.cloud0.savencia.net\\\/fr\\\/produits\\\/soupes\\\/\"]}]},{\"@type\":\"ImageObject\",\"inLanguage\":\"fr-FR\",\"@id\":\"https:\\\/\\\/afpllc2.preprod.cloud0.savencia.net\\\/fr\\\/produits\\\/soupes\\\/#primaryimage\",\"url\":\"https:\\\/\\\/afpllc2.preprod.cloud0.savencia.net\\\/wp-content\\\/uploads\\\/product-category-hero-soups-new.jpg\",\"contentUrl\":\"https:\\\/\\\/afpllc2.preprod.cloud0.savencia.net\\\/wp-content\\\/uploads\\\/product-category-hero-soups-new.jpg\",\"width\":960,\"height\":880,\"caption\":\"afp soups\"},{\"@type\":\"BreadcrumbList\",\"@id\":\"https:\\\/\\\/afpllc2.preprod.cloud0.savencia.net\\\/fr\\\/produits\\\/soupes\\\/#breadcrumb\",\"itemListElement\":[{\"@type\":\"ListItem\",\"position\":1,\"name\":\"Produits\",\"item\":\"https:\\\/\\\/afpllc2.preprod.cloud0.savencia.net\\\/fr\\\/produits\\\/\"},{\"@type\":\"ListItem\",\"position\":2,\"name\":\"Soupes\"}]},{\"@type\":\"WebSite\",\"@id\":\"https:\\\/\\\/afpllc2.preprod.cloud0.savencia.net\\\/fr\\\/#website\",\"url\":\"https:\\\/\\\/afpllc2.preprod.cloud0.savencia.net\\\/fr\\\/\",\"name\":\"AFP\",\"description\":\"Innovative Food Solutions.\",\"publisher\":{\"@id\":\"https:\\\/\\\/afpllc2.preprod.cloud0.savencia.net\\\/fr\\\/#organization\"},\"potentialAction\":[{\"@type\":\"SearchAction\",\"target\":{\"@type\":\"EntryPoint\",\"urlTemplate\":\"https:\\\/\\\/afpllc2.preprod.cloud0.savencia.net\\\/fr\\\/?s={search_term_string}\"},\"query-input\":{\"@type\":\"PropertyValueSpecification\",\"valueRequired\":true,\"valueName\":\"search_term_string\"}}],\"inLanguage\":\"fr-FR\"},{\"@type\":\"Organization\",\"@id\":\"https:\\\/\\\/afpllc2.preprod.cloud0.savencia.net\\\/fr\\\/#organization\",\"name\":\"AFP\",\"url\":\"https:\\\/\\\/afpllc2.preprod.cloud0.savencia.net\\\/fr\\\/\",\"logo\":{\"@type\":\"ImageObject\",\"inLanguage\":\"fr-FR\",\"@id\":\"https:\\\/\\\/afpllc2.preprod.cloud0.savencia.net\\\/fr\\\/#\\\/schema\\\/logo\\\/image\\\/\",\"url\":\"https:\\\/\\\/afpllc2.preprod.cloud0.savencia.net\\\/wp-content\\\/uploads\\\/2021\\\/11\\\/AFP-logo-color.svg\",\"contentUrl\":\"https:\\\/\\\/afpllc2.preprod.cloud0.savencia.net\\\/wp-content\\\/uploads\\\/2021\\\/11\\\/AFP-logo-color.svg\",\"width\":60,\"height\":40,\"caption\":\"AFP\"},\"image\":{\"@id\":\"https:\\\/\\\/afpllc2.preprod.cloud0.savencia.net\\\/fr\\\/#\\\/schema\\\/logo\\\/image\\\/\"}}]}<\/script>\n<!-- \/ Yoast SEO plugin. -->","yoast_head_json":{"title":"Soupes - AFP","robots":{"index":"noindex","follow":"follow","max-snippet":"max-snippet:-1","max-image-preview":"max-image-preview:large","max-video-preview":"max-video-preview:-1"},"og_locale":"fr_FR","og_type":"article","og_title":"Soupes - AFP","og_url":"https:\/\/afpllc2.preprod.cloud0.savencia.net\/fr\/produits\/soupes\/","og_site_name":"AFP","article_modified_time":"2025-11-18T14:36:58+00:00","og_image":[{"width":960,"height":880,"url":"https:\/\/afpllc2.preprod.cloud0.savencia.net\/wp-content\/uploads\/product-category-hero-soups-new.jpg","type":"image\/jpeg"}],"twitter_card":"summary_large_image","twitter_misc":{"Dur\u00e9e de lecture estim\u00e9e":"1 minute"},"schema":{"@context":"https:\/\/schema.org","@graph":[{"@type":"WebPage","@id":"https:\/\/afpllc2.preprod.cloud0.savencia.net\/fr\/produits\/soupes\/","url":"https:\/\/afpllc2.preprod.cloud0.savencia.net\/fr\/produits\/soupes\/","name":"Soupes - AFP","isPartOf":{"@id":"https:\/\/afpllc2.preprod.cloud0.savencia.net\/fr\/#website"},"primaryImageOfPage":{"@id":"https:\/\/afpllc2.preprod.cloud0.savencia.net\/fr\/produits\/soupes\/#primaryimage"},"image":{"@id":"https:\/\/afpllc2.preprod.cloud0.savencia.net\/fr\/produits\/soupes\/#primaryimage"},"thumbnailUrl":"https:\/\/afpllc2.preprod.cloud0.savencia.net\/wp-content\/uploads\/product-category-hero-soups-new.jpg","datePublished":"2021-12-14T21:01:08+00:00","dateModified":"2025-11-18T14:36:58+00:00","breadcrumb":{"@id":"https:\/\/afpllc2.preprod.cloud0.savencia.net\/fr\/produits\/soupes\/#breadcrumb"},"inLanguage":"fr-FR","potentialAction":[{"@type":"ReadAction","target":["https:\/\/afpllc2.preprod.cloud0.savencia.net\/fr\/produits\/soupes\/"]}]},{"@type":"ImageObject","inLanguage":"fr-FR","@id":"https:\/\/afpllc2.preprod.cloud0.savencia.net\/fr\/produits\/soupes\/#primaryimage","url":"https:\/\/afpllc2.preprod.cloud0.savencia.net\/wp-content\/uploads\/product-category-hero-soups-new.jpg","contentUrl":"https:\/\/afpllc2.preprod.cloud0.savencia.net\/wp-content\/uploads\/product-category-hero-soups-new.jpg","width":960,"height":880,"caption":"afp soups"},{"@type":"BreadcrumbList","@id":"https:\/\/afpllc2.preprod.cloud0.savencia.net\/fr\/produits\/soupes\/#breadcrumb","itemListElement":[{"@type":"ListItem","position":1,"name":"Produits","item":"https:\/\/afpllc2.preprod.cloud0.savencia.net\/fr\/produits\/"},{"@type":"ListItem","position":2,"name":"Soupes"}]},{"@type":"WebSite","@id":"https:\/\/afpllc2.preprod.cloud0.savencia.net\/fr\/#website","url":"https:\/\/afpllc2.preprod.cloud0.savencia.net\/fr\/","name":"AFP","description":"Innovative Food Solutions.","publisher":{"@id":"https:\/\/afpllc2.preprod.cloud0.savencia.net\/fr\/#organization"},"potentialAction":[{"@type":"SearchAction","target":{"@type":"EntryPoint","urlTemplate":"https:\/\/afpllc2.preprod.cloud0.savencia.net\/fr\/?s={search_term_string}"},"query-input":{"@type":"PropertyValueSpecification","valueRequired":true,"valueName":"search_term_string"}}],"inLanguage":"fr-FR"},{"@type":"Organization","@id":"https:\/\/afpllc2.preprod.cloud0.savencia.net\/fr\/#organization","name":"AFP","url":"https:\/\/afpllc2.preprod.cloud0.savencia.net\/fr\/","logo":{"@type":"ImageObject","inLanguage":"fr-FR","@id":"https:\/\/afpllc2.preprod.cloud0.savencia.net\/fr\/#\/schema\/logo\/image\/","url":"https:\/\/afpllc2.preprod.cloud0.savencia.net\/wp-content\/uploads\/2021\/11\/AFP-logo-color.svg","contentUrl":"https:\/\/afpllc2.preprod.cloud0.savencia.net\/wp-content\/uploads\/2021\/11\/AFP-logo-color.svg","width":60,"height":40,"caption":"AFP"},"image":{"@id":"https:\/\/afpllc2.preprod.cloud0.savencia.net\/fr\/#\/schema\/logo\/image\/"}}]}},"meta_box":{"afp-bs-featured-lp":"","afp-bs-featured-lp-title":"","afp-bs-featured-lp-copy":"","afp-bs-featured-cta-link":"","afp-bs-featured-cta-text":"","afp-bs-featured-lp-subtitle":"","afp-bs-featured-lp-posts":[],"afp-bs-featured-lp-posts-seemore":"","afp-bs-featured-recipes":[],"afp-bs-featured-trends":[],"afp-bs-featured-training-education":[],"afp-bs-featured-packaging-ideas":[],"afp-bs-featured-home-cta-label":"","afp-bs-more-solutions-heading":"","afp-bs-more-solutions-cta-label":"","afp-bs-more-solutions-category-label":"","afp-bs-product-featured-bs":[],"afp-pgchannels-section-title-group":[],"afp-Channels-icon":[],"afp-Channels-page-icon":[],"afp-Channels-channel-headline-group":[],"afp_calc_serving_size":"8","afp_calc_servings_per_day":"400","afp_calc_number_of_units":"3","afp-calculator":[{"afp_calc_storage":"Shelf-stable","afp_calc_shelf_life":"12 months","afp_calc_case":"6 pack","afp_calc_recipes":[{"_state":"expanded"}]}],"afp_calc_lockup":false,"afp_calc_disclaimer":"","location":[],"AFP-Contact-contact_from_shortcode":"","afp-hp-expertise-callout-title-text":"","afp-hp-expertise-callout-title-color":"","afp-hp-expertise-callout-content":"","afp-hp-expertise-callout-content-color":"","afp-hp-expertise-callouts-group":[],"afp-pgexpertise-page-icon":[],"afp-pgexpertise-expertise-headline-group":[],"afp-pgexpertise-expertise-enable-products":"","afp-pgexpertise-products-section":[],"afp-pgexpertise-content-section":[],"afp-pgexpertise-eng-product-group":[],"afp-pgexpertise-eng-productmoreinfo-group":[],"afp-pgexpertise-eng-innercontent-icon":[],"afp-pgexpertise-eng-innercontent-title":"","afp-pgexpertise-eng-innercontent-cta_text":"","afp-pgexpertise-eng-innercontent-cta_url":"","afp-pgexpertise-eng-capabilities-image":[],"afp-pgexpertise-eng-capabilities-title":"","afp-pgexpertise-eng-capabilities-content":"","mfi-mb-hero-enabled":"1","mfi-mb-hero-full-size":"0","mfi-mb-hero-height":"640","mfi-mb-hero-slide-group":[{"mfi-mb-hero-title-text":"\u00c9paisse, cr\u00e9meuse et d\u00e9licieuse.","mfi-mb-hero-align-option":"text-left","mfi-mb-hero-image":["1075"],"mfi-mb-hero-product-image-enabled":"1","mfi-mb-hero-product-image-style":"slice","mfi-mb-hero-product-primary-bg-color":"#67e1cf","mfi-mb-hero-product-image":["1075"],"mfi-mb-hero-product-text":"CURRY DE POIS VERTS ET DE PANEER","mfi-mb-hero-product-url":"\/fr\/business-solutions\/recettes\/curry-de-pois-verts-et-de-paneer\/"}],"afp-gb--callout-icon":[],"afp-gb-afp-gb--contactbar-section-title-text":"","afp-gb-afp-gb--contactbar-section-title-color":"","afp-gb-afp-gb--contactbar-section-cta-group":[],"afp-hp-our-story-callouts-group":[],"afp-li-linkedin-interstitial-enable":"","afp-li-linkedin-interstitial-title-text":"","afp-li-linkedin-interstitial-content":"","afp-li-linkedin-interstitial-cta-text":"","afp-li-linkedin-interstitial-cta-url":"","afp-hp-section-title-group":[],"afp-hp-selected-products":[],"afp_careers_mb_intro_title":"","afp_careers_mb_intro_content":"","afp-no-cta_label":"","afp-no-nav_icon":[],"afp_ourstory_mb_history_title":"","afp_ourstory_mb_date_group":[],"afp_ourstory_mb_csr_content":"","afp_ourstory_mb_sustainability_title":"","afp_ourstory_mb_sustainability_group":[],"afp-pgproducts-category-heading-enabled":"0","afp-pgproducts-category-heading-content":"Depuis 1940, Andersen\u2019s of Southern California produit ses soupes aux pois cass\u00e9s de style californien, enti\u00e8rement naturelles et mondialement connues. AFP propose d\u00e9sormais ces m\u00eames soupes au d\u00e9tail dans des bo\u00eetes pratiques de 15\u00a0oz. Les soupes Andersen\u2019s sont tr\u00e8s \u00e9paisses, riches et cr\u00e9meuses, avec un m\u00e9lange sp\u00e9cial d\u2019herbes et d\u2019\u00e9pices.","afp-pgproducts-category-heading-image":[{"width":360,"height":230,"file":"soups-product-lockup.png","sizes":{"medium":{"file":"soups-product-lockup-600x360.png","width":600,"height":360,"mime-type":"image\/png","url":"https:\/\/afpllc2.preprod.cloud0.savencia.net\/wp-content\/uploads\/soups-product-lockup-600x360.png"},"thumbnail":{"file":"soups-product-lockup-360x230.png","width":360,"height":230,"mime-type":"image\/png","url":"https:\/\/afpllc2.preprod.cloud0.savencia.net\/wp-content\/uploads\/soups-product-lockup-360x230.png"},"medium_large":{"file":"soups-product-lockup-768x461.png","width":768,"height":461,"mime-type":"image\/png","url":"https:\/\/afpllc2.preprod.cloud0.savencia.net\/wp-content\/uploads\/soups-product-lockup-768x461.png"},"bs-large-feature":{"file":"soups-product-lockup-840x560.png","width":840,"height":560,"mime-type":"image\/png","url":"https:\/\/afpllc2.preprod.cloud0.savencia.net\/wp-content\/uploads\/soups-product-lockup-840x560.png"},"bs-thumbnail":{"file":"soups-product-lockup-390x260.png","width":390,"height":260,"mime-type":"image\/png","url":"https:\/\/afpllc2.preprod.cloud0.savencia.net\/wp-content\/uploads\/soups-product-lockup-390x260.png"},"bs-more-thumbnail":{"file":"soups-product-lockup-355x380.png","width":355,"height":380,"mime-type":"image\/png","url":"https:\/\/afpllc2.preprod.cloud0.savencia.net\/wp-content\/uploads\/soups-product-lockup-355x380.png"}},"image_meta":{"aperture":"0","credit":"","camera":"","caption":"","created_timestamp":"0","copyright":"","focal_length":"0","iso":"0","shutter_speed":"0","title":"","orientation":"0","keywords":[]},"ID":"2947","name":"soups-product-lockup.png","path":"\/var\/www\/vhosts\/afpllc2.preprod.cloud0.savencia.net\/httpdocs\/wp-content\/uploads\/soups-product-lockup.png","url":"https:\/\/afpllc2.preprod.cloud0.savencia.net\/wp-content\/uploads\/soups-product-lockup-360x230.png","full_url":"https:\/\/afpllc2.preprod.cloud0.savencia.net\/wp-content\/uploads\/soups-product-lockup.png","title":"soups-product-lockup","caption":"","description":"","alt":"afp soups","srcset":false}],"afp-pgproducts-category-heading-cta":[{"afp-pgproducts-product-files-cta-group":{"afp-pgproducts-product-files-cta-text":"Soups Sell Sheet","afp-pgproducts-product-files-cta-url":"\/wp-content\/uploads\/AFP_SellSheet_OCT2022_Andersens_LR.pdf","afp-pgproducts-product-files-cta-target":"1"}},{"afp-pgproducts-product-files-icon":["21404"],"afp-pgproducts-product-files-cta-group":{"afp-pgproducts-product-files-cta-text":"Product Portfolio","afp-pgproducts-product-files-cta-url":"\/wp-content\/uploads\/2023_Product_BRO-2.pdf","afp-pgproducts-product-files-cta-target":"1"}}],"afp-pgproducts-category-multicta-group":[],"afp-pgproducts-aseptic-rows-group":[{"afp-pgproducts-aseptic-row-benefit-group":{"afp-pgproducts-aseptic-row-benefit-title-text":"Avantages de l\u2019asepsie","afp-pgproducts-aseptic-benefit-icons-group":[{"afp-pgproducts-aseptic-benefit-icon":["712"],"afp-pgproducts-aseptic-benefit-icon-text":"Longue dur\u00e9e de conservation"},{"afp-pgproducts-aseptic-benefit-icon":["716"],"afp-pgproducts-aseptic-benefit-icon-text":"Stabilit\u00e9 en rayon"},{"afp-pgproducts-aseptic-benefit-icon":["704"],"afp-pgproducts-aseptic-benefit-icon-text":"Pr\u00e9servation optimale de la fra\u00eecheur et de la saveur"}]},"afp-pgproducts-aseptic-row-flavor-group":{"afp-pgproducts-aseptic-row-flavor-title-text":"Saveurs","afp-pgproducts-aseptic-flavor-group":[{"afp-pgproducts-aseptic-flavor-text":"Pois cass\u00e9s"},{"afp-pgproducts-aseptic-flavor-text":"Pois cass\u00e9s avec du bacon"}]},"afp-pgproducts-aseptic-row-packaging-group":{"afp-pgproducts-aseptic-row-packaging-title-text":"Options d\u2019emballage","afp-pgproducts-aseptic-packaging-group":[{"afp-pgproducts-aseptic-packaging-text":"Bo\u00eete de conserve de 15\u00a0oz ","afp-pgproducts-aseptic-packaging-conversion":"425 g"}],"afp-pgproducts-packaging-expert-cta-group":{"afp-pgproducts-packaging-expert-cta-text":"Expertise en emballage","afp-pgproducts-packaging-expert-cta-url":"\/fr\/expertise-fr\/ingenierie-des-emballages\/"}}}],"winning_ltos":[],"sc_scam_title":"","sc_scam_content":"","infographic_headline":"","infographic_content":"","icons":[],"video_benefits":[],"facts_headline":"","facts_copy":"","facts_image":false,"facts_infographic":[],"lets_talk_headline":"","lets_talk_copy":"","lets_talk_icon":false,"bs_posts":[],"afp-bs-featured-categories":[],"mfi_pb_product_image":false,"mfi_pb_content":"","mfi_pb_cta":"","mfi_pb_cta_url":"","mfi_pb_products":[],"mfi_pb_stats_content":[],"mfi_pb_bar_title":"","mfi_pb_bar_content":"","mfi_pb_graph_image":false,"mfi_pb_more_info":"","mfi_pb_source":""},"_links":{"self":[{"href":"https:\/\/afpllc2.preprod.cloud0.savencia.net\/fr\/wp-json\/wp\/v2\/pages\/1795","targetHints":{"allow":["GET"]}}],"collection":[{"href":"https:\/\/afpllc2.preprod.cloud0.savencia.net\/fr\/wp-json\/wp\/v2\/pages"}],"about":[{"href":"https:\/\/afpllc2.preprod.cloud0.savencia.net\/fr\/wp-json\/wp\/v2\/types\/page"}],"author":[{"embeddable":true,"href":"https:\/\/afpllc2.preprod.cloud0.savencia.net\/fr\/wp-json\/wp\/v2\/users\/1"}],"replies":[{"embeddable":true,"href":"https:\/\/afpllc2.preprod.cloud0.savencia.net\/fr\/wp-json\/wp\/v2\/comments?post=1795"}],"version-history":[{"count":1,"href":"https:\/\/afpllc2.preprod.cloud0.savencia.net\/fr\/wp-json\/wp\/v2\/pages\/1795\/revisions"}],"predecessor-version":[{"id":1796,"href":"https:\/\/afpllc2.preprod.cloud0.savencia.net\/fr\/wp-json\/wp\/v2\/pages\/1795\/revisions\/1796"}],"up":[{"embeddable":true,"href":"https:\/\/afpllc2.preprod.cloud0.savencia.net\/fr\/wp-json\/wp\/v2\/pages\/1779"}],"wp:featuredmedia":[{"embeddable":true,"href":"https:\/\/afpllc2.preprod.cloud0.savencia.net\/fr\/wp-json\/wp\/v2\/media\/2586"}],"wp:attachment":[{"href":"https:\/\/afpllc2.preprod.cloud0.savencia.net\/fr\/wp-json\/wp\/v2\/media?parent=1795"}],"curies":[{"name":"wp","href":"https:\/\/api.w.org\/{rel}","templated":true}]}}