{"id":1767,"date":"2021-12-16T11:17:27","date_gmt":"2021-12-16T16:17:27","guid":{"rendered":"https:\/\/afpllc2.preprod.cloud0.savencia.net\/notice-of-right-to-opt-out\/"},"modified":"2024-12-03T15:35:04","modified_gmt":"2024-12-03T20:35:04","slug":"avis-de-droit-de-retrait","status":"publish","type":"page","link":"https:\/\/afpllc2.preprod.cloud0.savencia.net\/fr\/avis-de-droit-de-retrait\/","title":{"rendered":"Avis de droit de retrait"},"content":{"rendered":"<h3><strong>Cookies de tiers<\/strong><\/h3>\n<p>Comme de nombreuses entreprises, nous autorisons certains partenaires publicitaires tiers \u00e0 placer des technologies de suivi telles que des cookies et des pixels sur nos sites web.\u00a0 Cette technologie permet \u00e0 ces partenaires publicitaires de recevoir des informations sur vos activit\u00e9s sur notre site web, qui sont ensuite associ\u00e9es \u00e0 votre navigateur, votre appareil ou votre identifiant en ligne.\u00a0 Ces soci\u00e9t\u00e9s peuvent utiliser ces donn\u00e9es pour vous proposer des publicit\u00e9s bas\u00e9es sur vos centres d\u2019int\u00e9r\u00eat lorsque vous naviguez sur Internet.<\/p>\n<h3><strong>Votre droit de refus<\/strong><\/h3>\n<p>En vertu de la loi californienne sur la protection de la vie priv\u00e9e, vous avez le droit de refuser le partage de vos donn\u00e9es \u00e0 des fins de publicit\u00e9 en ligne cibl\u00e9e.\u00a0 Vous pouvez exercer votre droit de refuser les cookies publicitaires en utilisant notre outil de pr\u00e9f\u00e9rence en mati\u00e8re de cookies disponible\u00a0<a class=\"ot-sdk-show-settings\">ici<\/a>.\u00a0 Si vous vous d\u00e9sengagez, vous continuerez \u00e0 voir des publicit\u00e9s, mais elles ne seront pas personnalis\u00e9es en fonction de votre activit\u00e9 en ligne.\u00a0 Veuillez noter que si vous d\u00e9sactivez vos cookies ou mettez \u00e0 jour votre navigateur apr\u00e8s avoir exerc\u00e9 votre droit de retrait, vous devrez le faire \u00e0 nouveau.\u00a0 En outre, si vous utilisez plusieurs navigateurs ou appareils, vous devrez ex\u00e9cuter cette option de refus sur chaque navigateur ou appareil.\u00a0 En outre, lorsque nous d\u00e9tectons un signal Global Privacy Control (GPC) provenant du navigateur d\u2019un utilisateur en Californie, nous cessons de partager les informations personnelles de l\u2019utilisateur en ligne avec d\u2019autres entreprises (\u00e0 l\u2019exception de nos fournisseurs de services). Pour en savoir plus sur le GPC et sur la mani\u00e8re de l\u2019activer dans votre navigateur, consultez le\u00a0<a href=\"https:\/\/globalprivacycontrol.org\/\" target=\"_blank\" rel=\"noopener\">site web du Global Privacy Control<\/a>.<\/p>\n<p>Vous pouvez \u00e9galement refuser de recevoir des publicit\u00e9s cibl\u00e9es de la part d\u2019annonceurs tiers et de r\u00e9seaux publicitaires membres de la Network Advertising Initiative (NAI) en visitant le site\u00a0<a href=\"http:\/\/optout.networkadvertising.org\/\" target=\"_blank\" rel=\"noopener\">http:\/\/optout.networkadvertising.org\/<\/a>.\u00a0 Vous pouvez refuser de recevoir des publicit\u00e9s cibl\u00e9es de la part d\u2019autres soci\u00e9t\u00e9s qui fournissent des services de publicit\u00e9 bas\u00e9e sur les centres d\u2019int\u00e9r\u00eat, y compris certaines avec lesquelles nous pouvons travailler, via le site de la Digital Advertising Alliance (DAA) \u00e0 l\u2019adresse\u00a0<a href=\"http:\/\/optout.aboutads.info\/\" target=\"_blank\" rel=\"noopener\">http:\/\/optout.aboutads.info\/<\/a>.<\/p>\n<h3><strong>Politique de confidentialit\u00e9<\/strong><\/h3>\n<p>Pour plus de d\u00e9tails sur la mani\u00e8re dont nous utilisons vos donn\u00e9es, veuillez consulter notre\u00a0<a href=\"\/privacy-policy\/\">politique de confidentialit\u00e9<\/a>.<\/p>\n","protected":false},"excerpt":{"rendered":"<p>Cookies de tiers Comme de nombreuses entreprises, nous autorisons certains partenaires publicitaires tiers \u00e0 placer des technologies de suivi telles que des cookies et des pixels sur nos sites web.\u00a0 Cette technologie permet \u00e0 ces partenaires publicitaires de recevoir des informations sur vos activit\u00e9s sur notre site web, qui sont ensuite associ\u00e9es \u00e0 votre navigateur, [&hellip;]<\/p>\n","protected":false},"author":1,"featured_media":0,"parent":0,"menu_order":27,"comment_status":"closed","ping_status":"closed","template":"","meta":{"footnotes":""},"class_list":["post-1767","page","type-page","status-publish","hentry"],"yoast_head":"<!-- This site is optimized with the Yoast SEO plugin v27.4 - https:\/\/yoast.com\/product\/yoast-seo-wordpress\/ -->\n<title>Avis de droit de retrait - AFP<\/title>\n<meta name=\"robots\" content=\"noindex, follow, max-snippet:-1, max-image-preview:large, max-video-preview:-1\" \/>\n<meta property=\"og:locale\" content=\"fr_FR\" \/>\n<meta property=\"og:type\" content=\"article\" \/>\n<meta property=\"og:title\" content=\"Avis de droit de retrait - AFP\" \/>\n<meta property=\"og:description\" content=\"Cookies de tiers Comme de nombreuses entreprises, nous autorisons certains partenaires publicitaires tiers \u00e0 placer des technologies de suivi telles que des cookies et des pixels sur nos sites web.\u00a0 Cette technologie permet \u00e0 ces partenaires publicitaires de recevoir des informations sur vos activit\u00e9s sur notre site web, qui sont ensuite associ\u00e9es \u00e0 votre navigateur, [&hellip;]\" \/>\n<meta property=\"og:url\" content=\"https:\/\/afpllc2.preprod.cloud0.savencia.net\/fr\/avis-de-droit-de-retrait\/\" \/>\n<meta property=\"og:site_name\" content=\"AFP\" \/>\n<meta property=\"article:modified_time\" content=\"2024-12-03T20:35:04+00:00\" \/>\n<meta name=\"twitter:card\" content=\"summary_large_image\" \/>\n<meta name=\"twitter:label1\" content=\"Dur\u00e9e de lecture estim\u00e9e\" \/>\n\t<meta name=\"twitter:data1\" content=\"2 minutes\" \/>\n<script type=\"application\/ld+json\" class=\"yoast-schema-graph\">{\"@context\":\"https:\\\/\\\/schema.org\",\"@graph\":[{\"@type\":\"WebPage\",\"@id\":\"https:\\\/\\\/afpllc2.preprod.cloud0.savencia.net\\\/fr\\\/avis-de-droit-de-retrait\\\/\",\"url\":\"https:\\\/\\\/afpllc2.preprod.cloud0.savencia.net\\\/fr\\\/avis-de-droit-de-retrait\\\/\",\"name\":\"Avis de droit de retrait - AFP\",\"isPartOf\":{\"@id\":\"https:\\\/\\\/afpllc2.preprod.cloud0.savencia.net\\\/fr\\\/#website\"},\"datePublished\":\"2021-12-16T16:17:27+00:00\",\"dateModified\":\"2024-12-03T20:35:04+00:00\",\"inLanguage\":\"fr-FR\",\"potentialAction\":[{\"@type\":\"ReadAction\",\"target\":[\"https:\\\/\\\/afpllc2.preprod.cloud0.savencia.net\\\/fr\\\/avis-de-droit-de-retrait\\\/\"]}]},{\"@type\":\"WebSite\",\"@id\":\"https:\\\/\\\/afpllc2.preprod.cloud0.savencia.net\\\/fr\\\/#website\",\"url\":\"https:\\\/\\\/afpllc2.preprod.cloud0.savencia.net\\\/fr\\\/\",\"name\":\"AFP\",\"description\":\"Innovative Food Solutions.\",\"publisher\":{\"@id\":\"https:\\\/\\\/afpllc2.preprod.cloud0.savencia.net\\\/fr\\\/#organization\"},\"potentialAction\":[{\"@type\":\"SearchAction\",\"target\":{\"@type\":\"EntryPoint\",\"urlTemplate\":\"https:\\\/\\\/afpllc2.preprod.cloud0.savencia.net\\\/fr\\\/?s={search_term_string}\"},\"query-input\":{\"@type\":\"PropertyValueSpecification\",\"valueRequired\":true,\"valueName\":\"search_term_string\"}}],\"inLanguage\":\"fr-FR\"},{\"@type\":\"Organization\",\"@id\":\"https:\\\/\\\/afpllc2.preprod.cloud0.savencia.net\\\/fr\\\/#organization\",\"name\":\"AFP\",\"url\":\"https:\\\/\\\/afpllc2.preprod.cloud0.savencia.net\\\/fr\\\/\",\"logo\":{\"@type\":\"ImageObject\",\"inLanguage\":\"fr-FR\",\"@id\":\"https:\\\/\\\/afpllc2.preprod.cloud0.savencia.net\\\/fr\\\/#\\\/schema\\\/logo\\\/image\\\/\",\"url\":\"https:\\\/\\\/afpllc2.preprod.cloud0.savencia.net\\\/wp-content\\\/uploads\\\/2021\\\/11\\\/AFP-logo-color.svg\",\"contentUrl\":\"https:\\\/\\\/afpllc2.preprod.cloud0.savencia.net\\\/wp-content\\\/uploads\\\/2021\\\/11\\\/AFP-logo-color.svg\",\"width\":60,\"height\":40,\"caption\":\"AFP\"},\"image\":{\"@id\":\"https:\\\/\\\/afpllc2.preprod.cloud0.savencia.net\\\/fr\\\/#\\\/schema\\\/logo\\\/image\\\/\"}}]}<\/script>\n<!-- \/ Yoast SEO plugin. -->","yoast_head_json":{"title":"Avis de droit de retrait - AFP","robots":{"index":"noindex","follow":"follow","max-snippet":"max-snippet:-1","max-image-preview":"max-image-preview:large","max-video-preview":"max-video-preview:-1"},"og_locale":"fr_FR","og_type":"article","og_title":"Avis de droit de retrait - AFP","og_description":"Cookies de tiers Comme de nombreuses entreprises, nous autorisons certains partenaires publicitaires tiers \u00e0 placer des technologies de suivi telles que des cookies et des pixels sur nos sites web.\u00a0 Cette technologie permet \u00e0 ces partenaires publicitaires de recevoir des informations sur vos activit\u00e9s sur notre site web, qui sont ensuite associ\u00e9es \u00e0 votre navigateur, [&hellip;]","og_url":"https:\/\/afpllc2.preprod.cloud0.savencia.net\/fr\/avis-de-droit-de-retrait\/","og_site_name":"AFP","article_modified_time":"2024-12-03T20:35:04+00:00","twitter_card":"summary_large_image","twitter_misc":{"Dur\u00e9e de lecture estim\u00e9e":"2 minutes"},"schema":{"@context":"https:\/\/schema.org","@graph":[{"@type":"WebPage","@id":"https:\/\/afpllc2.preprod.cloud0.savencia.net\/fr\/avis-de-droit-de-retrait\/","url":"https:\/\/afpllc2.preprod.cloud0.savencia.net\/fr\/avis-de-droit-de-retrait\/","name":"Avis de droit de retrait - AFP","isPartOf":{"@id":"https:\/\/afpllc2.preprod.cloud0.savencia.net\/fr\/#website"},"datePublished":"2021-12-16T16:17:27+00:00","dateModified":"2024-12-03T20:35:04+00:00","inLanguage":"fr-FR","potentialAction":[{"@type":"ReadAction","target":["https:\/\/afpllc2.preprod.cloud0.savencia.net\/fr\/avis-de-droit-de-retrait\/"]}]},{"@type":"WebSite","@id":"https:\/\/afpllc2.preprod.cloud0.savencia.net\/fr\/#website","url":"https:\/\/afpllc2.preprod.cloud0.savencia.net\/fr\/","name":"AFP","description":"Innovative Food Solutions.","publisher":{"@id":"https:\/\/afpllc2.preprod.cloud0.savencia.net\/fr\/#organization"},"potentialAction":[{"@type":"SearchAction","target":{"@type":"EntryPoint","urlTemplate":"https:\/\/afpllc2.preprod.cloud0.savencia.net\/fr\/?s={search_term_string}"},"query-input":{"@type":"PropertyValueSpecification","valueRequired":true,"valueName":"search_term_string"}}],"inLanguage":"fr-FR"},{"@type":"Organization","@id":"https:\/\/afpllc2.preprod.cloud0.savencia.net\/fr\/#organization","name":"AFP","url":"https:\/\/afpllc2.preprod.cloud0.savencia.net\/fr\/","logo":{"@type":"ImageObject","inLanguage":"fr-FR","@id":"https:\/\/afpllc2.preprod.cloud0.savencia.net\/fr\/#\/schema\/logo\/image\/","url":"https:\/\/afpllc2.preprod.cloud0.savencia.net\/wp-content\/uploads\/2021\/11\/AFP-logo-color.svg","contentUrl":"https:\/\/afpllc2.preprod.cloud0.savencia.net\/wp-content\/uploads\/2021\/11\/AFP-logo-color.svg","width":60,"height":40,"caption":"AFP"},"image":{"@id":"https:\/\/afpllc2.preprod.cloud0.savencia.net\/fr\/#\/schema\/logo\/image\/"}}]}},"meta_box":{"afp-bs-featured-lp":"","afp-bs-featured-lp-title":"","afp-bs-featured-lp-copy":"","afp-bs-featured-cta-link":"","afp-bs-featured-cta-text":"","afp-bs-featured-lp-subtitle":"","afp-bs-featured-lp-posts":[],"afp-bs-featured-lp-posts-seemore":"","afp-bs-featured-recipes":[],"afp-bs-featured-trends":[],"afp-bs-featured-training-education":[],"afp-bs-featured-packaging-ideas":[],"afp-bs-featured-home-cta-label":"","afp-bs-more-solutions-heading":"","afp-bs-more-solutions-cta-label":"","afp-bs-more-solutions-category-label":"","afp-bs-product-featured-bs":[],"afp-pgchannels-section-title-group":[],"afp-Channels-icon":[],"afp-Channels-page-icon":[],"afp-Channels-channel-headline-group":[],"afp_calc_serving_size":"8","afp_calc_servings_per_day":"400","afp_calc_number_of_units":"3","afp-calculator":[{"afp_calc_storage":"Shelf-stable","afp_calc_shelf_life":"12 months","afp_calc_case":"6 pack","afp_calc_recipes":[{"_state":"expanded"}]}],"afp_calc_lockup":false,"afp_calc_disclaimer":"","location":[],"AFP-Contact-contact_from_shortcode":"","afp-hp-expertise-callout-title-text":"","afp-hp-expertise-callout-title-color":"","afp-hp-expertise-callout-content":"","afp-hp-expertise-callout-content-color":"","afp-hp-expertise-callouts-group":[],"afp-pgexpertise-page-icon":[],"afp-pgexpertise-expertise-headline-group":[],"afp-pgexpertise-expertise-enable-products":"","afp-pgexpertise-products-section":[],"afp-pgexpertise-content-section":[],"afp-pgexpertise-eng-product-group":[],"afp-pgexpertise-eng-productmoreinfo-group":[],"afp-pgexpertise-eng-innercontent-icon":[],"afp-pgexpertise-eng-innercontent-title":"","afp-pgexpertise-eng-innercontent-cta_text":"","afp-pgexpertise-eng-innercontent-cta_url":"","afp-pgexpertise-eng-capabilities-image":[],"afp-pgexpertise-eng-capabilities-title":"","afp-pgexpertise-eng-capabilities-content":"","mfi-mb-hero-enabled":"0","mfi-mb-hero-full-size":"0","mfi-mb-hero-height":"","mfi-mb-hero-slide-group":[{"mfi-mb-hero-align-option":"text-left","mfi-mb-hero-product-image-style":"overlap"}],"afp-gb--callout-icon":[],"afp-gb-afp-gb--contactbar-section-title-text":"","afp-gb-afp-gb--contactbar-section-title-color":"","afp-gb-afp-gb--contactbar-section-cta-group":[],"afp-hp-our-story-callouts-group":[],"afp-li-linkedin-interstitial-enable":"","afp-li-linkedin-interstitial-title-text":"","afp-li-linkedin-interstitial-content":"","afp-li-linkedin-interstitial-cta-text":"","afp-li-linkedin-interstitial-cta-url":"","afp-hp-section-title-group":[],"afp-hp-selected-products":[],"afp_careers_mb_intro_title":"","afp_careers_mb_intro_content":"","afp-no-cta_label":"","afp-no-nav_icon":[],"afp_ourstory_mb_history_title":"","afp_ourstory_mb_date_group":[],"afp_ourstory_mb_csr_content":"","afp_ourstory_mb_sustainability_title":"","afp_ourstory_mb_sustainability_group":[],"afp-pgproducts-category-heading-enabled":"","afp-pgproducts-category-heading-content":"","afp-pgproducts-category-heading-image":[],"afp-pgproducts-category-heading-cta":[],"afp-pgproducts-category-multicta-group":[],"afp-pgproducts-aseptic-rows-group":[],"winning_ltos":[],"sc_scam_title":"","sc_scam_content":"","infographic_headline":"","infographic_content":"","icons":[],"video_benefits":[],"facts_headline":"","facts_copy":"","facts_image":false,"facts_infographic":[],"lets_talk_headline":"","lets_talk_copy":"","lets_talk_icon":false,"bs_posts":[],"afp-bs-featured-categories":[],"mfi_pb_product_image":false,"mfi_pb_content":"","mfi_pb_cta":"","mfi_pb_cta_url":"","mfi_pb_products":[],"mfi_pb_stats_content":[],"mfi_pb_bar_title":"","mfi_pb_bar_content":"","mfi_pb_graph_image":false,"mfi_pb_more_info":"","mfi_pb_source":""},"_links":{"self":[{"href":"https:\/\/afpllc2.preprod.cloud0.savencia.net\/fr\/wp-json\/wp\/v2\/pages\/1767","targetHints":{"allow":["GET"]}}],"collection":[{"href":"https:\/\/afpllc2.preprod.cloud0.savencia.net\/fr\/wp-json\/wp\/v2\/pages"}],"about":[{"href":"https:\/\/afpllc2.preprod.cloud0.savencia.net\/fr\/wp-json\/wp\/v2\/types\/page"}],"author":[{"embeddable":true,"href":"https:\/\/afpllc2.preprod.cloud0.savencia.net\/fr\/wp-json\/wp\/v2\/users\/1"}],"replies":[{"embeddable":true,"href":"https:\/\/afpllc2.preprod.cloud0.savencia.net\/fr\/wp-json\/wp\/v2\/comments?post=1767"}],"version-history":[{"count":3,"href":"https:\/\/afpllc2.preprod.cloud0.savencia.net\/fr\/wp-json\/wp\/v2\/pages\/1767\/revisions"}],"predecessor-version":[{"id":56077,"href":"https:\/\/afpllc2.preprod.cloud0.savencia.net\/fr\/wp-json\/wp\/v2\/pages\/1767\/revisions\/56077"}],"wp:attachment":[{"href":"https:\/\/afpllc2.preprod.cloud0.savencia.net\/fr\/wp-json\/wp\/v2\/media?parent=1767"}],"curies":[{"name":"wp","href":"https:\/\/api.w.org\/{rel}","templated":true}]}}