{"id":56971,"date":"2024-12-30T14:24:01","date_gmt":"2024-12-30T19:24:01","guid":{"rendered":"https:\/\/afpllc2.preprod.cloud0.savencia.net\/?page_id=56971"},"modified":"2024-12-30T14:42:23","modified_gmt":"2024-12-30T19:42:23","slug":"la-salsa-de-queso-sale-a-cuenta","status":"publish","type":"page","link":"https:\/\/afpllc2.preprod.cloud0.savencia.net\/es\/la-salsa-de-queso-sale-a-cuenta\/","title":{"rendered":"La salsa de queso sale a cuenta"},"content":{"rendered":"<p>Calculate and compare the cost of cheese formats and find out if you\u2019re getting the most bang for your buck. Use our pre-populated industry averages or input your current cheese expenses. Our calculator will then output costs and other key information.<\/p>\n","protected":false},"excerpt":{"rendered":"<p>Calculate and compare the cost of cheese formats and find out if you\u2019re getting the most bang for your buck. Use our pre-populated industry averages or input your current cheese expenses. Our calculator will then output costs and other key information.<\/p>\n","protected":false},"author":1,"featured_media":0,"parent":0,"menu_order":22,"comment_status":"closed","ping_status":"closed","template":"page-cheese-sauce-benefits.php","meta":{"footnotes":""},"class_list":["post-56971","page","type-page","status-publish","hentry"],"yoast_head":"<!-- This site is optimized with the Yoast SEO plugin v27.4 - https:\/\/yoast.com\/product\/yoast-seo-wordpress\/ -->\n<title>La salsa de queso sale a cuenta - AFP<\/title>\n<meta name=\"robots\" content=\"noindex, follow, max-snippet:-1, max-image-preview:large, max-video-preview:-1\" \/>\n<meta property=\"og:locale\" content=\"es_ES\" \/>\n<meta property=\"og:type\" content=\"article\" \/>\n<meta property=\"og:title\" content=\"La salsa de queso sale a cuenta - AFP\" \/>\n<meta property=\"og:description\" content=\"Calculate and compare the cost of cheese formats and find out if you\u2019re getting the most bang for your buck. Use our pre-populated industry averages or input your current cheese expenses. Our calculator will then output costs and other key information.\" \/>\n<meta property=\"og:url\" content=\"https:\/\/afpllc2.preprod.cloud0.savencia.net\/es\/la-salsa-de-queso-sale-a-cuenta\/\" \/>\n<meta property=\"og:site_name\" content=\"AFP\" \/>\n<meta property=\"article:modified_time\" content=\"2024-12-30T19:42:23+00:00\" \/>\n<meta name=\"twitter:card\" content=\"summary_large_image\" \/>\n<meta name=\"twitter:label1\" content=\"Tiempo de lectura\" \/>\n\t<meta name=\"twitter:data1\" content=\"1 minuto\" \/>\n<script type=\"application\/ld+json\" class=\"yoast-schema-graph\">{\"@context\":\"https:\\\/\\\/schema.org\",\"@graph\":[{\"@type\":\"WebPage\",\"@id\":\"https:\\\/\\\/afpllc2.preprod.cloud0.savencia.net\\\/es\\\/la-salsa-de-queso-sale-a-cuenta\\\/\",\"url\":\"https:\\\/\\\/afpllc2.preprod.cloud0.savencia.net\\\/es\\\/la-salsa-de-queso-sale-a-cuenta\\\/\",\"name\":\"La salsa de queso sale a cuenta - AFP\",\"isPartOf\":{\"@id\":\"https:\\\/\\\/afpllc2.preprod.cloud0.savencia.net\\\/es\\\/#website\"},\"datePublished\":\"2024-12-30T19:24:01+00:00\",\"dateModified\":\"2024-12-30T19:42:23+00:00\",\"inLanguage\":\"es\",\"potentialAction\":[{\"@type\":\"ReadAction\",\"target\":[\"https:\\\/\\\/afpllc2.preprod.cloud0.savencia.net\\\/es\\\/la-salsa-de-queso-sale-a-cuenta\\\/\"]}]},{\"@type\":\"WebSite\",\"@id\":\"https:\\\/\\\/afpllc2.preprod.cloud0.savencia.net\\\/es\\\/#website\",\"url\":\"https:\\\/\\\/afpllc2.preprod.cloud0.savencia.net\\\/es\\\/\",\"name\":\"AFP\",\"description\":\"Innovative Food Solutions.\",\"publisher\":{\"@id\":\"https:\\\/\\\/afpllc2.preprod.cloud0.savencia.net\\\/es\\\/#organization\"},\"potentialAction\":[{\"@type\":\"SearchAction\",\"target\":{\"@type\":\"EntryPoint\",\"urlTemplate\":\"https:\\\/\\\/afpllc2.preprod.cloud0.savencia.net\\\/es\\\/?s={search_term_string}\"},\"query-input\":{\"@type\":\"PropertyValueSpecification\",\"valueRequired\":true,\"valueName\":\"search_term_string\"}}],\"inLanguage\":\"es\"},{\"@type\":\"Organization\",\"@id\":\"https:\\\/\\\/afpllc2.preprod.cloud0.savencia.net\\\/es\\\/#organization\",\"name\":\"AFP\",\"url\":\"https:\\\/\\\/afpllc2.preprod.cloud0.savencia.net\\\/es\\\/\",\"logo\":{\"@type\":\"ImageObject\",\"inLanguage\":\"es\",\"@id\":\"https:\\\/\\\/afpllc2.preprod.cloud0.savencia.net\\\/es\\\/#\\\/schema\\\/logo\\\/image\\\/\",\"url\":\"https:\\\/\\\/afpllc2.preprod.cloud0.savencia.net\\\/wp-content\\\/uploads\\\/2021\\\/11\\\/AFP-logo-color.svg\",\"contentUrl\":\"https:\\\/\\\/afpllc2.preprod.cloud0.savencia.net\\\/wp-content\\\/uploads\\\/2021\\\/11\\\/AFP-logo-color.svg\",\"width\":60,\"height\":40,\"caption\":\"AFP\"},\"image\":{\"@id\":\"https:\\\/\\\/afpllc2.preprod.cloud0.savencia.net\\\/es\\\/#\\\/schema\\\/logo\\\/image\\\/\"}}]}<\/script>\n<!-- \/ Yoast SEO plugin. -->","yoast_head_json":{"title":"La salsa de queso sale a cuenta - AFP","robots":{"index":"noindex","follow":"follow","max-snippet":"max-snippet:-1","max-image-preview":"max-image-preview:large","max-video-preview":"max-video-preview:-1"},"og_locale":"es_ES","og_type":"article","og_title":"La salsa de queso sale a cuenta - AFP","og_description":"Calculate and compare the cost of cheese formats and find out if you\u2019re getting the most bang for your buck. Use our pre-populated industry averages or input your current cheese expenses. Our calculator will then output costs and other key information.","og_url":"https:\/\/afpllc2.preprod.cloud0.savencia.net\/es\/la-salsa-de-queso-sale-a-cuenta\/","og_site_name":"AFP","article_modified_time":"2024-12-30T19:42:23+00:00","twitter_card":"summary_large_image","twitter_misc":{"Tiempo de lectura":"1 minuto"},"schema":{"@context":"https:\/\/schema.org","@graph":[{"@type":"WebPage","@id":"https:\/\/afpllc2.preprod.cloud0.savencia.net\/es\/la-salsa-de-queso-sale-a-cuenta\/","url":"https:\/\/afpllc2.preprod.cloud0.savencia.net\/es\/la-salsa-de-queso-sale-a-cuenta\/","name":"La salsa de queso sale a cuenta - AFP","isPartOf":{"@id":"https:\/\/afpllc2.preprod.cloud0.savencia.net\/es\/#website"},"datePublished":"2024-12-30T19:24:01+00:00","dateModified":"2024-12-30T19:42:23+00:00","inLanguage":"es","potentialAction":[{"@type":"ReadAction","target":["https:\/\/afpllc2.preprod.cloud0.savencia.net\/es\/la-salsa-de-queso-sale-a-cuenta\/"]}]},{"@type":"WebSite","@id":"https:\/\/afpllc2.preprod.cloud0.savencia.net\/es\/#website","url":"https:\/\/afpllc2.preprod.cloud0.savencia.net\/es\/","name":"AFP","description":"Innovative Food Solutions.","publisher":{"@id":"https:\/\/afpllc2.preprod.cloud0.savencia.net\/es\/#organization"},"potentialAction":[{"@type":"SearchAction","target":{"@type":"EntryPoint","urlTemplate":"https:\/\/afpllc2.preprod.cloud0.savencia.net\/es\/?s={search_term_string}"},"query-input":{"@type":"PropertyValueSpecification","valueRequired":true,"valueName":"search_term_string"}}],"inLanguage":"es"},{"@type":"Organization","@id":"https:\/\/afpllc2.preprod.cloud0.savencia.net\/es\/#organization","name":"AFP","url":"https:\/\/afpllc2.preprod.cloud0.savencia.net\/es\/","logo":{"@type":"ImageObject","inLanguage":"es","@id":"https:\/\/afpllc2.preprod.cloud0.savencia.net\/es\/#\/schema\/logo\/image\/","url":"https:\/\/afpllc2.preprod.cloud0.savencia.net\/wp-content\/uploads\/2021\/11\/AFP-logo-color.svg","contentUrl":"https:\/\/afpllc2.preprod.cloud0.savencia.net\/wp-content\/uploads\/2021\/11\/AFP-logo-color.svg","width":60,"height":40,"caption":"AFP"},"image":{"@id":"https:\/\/afpllc2.preprod.cloud0.savencia.net\/es\/#\/schema\/logo\/image\/"}}]}},"meta_box":{"afp-bs-featured-lp":"","afp-bs-featured-lp-title":"","afp-bs-featured-lp-copy":"","afp-bs-featured-cta-link":"","afp-bs-featured-cta-text":"","afp-bs-featured-lp-subtitle":"","afp-bs-featured-lp-posts":[],"afp-bs-featured-lp-posts-seemore":"","afp-bs-featured-recipes":[],"afp-bs-featured-trends":[],"afp-bs-featured-training-education":[],"afp-bs-featured-packaging-ideas":[],"afp-bs-featured-home-cta-label":"","afp-bs-more-solutions-heading":"","afp-bs-more-solutions-cta-label":"","afp-bs-more-solutions-category-label":"","afp-bs-product-featured-bs":[],"afp-pgchannels-section-title-group":[],"afp-Channels-icon":[],"afp-Channels-page-icon":[],"afp-Channels-channel-headline-group":[],"afp_calc_serving_size":"2","afp_calc_servings_per_day":"20","afp_calc_number_of_units":"150","afp-calculator":[{"afp_calc_name":"Salsa de queso cheddar","afp_calc_description":"Lata n.\u00ba 10 de 106 oz","afp_calc_image":["9376"],"afp_calc_cost":"0.078","afp_calc_storage":"Shelf-stable","afp_calc_shelf_life":"12 months","afp_calc_case":"6 pack","afp_calc_recipes":[{"afp_calc_recipe":"Burgers","_state":"expanded"},{"afp_calc_recipe":"Sandwiches","_state":"expanded"},{"afp_calc_recipe":"Cheesesteaks","_state":"expanded"},{"afp_calc_recipe":"Nachos","_state":"expanded"},{"afp_calc_recipe":"Dip","_state":"expanded"},{"afp_calc_recipe":"Side Sauce","_state":"expanded"},{"afp_calc_recipe":"Topping","_state":"expanded"},{"afp_calc_recipe":"Mac & Cheese","_state":"expanded"},{"afp_calc_recipe":"Loaded Fries & Potatoes","_state":"expanded"}],"afp_calc_cta_name":"Cheese Sauce Recipes","afp_calc_cta_url":"\/products\/cheese-sauces\/"},{"afp_calc_name":"Queso cheddar cortado en tiras","afp_calc_description":"Bolsa de 80 oz","afp_calc_image":["9381"],"afp_calc_cost":"0.227","afp_calc_storage":"Refrigerated","afp_calc_shelf_life":"3 months","afp_calc_case":"4 pack","afp_calc_recipes":[{"afp_calc_recipe":"Nachos"},{"afp_calc_recipe":"Side Sauce"},{"afp_calc_recipe":"Topping"},{"afp_calc_recipe":"Mac & Cheese"},{"afp_calc_recipe":"Loaded Fries & Potatoes"}]},{"afp_calc_name":"Rebanadas de queso americano amarillo","afp_calc_description":"Paquete de 80 oz","afp_calc_image":["9386"],"afp_calc_cost":"0.208","afp_calc_storage":"Refrigerated","afp_calc_shelf_life":"3 months","afp_calc_case":"3 pack","afp_calc_recipes":[{"afp_calc_recipe":"Burgers"},{"afp_calc_recipe":"Sandwiches"},{"afp_calc_recipe":"Cheesesteaks"}]}],"afp_calc_lockup":{"width":360,"height":230,"file":"lockup.png","filesize":288156,"sizes":{"medium":{"file":"lockup-600x308.png","width":600,"height":308,"mime-type":"image\/png","filesize":208770,"url":"https:\/\/afpllc2.preprod.cloud0.savencia.net\/wp-content\/uploads\/lockup-600x308.png"},"thumbnail":{"file":"lockup-360x230.png","width":360,"height":230,"mime-type":"image\/png","filesize":105091,"url":"https:\/\/afpllc2.preprod.cloud0.savencia.net\/wp-content\/uploads\/lockup-360x230.png"},"bs-thumbnail":{"file":"lockup-390x260.png","width":390,"height":260,"mime-type":"image\/png","filesize":126143,"url":"https:\/\/afpllc2.preprod.cloud0.savencia.net\/wp-content\/uploads\/lockup-390x260.png"},"bs-more-thumbnail":{"file":"lockup-355x362.png","width":355,"height":362,"mime-type":"image\/png","filesize":176302,"url":"https:\/\/afpllc2.preprod.cloud0.savencia.net\/wp-content\/uploads\/lockup-355x362.png"}},"image_meta":{"aperture":"0","credit":"","camera":"","caption":"","created_timestamp":"0","copyright":"","focal_length":"0","iso":"0","shutter_speed":"0","title":"","orientation":"0","keywords":[]},"ID":"24481","name":"lockup.png","path":"\/var\/www\/vhosts\/afpllc2.preprod.cloud0.savencia.net\/httpdocs\/wp-content\/uploads\/lockup.png","url":"https:\/\/afpllc2.preprod.cloud0.savencia.net\/wp-content\/uploads\/lockup-360x230.png","full_url":"https:\/\/afpllc2.preprod.cloud0.savencia.net\/wp-content\/uploads\/lockup.png","title":"lockup","caption":"","description":"","alt":"lockup","srcset":false},"afp_calc_disclaimer":"<p>Nota: Las cifras son solo estimaciones y no representan los costos reales.<\/p>\n<p>Los costos promedio de AFP se basan en formulaciones est\u00e1ndar de latas N.\u00b0 10 al \"07\/22\" y no reflejan formulaciones personalizadas.<\/p>\n<p>Los costos promedio de los productos de la competencia se basan en los precios de plataformas de comercio electr\u00f3nico de terceros al \"07\/22\".<\/p>\n<p>La vida \u00fatil del producto de la competencia se basa en la\u00a0<a href=\"https:\/\/www.usda.gov\/topics\/food-and-nutrition\/dietary-health\" target=\"_blank\" rel=\"noopener\"><u>recomendaci\u00f3n del USDA<\/u><\/a>.<\/p>\n","location":[],"AFP-Contact-contact_from_shortcode":"","afp-hp-expertise-callout-title-text":"","afp-hp-expertise-callout-title-color":"","afp-hp-expertise-callout-content":"","afp-hp-expertise-callout-content-color":"","afp-hp-expertise-callouts-group":[],"afp-pgexpertise-page-icon":[],"afp-pgexpertise-expertise-headline-group":[],"afp-pgexpertise-expertise-enable-products":"","afp-pgexpertise-products-section":[],"afp-pgexpertise-content-section":[],"afp-pgexpertise-eng-product-group":[],"afp-pgexpertise-eng-productmoreinfo-group":[],"afp-pgexpertise-eng-innercontent-icon":[],"afp-pgexpertise-eng-innercontent-title":"","afp-pgexpertise-eng-innercontent-cta_text":"","afp-pgexpertise-eng-innercontent-cta_url":"","afp-pgexpertise-eng-capabilities-image":[],"afp-pgexpertise-eng-capabilities-title":"","afp-pgexpertise-eng-capabilities-content":"","mfi-mb-hero-enabled":"1","mfi-mb-hero-full-size":"0","mfi-mb-hero-height":"570","mfi-mb-hero-slide-group":[{"mfi-mb-hero-title-text":"La salsa de queso sale a cuenta","mfi-mb-hero-title-color":"#f87036","mfi-mb-hero-content":"Explore las ventajas de agregar salsa de queso a su men\u00fa y descubra por qu\u00e9 es m\u00e1s rentable que las rebanadas y las ralladuras.","mfi-mb-hero-content-color":"#008d9b","mfi-mb-hero-align-option":"text-left","mfi-mb-hero-product-image-enabled":"1","mfi-mb-hero-product-image-style":"slice","mfi-mb-hero-product-primary-bg-color":"#ffffff","mfi-mb-hero-product-secondary-bg-color":"#f87036","mfi-mb-hero-product-image":["24444"],"mfi-mb-hero-product-image-mobile":["24444"]}],"afp-gb--callout-icon":[{"width":125,"height":125,"file":"\/callout-solutions-1.svg","sizes":{"thumbnail":{"width":"360","height":"230","crop":"1","file":"callout-solutions-1.svg","mime-type":"image\/svg+xml","url":"https:\/\/afpllc2.preprod.cloud0.savencia.net\/wp-content\/uploads\/callout-solutions-1.svg"},"medium":{"width":"600","height":"600","crop":false,"file":"callout-solutions-1.svg","mime-type":"image\/svg+xml","url":"https:\/\/afpllc2.preprod.cloud0.savencia.net\/wp-content\/uploads\/callout-solutions-1.svg"},"medium_large":{"width":"768","height":"0","crop":false,"file":"callout-solutions-1.svg","mime-type":"image\/svg+xml","url":"https:\/\/afpllc2.preprod.cloud0.savencia.net\/wp-content\/uploads\/callout-solutions-1.svg"},"large":{"width":"1024","height":"1024","crop":false,"file":"callout-solutions-1.svg","mime-type":"image\/svg+xml","url":"https:\/\/afpllc2.preprod.cloud0.savencia.net\/wp-content\/uploads\/callout-solutions-1.svg"},"bs-large-feature":{"width":840,"height":560,"crop":1,"file":"callout-solutions-1.svg","mime-type":"image\/svg+xml","url":"https:\/\/afpllc2.preprod.cloud0.savencia.net\/wp-content\/uploads\/callout-solutions-1.svg"},"bs-thumbnail":{"width":390,"height":260,"crop":1,"file":"callout-solutions-1.svg","mime-type":"image\/svg+xml","url":"https:\/\/afpllc2.preprod.cloud0.savencia.net\/wp-content\/uploads\/callout-solutions-1.svg"},"bs-more-thumbnail":{"width":355,"height":380,"crop":1,"file":"callout-solutions-1.svg","mime-type":"image\/svg+xml","url":"https:\/\/afpllc2.preprod.cloud0.savencia.net\/wp-content\/uploads\/callout-solutions-1.svg"},"1536x1536":{"width":1536,"height":1536,"crop":0,"file":"callout-solutions-1.svg","mime-type":"image\/svg+xml","url":"https:\/\/afpllc2.preprod.cloud0.savencia.net\/wp-content\/uploads\/callout-solutions-1.svg"},"2048x2048":{"width":2048,"height":2048,"crop":0,"file":"callout-solutions-1.svg","mime-type":"image\/svg+xml","url":"https:\/\/afpllc2.preprod.cloud0.savencia.net\/wp-content\/uploads\/callout-solutions-1.svg"}},"ID":"2337","name":"callout-solutions-1.svg","path":"\/var\/www\/vhosts\/afpllc2.preprod.cloud0.savencia.net\/httpdocs\/wp-content\/uploads\/callout-solutions-1.svg","url":"https:\/\/afpllc2.preprod.cloud0.savencia.net\/wp-content\/uploads\/callout-solutions-1.svg","full_url":"https:\/\/afpllc2.preprod.cloud0.savencia.net\/wp-content\/uploads\/callout-solutions-1.svg","title":"callout-solutions","caption":"","description":"","alt":"advanced food products afp solutions","srcset":false}],"afp-gb-afp-gb--contactbar-section-title-text":"","afp-gb-afp-gb--contactbar-section-title-color":"","afp-gb-afp-gb--contactbar-section-cta-group":[],"afp-hp-our-story-callouts-group":[],"afp-li-linkedin-interstitial-enable":"","afp-li-linkedin-interstitial-title-text":"","afp-li-linkedin-interstitial-content":"","afp-li-linkedin-interstitial-cta-text":"","afp-li-linkedin-interstitial-cta-url":"","afp-hp-section-title-group":[],"afp-hp-selected-products":[],"afp_careers_mb_intro_title":"","afp_careers_mb_intro_content":"","afp-no-cta_label":"","afp-no-nav_icon":[],"afp_ourstory_mb_history_title":"","afp_ourstory_mb_date_group":[],"afp_ourstory_mb_csr_content":"","afp_ourstory_mb_sustainability_title":"","afp_ourstory_mb_sustainability_group":[],"afp-pgproducts-category-heading-enabled":"","afp-pgproducts-category-heading-content":"","afp-pgproducts-category-heading-image":[],"afp-pgproducts-category-heading-cta":[],"afp-pgproducts-category-multicta-group":[],"afp-pgproducts-aseptic-rows-group":[],"winning_ltos":[],"sc_scam_title":"","sc_scam_content":"","infographic_headline":"Claro que es delicioso. Claro que es vers\u00e1til.","infographic_content":"Pero, \u00bfsab\u00eda que nuestra rica y cremosa salsa de queso est\u00e1 repleta de ventajas para su \u00e1rea de servicio y balance final? La salsa de queso, que tiene una larga vida \u00fatil y es f\u00e1cil de preparar, ahorra tiempo y dinero y fomenta la eficacia.","icons":[{"infographic_image":"24464","infografic_color":"#196f7b"},{"infographic_image":"24448","infografic_color":"#00bbb9"},{"infographic_image":"24460","infografic_color":"#f4e554"},{"infographic_image":"24456","infografic_color":"#f7692d"}],"video_benefits":[{"video_url":"https:\/\/www.youtube.com\/watch?v=jXaJe8GhzvY","video_title":"Consejos y trucos: Haga rendir su dinero","video_category":"Videos de servido r\u00e1pido","video_image":"24427"},{"video_url":"https:\/\/www.youtube.com\/watch?v=FoE_b31uBkk","video_title":"Consejos y trucos: Prolongue el tiempo de conservaci\u00f3n","video_category":"Videos de servido r\u00e1pido","video_image":"24431"},{"video_url":"https:\/\/www.youtube.com\/watch?v=ccDELdQmSRI","video_title":"Consejos y trucos: Menos tiempo de preparaci\u00f3n","video_category":"Videos de servido r\u00e1pido","video_image":"24435"}],"facts_headline":"Conozca los hechos","facts_copy":"Descubra por qu\u00e9 la salsa de queso es un producto imprescindible para\r\nofrecer platos que agraden a los clientes y soluciones para ahorrar dinero.","facts_image":{"width":360,"height":230,"file":"cheese-sauce-infographic-vs-1.png","filesize":51353,"sizes":{"medium":{"file":"cheese-sauce-infographic-vs-1-600x392.png","width":600,"height":392,"mime-type":"image\/png","filesize":175539,"url":"https:\/\/afpllc2.preprod.cloud0.savencia.net\/wp-content\/uploads\/cheese-sauce-infographic-vs-1-600x392.png"},"thumbnail":{"file":"cheese-sauce-infographic-vs-1-360x230.png","width":360,"height":230,"mime-type":"image\/png","filesize":78325,"url":"https:\/\/afpllc2.preprod.cloud0.savencia.net\/wp-content\/uploads\/cheese-sauce-infographic-vs-1-360x230.png"},"bs-thumbnail":{"file":"cheese-sauce-infographic-vs-1-390x260.png","width":390,"height":260,"mime-type":"image\/png","filesize":91586,"url":"https:\/\/afpllc2.preprod.cloud0.savencia.net\/wp-content\/uploads\/cheese-sauce-infographic-vs-1-390x260.png"},"bs-more-thumbnail":{"file":"cheese-sauce-infographic-vs-1-355x380.png","width":355,"height":380,"mime-type":"image\/png","filesize":104659,"url":"https:\/\/afpllc2.preprod.cloud0.savencia.net\/wp-content\/uploads\/cheese-sauce-infographic-vs-1-355x380.png"}},"image_meta":{"aperture":"0","credit":"","camera":"","caption":"","created_timestamp":"0","copyright":"","focal_length":"0","iso":"0","shutter_speed":"0","title":"","orientation":"0","keywords":[]},"ID":"24468","name":"cheese-sauce-infographic-vs-1.png","path":"\/var\/www\/vhosts\/afpllc2.preprod.cloud0.savencia.net\/httpdocs\/wp-content\/uploads\/cheese-sauce-infographic-vs-1.png","url":"https:\/\/afpllc2.preprod.cloud0.savencia.net\/wp-content\/uploads\/cheese-sauce-infographic-vs-1-360x230.png","full_url":"https:\/\/afpllc2.preprod.cloud0.savencia.net\/wp-content\/uploads\/cheese-sauce-infographic-vs-1.png","title":"cheese-sauce-infographic-vs-1","caption":"","description":"","alt":"cheese-sauce-infographic-vs-1","srcset":false},"facts_infographic":[{"filesize":452711,"ID":"56976","name":"24-AFP-135-Cheese-Sauce-Benefits-Infographic_C5-2.pdf","path":"\/var\/www\/vhosts\/afpllc2.preprod.cloud0.savencia.net\/httpdocs\/wp-content\/uploads\/24-AFP-135-Cheese-Sauce-Benefits-Infographic_C5-2.pdf","url":"https:\/\/afpllc2.preprod.cloud0.savencia.net\/wp-content\/uploads\/24-AFP-135-Cheese-Sauce-Benefits-Infographic_C5-2.pdf","title":"24-AFP-135-Cheese-Sauce-Benefits-Infographic_C5"}],"lets_talk_headline":"Cont\u00e1ctese con nuestro equipo de ventas","lets_talk_copy":"\u00bfQuiere saber m\u00e1s sobre las muchas ventajas que la salsa de queso puede ofrecer a su men\u00fa? Estamos aqu\u00ed para ayudar.","lets_talk_icon":{"width":125,"height":125,"file":"callout-contact-us-1-1.svg","sizes":{"thumbnail":{"width":"360","height":"230","crop":"1","file":"callout-contact-us-1-1.svg","mime-type":"image\/svg+xml","url":"https:\/\/afpllc2.preprod.cloud0.savencia.net\/wp-content\/uploads\/callout-contact-us-1-1.svg"},"medium":{"width":"600","height":"600","crop":false,"file":"callout-contact-us-1-1.svg","mime-type":"image\/svg+xml","url":"https:\/\/afpllc2.preprod.cloud0.savencia.net\/wp-content\/uploads\/callout-contact-us-1-1.svg"},"medium_large":{"width":"768","height":"0","crop":false,"file":"callout-contact-us-1-1.svg","mime-type":"image\/svg+xml","url":"https:\/\/afpllc2.preprod.cloud0.savencia.net\/wp-content\/uploads\/callout-contact-us-1-1.svg"},"large":{"width":"1024","height":"1024","crop":false,"file":"callout-contact-us-1-1.svg","mime-type":"image\/svg+xml","url":"https:\/\/afpllc2.preprod.cloud0.savencia.net\/wp-content\/uploads\/callout-contact-us-1-1.svg"},"bs-large-feature":{"width":840,"height":560,"crop":1,"file":"callout-contact-us-1-1.svg","mime-type":"image\/svg+xml","url":"https:\/\/afpllc2.preprod.cloud0.savencia.net\/wp-content\/uploads\/callout-contact-us-1-1.svg"},"bs-thumbnail":{"width":390,"height":260,"crop":1,"file":"callout-contact-us-1-1.svg","mime-type":"image\/svg+xml","url":"https:\/\/afpllc2.preprod.cloud0.savencia.net\/wp-content\/uploads\/callout-contact-us-1-1.svg"},"bs-more-thumbnail":{"width":355,"height":380,"crop":1,"file":"callout-contact-us-1-1.svg","mime-type":"image\/svg+xml","url":"https:\/\/afpllc2.preprod.cloud0.savencia.net\/wp-content\/uploads\/callout-contact-us-1-1.svg"},"1536x1536":{"width":1536,"height":1536,"crop":0,"file":"callout-contact-us-1-1.svg","mime-type":"image\/svg+xml","url":"https:\/\/afpllc2.preprod.cloud0.savencia.net\/wp-content\/uploads\/callout-contact-us-1-1.svg"},"2048x2048":{"width":2048,"height":2048,"crop":0,"file":"callout-contact-us-1-1.svg","mime-type":"image\/svg+xml","url":"https:\/\/afpllc2.preprod.cloud0.savencia.net\/wp-content\/uploads\/callout-contact-us-1-1.svg"}},"ID":"24476","name":"callout-contact-us-1-1.svg","path":"\/var\/www\/vhosts\/afpllc2.preprod.cloud0.savencia.net\/httpdocs\/wp-content\/uploads\/callout-contact-us-1-1.svg","url":"https:\/\/afpllc2.preprod.cloud0.savencia.net\/wp-content\/uploads\/callout-contact-us-1-1.svg","full_url":"https:\/\/afpllc2.preprod.cloud0.savencia.net\/wp-content\/uploads\/callout-contact-us-1-1.svg","title":"callout-contact-us-1-1","caption":"","description":"","alt":"callout-contact-us-1-1","srcset":false},"bs_posts":[],"afp-bs-featured-categories":[],"mfi_pb_product_image":false,"mfi_pb_content":"","mfi_pb_cta":"","mfi_pb_cta_url":"","mfi_pb_products":[],"mfi_pb_stats_content":[],"mfi_pb_bar_title":"","mfi_pb_bar_content":"","mfi_pb_graph_image":false,"mfi_pb_more_info":"","mfi_pb_source":""},"_links":{"self":[{"href":"https:\/\/afpllc2.preprod.cloud0.savencia.net\/es\/wp-json\/wp\/v2\/pages\/56971","targetHints":{"allow":["GET"]}}],"collection":[{"href":"https:\/\/afpllc2.preprod.cloud0.savencia.net\/es\/wp-json\/wp\/v2\/pages"}],"about":[{"href":"https:\/\/afpllc2.preprod.cloud0.savencia.net\/es\/wp-json\/wp\/v2\/types\/page"}],"author":[{"embeddable":true,"href":"https:\/\/afpllc2.preprod.cloud0.savencia.net\/es\/wp-json\/wp\/v2\/users\/1"}],"replies":[{"embeddable":true,"href":"https:\/\/afpllc2.preprod.cloud0.savencia.net\/es\/wp-json\/wp\/v2\/comments?post=56971"}],"version-history":[{"count":2,"href":"https:\/\/afpllc2.preprod.cloud0.savencia.net\/es\/wp-json\/wp\/v2\/pages\/56971\/revisions"}],"predecessor-version":[{"id":56974,"href":"https:\/\/afpllc2.preprod.cloud0.savencia.net\/es\/wp-json\/wp\/v2\/pages\/56971\/revisions\/56974"}],"wp:attachment":[{"href":"https:\/\/afpllc2.preprod.cloud0.savencia.net\/es\/wp-json\/wp\/v2\/media?parent=56971"}],"curies":[{"name":"wp","href":"https:\/\/api.w.org\/{rel}","templated":true}]}}