{"id":1648,"date":"2021-07-20T18:18:41","date_gmt":"2021-07-20T18:18:41","guid":{"rendered":"https:\/\/afpllc2.preprod.cloud0.savencia.net\/ca-transparency-act\/"},"modified":"2024-12-18T13:43:34","modified_gmt":"2024-12-18T18:43:34","slug":"ca-transparency-act","status":"publish","type":"page","link":"https:\/\/afpllc2.preprod.cloud0.savencia.net\/es\/ca-transparency-act\/","title":{"rendered":"Divulgaci\u00f3n de la Ley de Transparencia de la Cadena de Suministro de CA"},"content":{"rendered":"<p>AFP advanced food products llc tiene la convicci\u00f3n de que el respeto de los derechos humanos, el cumplimiento de la legislaci\u00f3n laboral y medioambiental, la seguridad alimentaria y la lucha contra la corrupci\u00f3n son requisitos rigurosos y obligatorios tanto para nosotros como para nuestros proveedores. Como parte de esta convicci\u00f3n, estamos comprometidos con las pr\u00e1cticas laborales justas dentro de nuestra cadena de suministro.<\/p>\n<p>Para garantizar que nuestros contratistas y proveedores respetan y hacen cumplir las normas de nuestra empresa, tenemos la expectativa de que certifiquen que no recurren a mano de obra esclava o forzada ni a v\u00edctimas de la trata de personas. Dado que consideramos que trabajamos con empresas que comparten nuestro compromiso con la responsabilidad social corporativa, no hemos adoptado un programa que exija verificaciones o auditor\u00edas peri\u00f3dicas para comprobar que cumplen este compromiso. Si nos enteramos de que un contratista o proveedor no cumple este compromiso, llevaremos a cabo una investigaci\u00f3n que incluir\u00e1 una auditor\u00eda de sus operaciones y medidas correctivas, incluido el aprovisionamiento alternativo si fuera necesario.<\/p>\n<p>Formamos continuamente a nuestros empleados de acuerdo con las pr\u00e1cticas recomendadas y las pol\u00edticas de compras de la empresa. Esto incluye formaci\u00f3n espec\u00edfica sobre los riesgos del trabajo esclavo o forzado o de las v\u00edctimas de la trata de personas en nuestra cadena de suministro. Si un empleado no cumple nuestras pr\u00e1cticas recomendadas y pol\u00edticas, le impartimos formaci\u00f3n adicional o adoptamos las medidas correctivas pertinentes.<\/p>\n","protected":false},"excerpt":{"rendered":"<p>AFP advanced food products llc tiene la convicci\u00f3n de que el respeto de los derechos humanos, el cumplimiento de la legislaci\u00f3n laboral y medioambiental, la seguridad alimentaria y la lucha contra la corrupci\u00f3n son requisitos rigurosos y obligatorios tanto para nosotros como para nuestros proveedores. Como parte de esta convicci\u00f3n, estamos comprometidos con las pr\u00e1cticas [&hellip;]<\/p>\n","protected":false},"author":1,"featured_media":0,"parent":0,"menu_order":114,"comment_status":"closed","ping_status":"closed","template":"","meta":{"footnotes":""},"class_list":["post-1648","page","type-page","status-publish","hentry"],"yoast_head":"<!-- This site is optimized with the Yoast SEO plugin v27.4 - https:\/\/yoast.com\/product\/yoast-seo-wordpress\/ -->\n<title>Divulgaci\u00f3n de la Ley de Transparencia de la Cadena de Suministro de CA - AFP<\/title>\n<meta name=\"robots\" content=\"noindex, follow, max-snippet:-1, max-image-preview:large, max-video-preview:-1\" \/>\n<meta property=\"og:locale\" content=\"es_ES\" \/>\n<meta property=\"og:type\" content=\"article\" \/>\n<meta property=\"og:title\" content=\"Divulgaci\u00f3n de la Ley de Transparencia de la Cadena de Suministro de CA - AFP\" \/>\n<meta property=\"og:description\" content=\"AFP advanced food products llc tiene la convicci\u00f3n de que el respeto de los derechos humanos, el cumplimiento de la legislaci\u00f3n laboral y medioambiental, la seguridad alimentaria y la lucha contra la corrupci\u00f3n son requisitos rigurosos y obligatorios tanto para nosotros como para nuestros proveedores. Como parte de esta convicci\u00f3n, estamos comprometidos con las pr\u00e1cticas [&hellip;]\" \/>\n<meta property=\"og:url\" content=\"https:\/\/afpllc2.preprod.cloud0.savencia.net\/es\/ca-transparency-act\/\" \/>\n<meta property=\"og:site_name\" content=\"AFP\" \/>\n<meta property=\"article:modified_time\" content=\"2024-12-18T18:43:34+00:00\" \/>\n<meta name=\"twitter:card\" content=\"summary_large_image\" \/>\n<meta name=\"twitter:label1\" content=\"Tiempo de lectura\" \/>\n\t<meta name=\"twitter:data1\" content=\"1 minuto\" \/>\n<script type=\"application\/ld+json\" class=\"yoast-schema-graph\">{\"@context\":\"https:\\\/\\\/schema.org\",\"@graph\":[{\"@type\":\"WebPage\",\"@id\":\"https:\\\/\\\/afpllc2.preprod.cloud0.savencia.net\\\/es\\\/ca-transparency-act\\\/\",\"url\":\"https:\\\/\\\/afpllc2.preprod.cloud0.savencia.net\\\/es\\\/ca-transparency-act\\\/\",\"name\":\"Divulgaci\u00f3n de la Ley de Transparencia de la Cadena de Suministro de CA - AFP\",\"isPartOf\":{\"@id\":\"https:\\\/\\\/afpllc2.preprod.cloud0.savencia.net\\\/es\\\/#website\"},\"datePublished\":\"2021-07-20T18:18:41+00:00\",\"dateModified\":\"2024-12-18T18:43:34+00:00\",\"inLanguage\":\"es\",\"potentialAction\":[{\"@type\":\"ReadAction\",\"target\":[\"https:\\\/\\\/afpllc2.preprod.cloud0.savencia.net\\\/es\\\/ca-transparency-act\\\/\"]}]},{\"@type\":\"WebSite\",\"@id\":\"https:\\\/\\\/afpllc2.preprod.cloud0.savencia.net\\\/es\\\/#website\",\"url\":\"https:\\\/\\\/afpllc2.preprod.cloud0.savencia.net\\\/es\\\/\",\"name\":\"AFP\",\"description\":\"Innovative Food Solutions.\",\"publisher\":{\"@id\":\"https:\\\/\\\/afpllc2.preprod.cloud0.savencia.net\\\/es\\\/#organization\"},\"potentialAction\":[{\"@type\":\"SearchAction\",\"target\":{\"@type\":\"EntryPoint\",\"urlTemplate\":\"https:\\\/\\\/afpllc2.preprod.cloud0.savencia.net\\\/es\\\/?s={search_term_string}\"},\"query-input\":{\"@type\":\"PropertyValueSpecification\",\"valueRequired\":true,\"valueName\":\"search_term_string\"}}],\"inLanguage\":\"es\"},{\"@type\":\"Organization\",\"@id\":\"https:\\\/\\\/afpllc2.preprod.cloud0.savencia.net\\\/es\\\/#organization\",\"name\":\"AFP\",\"url\":\"https:\\\/\\\/afpllc2.preprod.cloud0.savencia.net\\\/es\\\/\",\"logo\":{\"@type\":\"ImageObject\",\"inLanguage\":\"es\",\"@id\":\"https:\\\/\\\/afpllc2.preprod.cloud0.savencia.net\\\/es\\\/#\\\/schema\\\/logo\\\/image\\\/\",\"url\":\"https:\\\/\\\/afpllc2.preprod.cloud0.savencia.net\\\/wp-content\\\/uploads\\\/2021\\\/11\\\/AFP-logo-color.svg\",\"contentUrl\":\"https:\\\/\\\/afpllc2.preprod.cloud0.savencia.net\\\/wp-content\\\/uploads\\\/2021\\\/11\\\/AFP-logo-color.svg\",\"width\":60,\"height\":40,\"caption\":\"AFP\"},\"image\":{\"@id\":\"https:\\\/\\\/afpllc2.preprod.cloud0.savencia.net\\\/es\\\/#\\\/schema\\\/logo\\\/image\\\/\"}}]}<\/script>\n<!-- \/ Yoast SEO plugin. -->","yoast_head_json":{"title":"Divulgaci\u00f3n de la Ley de Transparencia de la Cadena de Suministro de CA - AFP","robots":{"index":"noindex","follow":"follow","max-snippet":"max-snippet:-1","max-image-preview":"max-image-preview:large","max-video-preview":"max-video-preview:-1"},"og_locale":"es_ES","og_type":"article","og_title":"Divulgaci\u00f3n de la Ley de Transparencia de la Cadena de Suministro de CA - AFP","og_description":"AFP advanced food products llc tiene la convicci\u00f3n de que el respeto de los derechos humanos, el cumplimiento de la legislaci\u00f3n laboral y medioambiental, la seguridad alimentaria y la lucha contra la corrupci\u00f3n son requisitos rigurosos y obligatorios tanto para nosotros como para nuestros proveedores. Como parte de esta convicci\u00f3n, estamos comprometidos con las pr\u00e1cticas [&hellip;]","og_url":"https:\/\/afpllc2.preprod.cloud0.savencia.net\/es\/ca-transparency-act\/","og_site_name":"AFP","article_modified_time":"2024-12-18T18:43:34+00:00","twitter_card":"summary_large_image","twitter_misc":{"Tiempo de lectura":"1 minuto"},"schema":{"@context":"https:\/\/schema.org","@graph":[{"@type":"WebPage","@id":"https:\/\/afpllc2.preprod.cloud0.savencia.net\/es\/ca-transparency-act\/","url":"https:\/\/afpllc2.preprod.cloud0.savencia.net\/es\/ca-transparency-act\/","name":"Divulgaci\u00f3n de la Ley de Transparencia de la Cadena de Suministro de CA - AFP","isPartOf":{"@id":"https:\/\/afpllc2.preprod.cloud0.savencia.net\/es\/#website"},"datePublished":"2021-07-20T18:18:41+00:00","dateModified":"2024-12-18T18:43:34+00:00","inLanguage":"es","potentialAction":[{"@type":"ReadAction","target":["https:\/\/afpllc2.preprod.cloud0.savencia.net\/es\/ca-transparency-act\/"]}]},{"@type":"WebSite","@id":"https:\/\/afpllc2.preprod.cloud0.savencia.net\/es\/#website","url":"https:\/\/afpllc2.preprod.cloud0.savencia.net\/es\/","name":"AFP","description":"Innovative Food Solutions.","publisher":{"@id":"https:\/\/afpllc2.preprod.cloud0.savencia.net\/es\/#organization"},"potentialAction":[{"@type":"SearchAction","target":{"@type":"EntryPoint","urlTemplate":"https:\/\/afpllc2.preprod.cloud0.savencia.net\/es\/?s={search_term_string}"},"query-input":{"@type":"PropertyValueSpecification","valueRequired":true,"valueName":"search_term_string"}}],"inLanguage":"es"},{"@type":"Organization","@id":"https:\/\/afpllc2.preprod.cloud0.savencia.net\/es\/#organization","name":"AFP","url":"https:\/\/afpllc2.preprod.cloud0.savencia.net\/es\/","logo":{"@type":"ImageObject","inLanguage":"es","@id":"https:\/\/afpllc2.preprod.cloud0.savencia.net\/es\/#\/schema\/logo\/image\/","url":"https:\/\/afpllc2.preprod.cloud0.savencia.net\/wp-content\/uploads\/2021\/11\/AFP-logo-color.svg","contentUrl":"https:\/\/afpllc2.preprod.cloud0.savencia.net\/wp-content\/uploads\/2021\/11\/AFP-logo-color.svg","width":60,"height":40,"caption":"AFP"},"image":{"@id":"https:\/\/afpllc2.preprod.cloud0.savencia.net\/es\/#\/schema\/logo\/image\/"}}]}},"meta_box":{"afp-bs-featured-lp":"","afp-bs-featured-lp-title":"","afp-bs-featured-lp-copy":"","afp-bs-featured-cta-link":"","afp-bs-featured-cta-text":"","afp-bs-featured-lp-subtitle":"","afp-bs-featured-lp-posts":[],"afp-bs-featured-lp-posts-seemore":"","afp-bs-featured-recipes":[],"afp-bs-featured-trends":[],"afp-bs-featured-training-education":[],"afp-bs-featured-packaging-ideas":[],"afp-bs-featured-home-cta-label":"","afp-bs-more-solutions-heading":"","afp-bs-more-solutions-cta-label":"","afp-bs-more-solutions-category-label":"","afp-bs-product-featured-bs":[],"afp-pgchannels-section-title-group":[],"afp-Channels-icon":[],"afp-Channels-page-icon":[],"afp-Channels-channel-headline-group":[],"afp_calc_serving_size":"8","afp_calc_servings_per_day":"400","afp_calc_number_of_units":"3","afp-calculator":[{"afp_calc_storage":"Shelf-stable","afp_calc_shelf_life":"12 months","afp_calc_case":"6 pack","afp_calc_recipes":[{"_state":"expanded"}]}],"afp_calc_lockup":false,"afp_calc_disclaimer":"","location":[],"AFP-Contact-contact_from_shortcode":"","afp-hp-expertise-callout-title-text":"","afp-hp-expertise-callout-title-color":"","afp-hp-expertise-callout-content":"","afp-hp-expertise-callout-content-color":"","afp-hp-expertise-callouts-group":[],"afp-pgexpertise-page-icon":[],"afp-pgexpertise-expertise-headline-group":[],"afp-pgexpertise-expertise-enable-products":"","afp-pgexpertise-products-section":[],"afp-pgexpertise-content-section":[],"afp-pgexpertise-eng-product-group":[],"afp-pgexpertise-eng-productmoreinfo-group":[],"afp-pgexpertise-eng-innercontent-icon":[],"afp-pgexpertise-eng-innercontent-title":"","afp-pgexpertise-eng-innercontent-cta_text":"","afp-pgexpertise-eng-innercontent-cta_url":"","afp-pgexpertise-eng-capabilities-image":[],"afp-pgexpertise-eng-capabilities-title":"","afp-pgexpertise-eng-capabilities-content":"","mfi-mb-hero-enabled":"0","mfi-mb-hero-full-size":"0","mfi-mb-hero-height":"","mfi-mb-hero-slide-group":[{"mfi-mb-hero-align-option":"text-left","mfi-mb-hero-product-image-style":"overlap"}],"afp-gb--callout-icon":[],"afp-gb-afp-gb--contactbar-section-title-text":"","afp-gb-afp-gb--contactbar-section-title-color":"","afp-gb-afp-gb--contactbar-section-cta-group":[],"afp-hp-our-story-callouts-group":[],"afp-li-linkedin-interstitial-enable":"","afp-li-linkedin-interstitial-title-text":"","afp-li-linkedin-interstitial-content":"","afp-li-linkedin-interstitial-cta-text":"","afp-li-linkedin-interstitial-cta-url":"","afp-hp-section-title-group":[],"afp-hp-selected-products":[],"afp_careers_mb_intro_title":"","afp_careers_mb_intro_content":"","afp-no-cta_label":"","afp-no-nav_icon":[],"afp_ourstory_mb_history_title":"","afp_ourstory_mb_date_group":[],"afp_ourstory_mb_csr_content":"","afp_ourstory_mb_sustainability_title":"","afp_ourstory_mb_sustainability_group":[],"afp-pgproducts-category-heading-enabled":"","afp-pgproducts-category-heading-content":"","afp-pgproducts-category-heading-image":[],"afp-pgproducts-category-heading-cta":[],"afp-pgproducts-category-multicta-group":[],"afp-pgproducts-aseptic-rows-group":[],"winning_ltos":[],"sc_scam_title":"","sc_scam_content":"","infographic_headline":"","infographic_content":"","icons":[],"video_benefits":[],"facts_headline":"","facts_copy":"","facts_image":false,"facts_infographic":[],"lets_talk_headline":"","lets_talk_copy":"","lets_talk_icon":false,"bs_posts":[],"afp-bs-featured-categories":[],"mfi_pb_product_image":false,"mfi_pb_content":"","mfi_pb_cta":"","mfi_pb_cta_url":"","mfi_pb_products":[],"mfi_pb_stats_content":[],"mfi_pb_bar_title":"","mfi_pb_bar_content":"","mfi_pb_graph_image":false,"mfi_pb_more_info":"","mfi_pb_source":""},"_links":{"self":[{"href":"https:\/\/afpllc2.preprod.cloud0.savencia.net\/es\/wp-json\/wp\/v2\/pages\/1648","targetHints":{"allow":["GET"]}}],"collection":[{"href":"https:\/\/afpllc2.preprod.cloud0.savencia.net\/es\/wp-json\/wp\/v2\/pages"}],"about":[{"href":"https:\/\/afpllc2.preprod.cloud0.savencia.net\/es\/wp-json\/wp\/v2\/types\/page"}],"author":[{"embeddable":true,"href":"https:\/\/afpllc2.preprod.cloud0.savencia.net\/es\/wp-json\/wp\/v2\/users\/1"}],"replies":[{"embeddable":true,"href":"https:\/\/afpllc2.preprod.cloud0.savencia.net\/es\/wp-json\/wp\/v2\/comments?post=1648"}],"version-history":[{"count":6,"href":"https:\/\/afpllc2.preprod.cloud0.savencia.net\/es\/wp-json\/wp\/v2\/pages\/1648\/revisions"}],"predecessor-version":[{"id":56638,"href":"https:\/\/afpllc2.preprod.cloud0.savencia.net\/es\/wp-json\/wp\/v2\/pages\/1648\/revisions\/56638"}],"wp:attachment":[{"href":"https:\/\/afpllc2.preprod.cloud0.savencia.net\/es\/wp-json\/wp\/v2\/media?parent=1648"}],"curies":[{"name":"wp","href":"https:\/\/api.w.org\/{rel}","templated":true}]}}