{"id":1646,"date":"2021-12-16T11:17:27","date_gmt":"2021-12-16T16:17:27","guid":{"rendered":"https:\/\/afpllc2.preprod.cloud0.savencia.net\/notice-of-right-to-opt-out\/"},"modified":"2024-12-03T15:32:31","modified_gmt":"2024-12-03T20:32:31","slug":"aviso-de-derecho-a-optar-por-no-participar","status":"publish","type":"page","link":"https:\/\/afpllc2.preprod.cloud0.savencia.net\/es\/aviso-de-derecho-a-optar-por-no-participar\/","title":{"rendered":"Aviso de derecho a optar por no participar"},"content":{"rendered":"<h3><strong>Cookies de terceros<\/strong><\/h3>\n<p>Al igual que muchas empresas, permitimos que determinados socios publicitarios externos coloquen tecnolog\u00eda de seguimiento, como cookies y p\u00edxeles, en nuestros sitios web.\u00a0 Mediante esta tecnolog\u00eda, estos socios publicitarios reciben informaci\u00f3n sobre las actividades que usted realiza en nuestro sitio web, que luego se asocia a su navegador, dispositivo o identificador en l\u00ednea.\u00a0 Estas empresas pueden utilizar estos datos para ofrecerle anuncios orientados a sus intereses mientras navega por Internet.<\/p>\n<h3><strong>Su derecho de exclusi\u00f3n<\/strong><\/h3>\n<p>En virtud de la legislaci\u00f3n sobre privacidad de California, usted tiene derecho a excluirse voluntariamente del intercambio de datos con fines publicitarios focalizados en l\u00ednea.\u00a0 Para ejercer el derecho a excluirse de las cookies publicitarias, puede utilizar nuestra herramienta de preferencia de cookies, disponible\u00a0<a class=\"ot-sdk-show-settings\">Cookies Settings<\/a>.\u00a0 Si se excluye, seguir\u00e1 viendo anuncios, pero no estar\u00e1n personalizados en funci\u00f3n de su actividad en l\u00ednea.\u00a0 Tenga en cuenta que, si desactiva las cookies o actualiza su navegador despu\u00e9s de excluirse, tendr\u00e1 que volver a efectuar la exclusi\u00f3n.\u00a0 Adem\u00e1s, si utiliza varios navegadores o dispositivos, deber\u00e1 excluirse en cada uno de ellos.\u00a0 Adem\u00e1s, cuando detectamos una se\u00f1al de Control global de la privacidad (CGP) del navegador de un usuario dentro de California, dejamos de compartir la informaci\u00f3n personal del usuario en l\u00ednea con otras empresas (excepto con nuestros proveedores de servicios). Puede obtener m\u00e1s informaci\u00f3n sobre el CGP y c\u00f3mo activarlo en su navegador en el\u00a0<a href=\"https:\/\/globalprivacycontrol.org\/\" target=\"_blank\" rel=\"noopener\">sitio web de Control global de la privacidad<\/a>.<\/p>\n<p>Asimismo, para excluirse de la recepci\u00f3n de anuncios focalizados de terceros anunciantes y redes publicitarias que sean miembros de la Network Advertising Initiative (NAI), visite\u00a0<a href=\"http:\/\/optout.networkadvertising.org\/\" target=\"_blank\" rel=\"noopener\">http:\/\/optout.networkadvertising.org\/<\/a>.\u00a0 Puede excluirse de la recepci\u00f3n de anuncios focalizados de otras empresas que prestan servicios de publicidad basada en intereses, incluidas algunas con las que quiz\u00e1 trabajemos, a trav\u00e9s del sitio de la Digital Advertising Alliance (DAA) en\u00a0<a href=\"http:\/\/optout.aboutads.info\/\" target=\"_blank\" rel=\"noopener\">http:\/\/optout.aboutads.info\/<\/a>.<\/p>\n<h3><strong>Pol\u00edtica de privacidad<\/strong><\/h3>\n<p>Para m\u00e1s informaci\u00f3n sobre c\u00f3mo utilizamos sus datos, consulte nuestra\u00a0<a href=\"\/privacy-policy\/\">Pol\u00edtica de privacidad<\/a>.<\/p>\n","protected":false},"excerpt":{"rendered":"<p>Cookies de terceros Al igual que muchas empresas, permitimos que determinados socios publicitarios externos coloquen tecnolog\u00eda de seguimiento, como cookies y p\u00edxeles, en nuestros sitios web.\u00a0 Mediante esta tecnolog\u00eda, estos socios publicitarios reciben informaci\u00f3n sobre las actividades que usted realiza en nuestro sitio web, que luego se asocia a su navegador, dispositivo o identificador en [&hellip;]<\/p>\n","protected":false},"author":1,"featured_media":0,"parent":0,"menu_order":25,"comment_status":"closed","ping_status":"closed","template":"","meta":{"footnotes":""},"class_list":["post-1646","page","type-page","status-publish","hentry"],"yoast_head":"<!-- This site is optimized with the Yoast SEO plugin v27.4 - https:\/\/yoast.com\/product\/yoast-seo-wordpress\/ -->\n<title>Aviso de derecho a optar por no participar - AFP<\/title>\n<meta name=\"robots\" content=\"noindex, follow, max-snippet:-1, max-image-preview:large, max-video-preview:-1\" \/>\n<meta property=\"og:locale\" content=\"es_ES\" \/>\n<meta property=\"og:type\" content=\"article\" \/>\n<meta property=\"og:title\" content=\"Aviso de derecho a optar por no participar - AFP\" \/>\n<meta property=\"og:description\" content=\"Cookies de terceros Al igual que muchas empresas, permitimos que determinados socios publicitarios externos coloquen tecnolog\u00eda de seguimiento, como cookies y p\u00edxeles, en nuestros sitios web.\u00a0 Mediante esta tecnolog\u00eda, estos socios publicitarios reciben informaci\u00f3n sobre las actividades que usted realiza en nuestro sitio web, que luego se asocia a su navegador, dispositivo o identificador en [&hellip;]\" \/>\n<meta property=\"og:url\" content=\"https:\/\/afpllc2.preprod.cloud0.savencia.net\/es\/aviso-de-derecho-a-optar-por-no-participar\/\" \/>\n<meta property=\"og:site_name\" content=\"AFP\" \/>\n<meta property=\"article:modified_time\" content=\"2024-12-03T20:32:31+00:00\" \/>\n<meta name=\"twitter:card\" content=\"summary_large_image\" \/>\n<meta name=\"twitter:label1\" content=\"Tiempo de lectura\" \/>\n\t<meta name=\"twitter:data1\" content=\"2 minutos\" \/>\n<script type=\"application\/ld+json\" class=\"yoast-schema-graph\">{\"@context\":\"https:\\\/\\\/schema.org\",\"@graph\":[{\"@type\":\"WebPage\",\"@id\":\"https:\\\/\\\/afpllc2.preprod.cloud0.savencia.net\\\/es\\\/aviso-de-derecho-a-optar-por-no-participar\\\/\",\"url\":\"https:\\\/\\\/afpllc2.preprod.cloud0.savencia.net\\\/es\\\/aviso-de-derecho-a-optar-por-no-participar\\\/\",\"name\":\"Aviso de derecho a optar por no participar - AFP\",\"isPartOf\":{\"@id\":\"https:\\\/\\\/afpllc2.preprod.cloud0.savencia.net\\\/es\\\/#website\"},\"datePublished\":\"2021-12-16T16:17:27+00:00\",\"dateModified\":\"2024-12-03T20:32:31+00:00\",\"inLanguage\":\"es\",\"potentialAction\":[{\"@type\":\"ReadAction\",\"target\":[\"https:\\\/\\\/afpllc2.preprod.cloud0.savencia.net\\\/es\\\/aviso-de-derecho-a-optar-por-no-participar\\\/\"]}]},{\"@type\":\"WebSite\",\"@id\":\"https:\\\/\\\/afpllc2.preprod.cloud0.savencia.net\\\/es\\\/#website\",\"url\":\"https:\\\/\\\/afpllc2.preprod.cloud0.savencia.net\\\/es\\\/\",\"name\":\"AFP\",\"description\":\"Innovative Food Solutions.\",\"publisher\":{\"@id\":\"https:\\\/\\\/afpllc2.preprod.cloud0.savencia.net\\\/es\\\/#organization\"},\"potentialAction\":[{\"@type\":\"SearchAction\",\"target\":{\"@type\":\"EntryPoint\",\"urlTemplate\":\"https:\\\/\\\/afpllc2.preprod.cloud0.savencia.net\\\/es\\\/?s={search_term_string}\"},\"query-input\":{\"@type\":\"PropertyValueSpecification\",\"valueRequired\":true,\"valueName\":\"search_term_string\"}}],\"inLanguage\":\"es\"},{\"@type\":\"Organization\",\"@id\":\"https:\\\/\\\/afpllc2.preprod.cloud0.savencia.net\\\/es\\\/#organization\",\"name\":\"AFP\",\"url\":\"https:\\\/\\\/afpllc2.preprod.cloud0.savencia.net\\\/es\\\/\",\"logo\":{\"@type\":\"ImageObject\",\"inLanguage\":\"es\",\"@id\":\"https:\\\/\\\/afpllc2.preprod.cloud0.savencia.net\\\/es\\\/#\\\/schema\\\/logo\\\/image\\\/\",\"url\":\"https:\\\/\\\/afpllc2.preprod.cloud0.savencia.net\\\/wp-content\\\/uploads\\\/2021\\\/11\\\/AFP-logo-color.svg\",\"contentUrl\":\"https:\\\/\\\/afpllc2.preprod.cloud0.savencia.net\\\/wp-content\\\/uploads\\\/2021\\\/11\\\/AFP-logo-color.svg\",\"width\":60,\"height\":40,\"caption\":\"AFP\"},\"image\":{\"@id\":\"https:\\\/\\\/afpllc2.preprod.cloud0.savencia.net\\\/es\\\/#\\\/schema\\\/logo\\\/image\\\/\"}}]}<\/script>\n<!-- \/ Yoast SEO plugin. -->","yoast_head_json":{"title":"Aviso de derecho a optar por no participar - AFP","robots":{"index":"noindex","follow":"follow","max-snippet":"max-snippet:-1","max-image-preview":"max-image-preview:large","max-video-preview":"max-video-preview:-1"},"og_locale":"es_ES","og_type":"article","og_title":"Aviso de derecho a optar por no participar - AFP","og_description":"Cookies de terceros Al igual que muchas empresas, permitimos que determinados socios publicitarios externos coloquen tecnolog\u00eda de seguimiento, como cookies y p\u00edxeles, en nuestros sitios web.\u00a0 Mediante esta tecnolog\u00eda, estos socios publicitarios reciben informaci\u00f3n sobre las actividades que usted realiza en nuestro sitio web, que luego se asocia a su navegador, dispositivo o identificador en [&hellip;]","og_url":"https:\/\/afpllc2.preprod.cloud0.savencia.net\/es\/aviso-de-derecho-a-optar-por-no-participar\/","og_site_name":"AFP","article_modified_time":"2024-12-03T20:32:31+00:00","twitter_card":"summary_large_image","twitter_misc":{"Tiempo de lectura":"2 minutos"},"schema":{"@context":"https:\/\/schema.org","@graph":[{"@type":"WebPage","@id":"https:\/\/afpllc2.preprod.cloud0.savencia.net\/es\/aviso-de-derecho-a-optar-por-no-participar\/","url":"https:\/\/afpllc2.preprod.cloud0.savencia.net\/es\/aviso-de-derecho-a-optar-por-no-participar\/","name":"Aviso de derecho a optar por no participar - AFP","isPartOf":{"@id":"https:\/\/afpllc2.preprod.cloud0.savencia.net\/es\/#website"},"datePublished":"2021-12-16T16:17:27+00:00","dateModified":"2024-12-03T20:32:31+00:00","inLanguage":"es","potentialAction":[{"@type":"ReadAction","target":["https:\/\/afpllc2.preprod.cloud0.savencia.net\/es\/aviso-de-derecho-a-optar-por-no-participar\/"]}]},{"@type":"WebSite","@id":"https:\/\/afpllc2.preprod.cloud0.savencia.net\/es\/#website","url":"https:\/\/afpllc2.preprod.cloud0.savencia.net\/es\/","name":"AFP","description":"Innovative Food Solutions.","publisher":{"@id":"https:\/\/afpllc2.preprod.cloud0.savencia.net\/es\/#organization"},"potentialAction":[{"@type":"SearchAction","target":{"@type":"EntryPoint","urlTemplate":"https:\/\/afpllc2.preprod.cloud0.savencia.net\/es\/?s={search_term_string}"},"query-input":{"@type":"PropertyValueSpecification","valueRequired":true,"valueName":"search_term_string"}}],"inLanguage":"es"},{"@type":"Organization","@id":"https:\/\/afpllc2.preprod.cloud0.savencia.net\/es\/#organization","name":"AFP","url":"https:\/\/afpllc2.preprod.cloud0.savencia.net\/es\/","logo":{"@type":"ImageObject","inLanguage":"es","@id":"https:\/\/afpllc2.preprod.cloud0.savencia.net\/es\/#\/schema\/logo\/image\/","url":"https:\/\/afpllc2.preprod.cloud0.savencia.net\/wp-content\/uploads\/2021\/11\/AFP-logo-color.svg","contentUrl":"https:\/\/afpllc2.preprod.cloud0.savencia.net\/wp-content\/uploads\/2021\/11\/AFP-logo-color.svg","width":60,"height":40,"caption":"AFP"},"image":{"@id":"https:\/\/afpllc2.preprod.cloud0.savencia.net\/es\/#\/schema\/logo\/image\/"}}]}},"meta_box":{"afp-bs-featured-lp":"","afp-bs-featured-lp-title":"","afp-bs-featured-lp-copy":"","afp-bs-featured-cta-link":"","afp-bs-featured-cta-text":"","afp-bs-featured-lp-subtitle":"","afp-bs-featured-lp-posts":[],"afp-bs-featured-lp-posts-seemore":"","afp-bs-featured-recipes":[],"afp-bs-featured-trends":[],"afp-bs-featured-training-education":[],"afp-bs-featured-packaging-ideas":[],"afp-bs-featured-home-cta-label":"","afp-bs-more-solutions-heading":"","afp-bs-more-solutions-cta-label":"","afp-bs-more-solutions-category-label":"","afp-bs-product-featured-bs":[],"afp-pgchannels-section-title-group":[],"afp-Channels-icon":[],"afp-Channels-page-icon":[],"afp-Channels-channel-headline-group":[],"afp_calc_serving_size":"8","afp_calc_servings_per_day":"400","afp_calc_number_of_units":"3","afp-calculator":[{"afp_calc_storage":"Shelf-stable","afp_calc_shelf_life":"12 months","afp_calc_case":"6 pack","afp_calc_recipes":[{"_state":"expanded"}]}],"afp_calc_lockup":false,"afp_calc_disclaimer":"","location":[],"AFP-Contact-contact_from_shortcode":"","afp-hp-expertise-callout-title-text":"","afp-hp-expertise-callout-title-color":"","afp-hp-expertise-callout-content":"","afp-hp-expertise-callout-content-color":"","afp-hp-expertise-callouts-group":[],"afp-pgexpertise-page-icon":[],"afp-pgexpertise-expertise-headline-group":[],"afp-pgexpertise-expertise-enable-products":"","afp-pgexpertise-products-section":[],"afp-pgexpertise-content-section":[],"afp-pgexpertise-eng-product-group":[],"afp-pgexpertise-eng-productmoreinfo-group":[],"afp-pgexpertise-eng-innercontent-icon":[],"afp-pgexpertise-eng-innercontent-title":"","afp-pgexpertise-eng-innercontent-cta_text":"","afp-pgexpertise-eng-innercontent-cta_url":"","afp-pgexpertise-eng-capabilities-image":[],"afp-pgexpertise-eng-capabilities-title":"","afp-pgexpertise-eng-capabilities-content":"","mfi-mb-hero-enabled":"0","mfi-mb-hero-full-size":"0","mfi-mb-hero-height":"","mfi-mb-hero-slide-group":[{"mfi-mb-hero-align-option":"text-left","mfi-mb-hero-product-image-style":"overlap"}],"afp-gb--callout-icon":[],"afp-gb-afp-gb--contactbar-section-title-text":"","afp-gb-afp-gb--contactbar-section-title-color":"","afp-gb-afp-gb--contactbar-section-cta-group":[],"afp-hp-our-story-callouts-group":[],"afp-li-linkedin-interstitial-enable":"","afp-li-linkedin-interstitial-title-text":"","afp-li-linkedin-interstitial-content":"","afp-li-linkedin-interstitial-cta-text":"","afp-li-linkedin-interstitial-cta-url":"","afp-hp-section-title-group":[],"afp-hp-selected-products":[],"afp_careers_mb_intro_title":"","afp_careers_mb_intro_content":"","afp-no-cta_label":"","afp-no-nav_icon":[],"afp_ourstory_mb_history_title":"","afp_ourstory_mb_date_group":[],"afp_ourstory_mb_csr_content":"","afp_ourstory_mb_sustainability_title":"","afp_ourstory_mb_sustainability_group":[],"afp-pgproducts-category-heading-enabled":"","afp-pgproducts-category-heading-content":"","afp-pgproducts-category-heading-image":[],"afp-pgproducts-category-heading-cta":[],"afp-pgproducts-category-multicta-group":[],"afp-pgproducts-aseptic-rows-group":[],"winning_ltos":[],"sc_scam_title":"","sc_scam_content":"","infographic_headline":"","infographic_content":"","icons":[],"video_benefits":[],"facts_headline":"","facts_copy":"","facts_image":false,"facts_infographic":[],"lets_talk_headline":"","lets_talk_copy":"","lets_talk_icon":false,"bs_posts":[],"afp-bs-featured-categories":[],"mfi_pb_product_image":false,"mfi_pb_content":"","mfi_pb_cta":"","mfi_pb_cta_url":"","mfi_pb_products":[],"mfi_pb_stats_content":[],"mfi_pb_bar_title":"","mfi_pb_bar_content":"","mfi_pb_graph_image":false,"mfi_pb_more_info":"","mfi_pb_source":""},"_links":{"self":[{"href":"https:\/\/afpllc2.preprod.cloud0.savencia.net\/es\/wp-json\/wp\/v2\/pages\/1646","targetHints":{"allow":["GET"]}}],"collection":[{"href":"https:\/\/afpllc2.preprod.cloud0.savencia.net\/es\/wp-json\/wp\/v2\/pages"}],"about":[{"href":"https:\/\/afpllc2.preprod.cloud0.savencia.net\/es\/wp-json\/wp\/v2\/types\/page"}],"author":[{"embeddable":true,"href":"https:\/\/afpllc2.preprod.cloud0.savencia.net\/es\/wp-json\/wp\/v2\/users\/1"}],"replies":[{"embeddable":true,"href":"https:\/\/afpllc2.preprod.cloud0.savencia.net\/es\/wp-json\/wp\/v2\/comments?post=1646"}],"version-history":[{"count":1,"href":"https:\/\/afpllc2.preprod.cloud0.savencia.net\/es\/wp-json\/wp\/v2\/pages\/1646\/revisions"}],"predecessor-version":[{"id":2606,"href":"https:\/\/afpllc2.preprod.cloud0.savencia.net\/es\/wp-json\/wp\/v2\/pages\/1646\/revisions\/2606"}],"wp:attachment":[{"href":"https:\/\/afpllc2.preprod.cloud0.savencia.net\/es\/wp-json\/wp\/v2\/media?parent=1646"}],"curies":[{"name":"wp","href":"https:\/\/api.w.org\/{rel}","templated":true}]}}