{"id":1524,"date":"2021-12-16T14:57:11","date_gmt":"2021-12-16T19:57:11","guid":{"rendered":"https:\/\/afpllc2.preprod.cloud0.savencia.net\/expertise\/research-development-excellence\/"},"modified":"2024-12-31T10:15:00","modified_gmt":"2024-12-31T15:15:00","slug":"excelencia-en-investigacion-y-desarrollo","status":"publish","type":"page","link":"https:\/\/afpllc2.preprod.cloud0.savencia.net\/es\/experiencia\/excelencia-en-investigacion-y-desarrollo\/","title":{"rendered":"Excelencia en investigaci\u00f3n y desarrollo"},"content":{"rendered":"","protected":false},"excerpt":{"rendered":"","protected":false},"author":1,"featured_media":208,"parent":1491,"menu_order":82,"comment_status":"closed","ping_status":"closed","template":"page-single-expertise.php","meta":{"footnotes":""},"class_list":["post-1524","page","type-page","status-publish","has-post-thumbnail","hentry"],"yoast_head":"<!-- This site is optimized with the Yoast SEO plugin v27.4 - https:\/\/yoast.com\/product\/yoast-seo-wordpress\/ -->\n<title>Excelencia en investigaci\u00f3n y desarrollo - AFP<\/title>\n<meta name=\"robots\" content=\"noindex, follow, max-snippet:-1, max-image-preview:large, max-video-preview:-1\" \/>\n<meta property=\"og:locale\" content=\"es_ES\" \/>\n<meta property=\"og:type\" content=\"article\" \/>\n<meta property=\"og:title\" content=\"Excelencia en investigaci\u00f3n y desarrollo - AFP\" \/>\n<meta property=\"og:url\" content=\"https:\/\/afpllc2.preprod.cloud0.savencia.net\/es\/experiencia\/excelencia-en-investigacion-y-desarrollo\/\" \/>\n<meta property=\"og:site_name\" content=\"AFP\" \/>\n<meta property=\"article:modified_time\" content=\"2024-12-31T15:15:00+00:00\" \/>\n<meta property=\"og:image\" content=\"https:\/\/afpllc2.preprod.cloud0.savencia.net\/wp-content\/uploads\/2021\/11\/e3.jpg\" \/>\n\t<meta property=\"og:image:width\" content=\"769\" \/>\n\t<meta property=\"og:image:height\" content=\"513\" \/>\n\t<meta property=\"og:image:type\" content=\"image\/jpeg\" \/>\n<meta name=\"twitter:card\" content=\"summary_large_image\" \/>\n<script type=\"application\/ld+json\" class=\"yoast-schema-graph\">{\"@context\":\"https:\\\/\\\/schema.org\",\"@graph\":[{\"@type\":\"WebPage\",\"@id\":\"https:\\\/\\\/afpllc2.preprod.cloud0.savencia.net\\\/es\\\/experiencia\\\/excelencia-en-investigacion-y-desarrollo\\\/\",\"url\":\"https:\\\/\\\/afpllc2.preprod.cloud0.savencia.net\\\/es\\\/experiencia\\\/excelencia-en-investigacion-y-desarrollo\\\/\",\"name\":\"Excelencia en investigaci\u00f3n y desarrollo - AFP\",\"isPartOf\":{\"@id\":\"https:\\\/\\\/afpllc2.preprod.cloud0.savencia.net\\\/es\\\/#website\"},\"primaryImageOfPage\":{\"@id\":\"https:\\\/\\\/afpllc2.preprod.cloud0.savencia.net\\\/es\\\/experiencia\\\/excelencia-en-investigacion-y-desarrollo\\\/#primaryimage\"},\"image\":{\"@id\":\"https:\\\/\\\/afpllc2.preprod.cloud0.savencia.net\\\/es\\\/experiencia\\\/excelencia-en-investigacion-y-desarrollo\\\/#primaryimage\"},\"thumbnailUrl\":\"https:\\\/\\\/afpllc2.preprod.cloud0.savencia.net\\\/wp-content\\\/uploads\\\/2021\\\/11\\\/e3.jpg\",\"datePublished\":\"2021-12-16T19:57:11+00:00\",\"dateModified\":\"2024-12-31T15:15:00+00:00\",\"breadcrumb\":{\"@id\":\"https:\\\/\\\/afpllc2.preprod.cloud0.savencia.net\\\/es\\\/experiencia\\\/excelencia-en-investigacion-y-desarrollo\\\/#breadcrumb\"},\"inLanguage\":\"es\",\"potentialAction\":[{\"@type\":\"ReadAction\",\"target\":[\"https:\\\/\\\/afpllc2.preprod.cloud0.savencia.net\\\/es\\\/experiencia\\\/excelencia-en-investigacion-y-desarrollo\\\/\"]}]},{\"@type\":\"ImageObject\",\"inLanguage\":\"es\",\"@id\":\"https:\\\/\\\/afpllc2.preprod.cloud0.savencia.net\\\/es\\\/experiencia\\\/excelencia-en-investigacion-y-desarrollo\\\/#primaryimage\",\"url\":\"https:\\\/\\\/afpllc2.preprod.cloud0.savencia.net\\\/wp-content\\\/uploads\\\/2021\\\/11\\\/e3.jpg\",\"contentUrl\":\"https:\\\/\\\/afpllc2.preprod.cloud0.savencia.net\\\/wp-content\\\/uploads\\\/2021\\\/11\\\/e3.jpg\",\"width\":769,\"height\":513,\"caption\":\"advanced food products afp research\"},{\"@type\":\"BreadcrumbList\",\"@id\":\"https:\\\/\\\/afpllc2.preprod.cloud0.savencia.net\\\/es\\\/experiencia\\\/excelencia-en-investigacion-y-desarrollo\\\/#breadcrumb\",\"itemListElement\":[{\"@type\":\"ListItem\",\"position\":1,\"name\":\"Experiencia\",\"item\":\"https:\\\/\\\/afpllc2.preprod.cloud0.savencia.net\\\/es\\\/experiencia\\\/\"},{\"@type\":\"ListItem\",\"position\":2,\"name\":\"Excelencia en investigaci\u00f3n y desarrollo\"}]},{\"@type\":\"WebSite\",\"@id\":\"https:\\\/\\\/afpllc2.preprod.cloud0.savencia.net\\\/es\\\/#website\",\"url\":\"https:\\\/\\\/afpllc2.preprod.cloud0.savencia.net\\\/es\\\/\",\"name\":\"AFP\",\"description\":\"Innovative Food Solutions.\",\"publisher\":{\"@id\":\"https:\\\/\\\/afpllc2.preprod.cloud0.savencia.net\\\/es\\\/#organization\"},\"potentialAction\":[{\"@type\":\"SearchAction\",\"target\":{\"@type\":\"EntryPoint\",\"urlTemplate\":\"https:\\\/\\\/afpllc2.preprod.cloud0.savencia.net\\\/es\\\/?s={search_term_string}\"},\"query-input\":{\"@type\":\"PropertyValueSpecification\",\"valueRequired\":true,\"valueName\":\"search_term_string\"}}],\"inLanguage\":\"es\"},{\"@type\":\"Organization\",\"@id\":\"https:\\\/\\\/afpllc2.preprod.cloud0.savencia.net\\\/es\\\/#organization\",\"name\":\"AFP\",\"url\":\"https:\\\/\\\/afpllc2.preprod.cloud0.savencia.net\\\/es\\\/\",\"logo\":{\"@type\":\"ImageObject\",\"inLanguage\":\"es\",\"@id\":\"https:\\\/\\\/afpllc2.preprod.cloud0.savencia.net\\\/es\\\/#\\\/schema\\\/logo\\\/image\\\/\",\"url\":\"https:\\\/\\\/afpllc2.preprod.cloud0.savencia.net\\\/wp-content\\\/uploads\\\/2021\\\/11\\\/AFP-logo-color.svg\",\"contentUrl\":\"https:\\\/\\\/afpllc2.preprod.cloud0.savencia.net\\\/wp-content\\\/uploads\\\/2021\\\/11\\\/AFP-logo-color.svg\",\"width\":60,\"height\":40,\"caption\":\"AFP\"},\"image\":{\"@id\":\"https:\\\/\\\/afpllc2.preprod.cloud0.savencia.net\\\/es\\\/#\\\/schema\\\/logo\\\/image\\\/\"}}]}<\/script>\n<!-- \/ Yoast SEO plugin. -->","yoast_head_json":{"title":"Excelencia en investigaci\u00f3n y desarrollo - AFP","robots":{"index":"noindex","follow":"follow","max-snippet":"max-snippet:-1","max-image-preview":"max-image-preview:large","max-video-preview":"max-video-preview:-1"},"og_locale":"es_ES","og_type":"article","og_title":"Excelencia en investigaci\u00f3n y desarrollo - AFP","og_url":"https:\/\/afpllc2.preprod.cloud0.savencia.net\/es\/experiencia\/excelencia-en-investigacion-y-desarrollo\/","og_site_name":"AFP","article_modified_time":"2024-12-31T15:15:00+00:00","og_image":[{"width":769,"height":513,"url":"https:\/\/afpllc2.preprod.cloud0.savencia.net\/wp-content\/uploads\/2021\/11\/e3.jpg","type":"image\/jpeg"}],"twitter_card":"summary_large_image","schema":{"@context":"https:\/\/schema.org","@graph":[{"@type":"WebPage","@id":"https:\/\/afpllc2.preprod.cloud0.savencia.net\/es\/experiencia\/excelencia-en-investigacion-y-desarrollo\/","url":"https:\/\/afpllc2.preprod.cloud0.savencia.net\/es\/experiencia\/excelencia-en-investigacion-y-desarrollo\/","name":"Excelencia en investigaci\u00f3n y desarrollo - AFP","isPartOf":{"@id":"https:\/\/afpllc2.preprod.cloud0.savencia.net\/es\/#website"},"primaryImageOfPage":{"@id":"https:\/\/afpllc2.preprod.cloud0.savencia.net\/es\/experiencia\/excelencia-en-investigacion-y-desarrollo\/#primaryimage"},"image":{"@id":"https:\/\/afpllc2.preprod.cloud0.savencia.net\/es\/experiencia\/excelencia-en-investigacion-y-desarrollo\/#primaryimage"},"thumbnailUrl":"https:\/\/afpllc2.preprod.cloud0.savencia.net\/wp-content\/uploads\/2021\/11\/e3.jpg","datePublished":"2021-12-16T19:57:11+00:00","dateModified":"2024-12-31T15:15:00+00:00","breadcrumb":{"@id":"https:\/\/afpllc2.preprod.cloud0.savencia.net\/es\/experiencia\/excelencia-en-investigacion-y-desarrollo\/#breadcrumb"},"inLanguage":"es","potentialAction":[{"@type":"ReadAction","target":["https:\/\/afpllc2.preprod.cloud0.savencia.net\/es\/experiencia\/excelencia-en-investigacion-y-desarrollo\/"]}]},{"@type":"ImageObject","inLanguage":"es","@id":"https:\/\/afpllc2.preprod.cloud0.savencia.net\/es\/experiencia\/excelencia-en-investigacion-y-desarrollo\/#primaryimage","url":"https:\/\/afpllc2.preprod.cloud0.savencia.net\/wp-content\/uploads\/2021\/11\/e3.jpg","contentUrl":"https:\/\/afpllc2.preprod.cloud0.savencia.net\/wp-content\/uploads\/2021\/11\/e3.jpg","width":769,"height":513,"caption":"advanced food products afp research"},{"@type":"BreadcrumbList","@id":"https:\/\/afpllc2.preprod.cloud0.savencia.net\/es\/experiencia\/excelencia-en-investigacion-y-desarrollo\/#breadcrumb","itemListElement":[{"@type":"ListItem","position":1,"name":"Experiencia","item":"https:\/\/afpllc2.preprod.cloud0.savencia.net\/es\/experiencia\/"},{"@type":"ListItem","position":2,"name":"Excelencia en investigaci\u00f3n y desarrollo"}]},{"@type":"WebSite","@id":"https:\/\/afpllc2.preprod.cloud0.savencia.net\/es\/#website","url":"https:\/\/afpllc2.preprod.cloud0.savencia.net\/es\/","name":"AFP","description":"Innovative Food Solutions.","publisher":{"@id":"https:\/\/afpllc2.preprod.cloud0.savencia.net\/es\/#organization"},"potentialAction":[{"@type":"SearchAction","target":{"@type":"EntryPoint","urlTemplate":"https:\/\/afpllc2.preprod.cloud0.savencia.net\/es\/?s={search_term_string}"},"query-input":{"@type":"PropertyValueSpecification","valueRequired":true,"valueName":"search_term_string"}}],"inLanguage":"es"},{"@type":"Organization","@id":"https:\/\/afpllc2.preprod.cloud0.savencia.net\/es\/#organization","name":"AFP","url":"https:\/\/afpllc2.preprod.cloud0.savencia.net\/es\/","logo":{"@type":"ImageObject","inLanguage":"es","@id":"https:\/\/afpllc2.preprod.cloud0.savencia.net\/es\/#\/schema\/logo\/image\/","url":"https:\/\/afpllc2.preprod.cloud0.savencia.net\/wp-content\/uploads\/2021\/11\/AFP-logo-color.svg","contentUrl":"https:\/\/afpllc2.preprod.cloud0.savencia.net\/wp-content\/uploads\/2021\/11\/AFP-logo-color.svg","width":60,"height":40,"caption":"AFP"},"image":{"@id":"https:\/\/afpllc2.preprod.cloud0.savencia.net\/es\/#\/schema\/logo\/image\/"}}]}},"meta_box":{"afp-bs-featured-lp":"","afp-bs-featured-lp-title":"","afp-bs-featured-lp-copy":"","afp-bs-featured-cta-link":"","afp-bs-featured-cta-text":"","afp-bs-featured-lp-subtitle":"","afp-bs-featured-lp-posts":[],"afp-bs-featured-lp-posts-seemore":"","afp-bs-featured-recipes":[],"afp-bs-featured-trends":[],"afp-bs-featured-training-education":[],"afp-bs-featured-packaging-ideas":[],"afp-bs-featured-home-cta-label":"","afp-bs-more-solutions-heading":"","afp-bs-more-solutions-cta-label":"","afp-bs-more-solutions-category-label":"","afp-bs-product-featured-bs":[],"afp-pgchannels-section-title-group":[],"afp-Channels-icon":[],"afp-Channels-page-icon":[],"afp-Channels-channel-headline-group":[],"afp_calc_serving_size":"8","afp_calc_servings_per_day":"400","afp_calc_number_of_units":"3","afp-calculator":[{"afp_calc_storage":"Shelf-stable","afp_calc_shelf_life":"12 months","afp_calc_case":"6 pack","afp_calc_recipes":[{"_state":"expanded"}]}],"afp_calc_lockup":false,"afp_calc_disclaimer":"","location":[],"AFP-Contact-contact_from_shortcode":"","afp-hp-expertise-callout-title-text":"","afp-hp-expertise-callout-title-color":"","afp-hp-expertise-callout-content":"","afp-hp-expertise-callout-content-color":"","afp-hp-expertise-callouts-group":[],"afp-pgexpertise-page-icon":[{"width":125,"height":125,"file":"\/expertise-hero-icon-research.svg","sizes":{"thumbnail":{"width":"360","height":"230","crop":"1","file":"expertise-hero-icon-research.svg","mime-type":"image\/svg+xml","url":"https:\/\/afpllc2.preprod.cloud0.savencia.net\/wp-content\/uploads\/expertise-hero-icon-research.svg"},"medium":{"width":"600","height":"600","crop":false,"file":"expertise-hero-icon-research.svg","mime-type":"image\/svg+xml","url":"https:\/\/afpllc2.preprod.cloud0.savencia.net\/wp-content\/uploads\/expertise-hero-icon-research.svg"},"medium_large":{"width":"768","height":"0","crop":false,"file":"expertise-hero-icon-research.svg","mime-type":"image\/svg+xml","url":"https:\/\/afpllc2.preprod.cloud0.savencia.net\/wp-content\/uploads\/expertise-hero-icon-research.svg"},"large":{"width":"1024","height":"1024","crop":false,"file":"expertise-hero-icon-research.svg","mime-type":"image\/svg+xml","url":"https:\/\/afpllc2.preprod.cloud0.savencia.net\/wp-content\/uploads\/expertise-hero-icon-research.svg"},"bs-large-feature":{"width":840,"height":560,"crop":1,"file":"expertise-hero-icon-research.svg","mime-type":"image\/svg+xml","url":"https:\/\/afpllc2.preprod.cloud0.savencia.net\/wp-content\/uploads\/expertise-hero-icon-research.svg"},"bs-thumbnail":{"width":390,"height":260,"crop":1,"file":"expertise-hero-icon-research.svg","mime-type":"image\/svg+xml","url":"https:\/\/afpllc2.preprod.cloud0.savencia.net\/wp-content\/uploads\/expertise-hero-icon-research.svg"},"bs-more-thumbnail":{"width":355,"height":380,"crop":1,"file":"expertise-hero-icon-research.svg","mime-type":"image\/svg+xml","url":"https:\/\/afpllc2.preprod.cloud0.savencia.net\/wp-content\/uploads\/expertise-hero-icon-research.svg"},"1536x1536":{"width":1536,"height":1536,"crop":0,"file":"expertise-hero-icon-research.svg","mime-type":"image\/svg+xml","url":"https:\/\/afpllc2.preprod.cloud0.savencia.net\/wp-content\/uploads\/expertise-hero-icon-research.svg"},"2048x2048":{"width":2048,"height":2048,"crop":0,"file":"expertise-hero-icon-research.svg","mime-type":"image\/svg+xml","url":"https:\/\/afpllc2.preprod.cloud0.savencia.net\/wp-content\/uploads\/expertise-hero-icon-research.svg"}},"ID":"1380","name":"expertise-hero-icon-research.svg","path":"\/var\/www\/vhosts\/afpllc2.preprod.cloud0.savencia.net\/httpdocs\/wp-content\/uploads\/expertise-hero-icon-research.svg","url":"https:\/\/afpllc2.preprod.cloud0.savencia.net\/wp-content\/uploads\/expertise-hero-icon-research.svg","full_url":"https:\/\/afpllc2.preprod.cloud0.savencia.net\/wp-content\/uploads\/expertise-hero-icon-research.svg","title":"expertise-hero-icon-research","caption":"","description":"","alt":"expertise hero advanced food product","srcset":false}],"afp-pgexpertise-expertise-headline-group":{"afp-pgexpertise-channel-title-text":"Desde la propuesta colaborativa de ideas hasta la formulaci\u00f3n y la ejecuci\u00f3n, el equipo de investigaci\u00f3n y desarrollo de AFP est\u00e1 aqu\u00ed para ser su experto en formulaciones as\u00e9pticas de bajo contenido de \u00e1cido.","afp-pgexpertise-channel-title-color":"#008d9b","afp-pgexpertise-channel-content":"En AFP, proporcionamos soluciones de productos. Los expertos que impulsan nuestro progreso contin\u00faan explorando mejoras en la formulaci\u00f3n de productos y envasado apto para el mercado, lo que da lugar a alimentos as\u00e9pticos con bajo contenido de \u00e1cido y alimentos de larga conservaci\u00f3n superiores: los mejores disponibles.","afp-pgexpertise-channel-content-color":"#5a5e5e"},"afp-pgexpertise-expertise-enable-products":"0","afp-pgexpertise-products-section":[{"afp-pgexpertise-product-image":["2767"],"afp-pgexpertise-product-title":"Salsa de queso a base de plantas"},{"afp-pgexpertise-product-image":["2476"],"afp-pgexpertise-product-title":"Postres a base de plantas"},{"afp-pgexpertise-product-image":["2780"],"afp-pgexpertise-product-title":"Salsas a base de plantas"}],"afp-pgexpertise-content-section":[{"afp-pgexpertise-content_type":"key-elements","afp-pgexpertise-key-elements-group":{"afp-pgexpertise-key-elements-title":"Creaciones notables:","afp-pgexpertise-k-elements":[{"afp-pgexpertise-k-element-icon":["21958"],"afp-pgexpertise-k-element-bg-color":"#f8631b","afp-pgexpertise-k-element-title":"Formulaciones"},{"afp-pgexpertise-k-element-icon":["21966"],"afp-pgexpertise-k-element-bg-color":"#f8631b","afp-pgexpertise-k-element-title":"Desarrollo de usos"},{"afp-pgexpertise-k-element-icon":["1444"],"afp-pgexpertise-k-element-bg-color":"#f8631b","afp-pgexpertise-k-element-title":"Investigaci\u00f3n de terceros"}]}},{"afp-pgexpertise-content_type":"key-elements","afp-pgexpertise-key-elements-group":{"afp-pgexpertise-key-elements-section-style":"1","afp-pgexpertise-key-elements-title":"Mant\u00e9ngase al d\u00eda con un socio experto en tendencias","afp-pgexpertise-key-elements-description":"Somos m\u00e1s que especialistas en salsas de queso. Cuando se asocia con nosotros, recibe algo m\u00e1s que nuestra cartera de productos de gran sabor respaldados por una rigurosa investigaci\u00f3n y desarrollo. Tambi\u00e9n obtiene los \u00faltimos conocimientos del mercado para adelantarse a las tendencias y poder aportar ese factor sorpresa a todo lo que sirva.","afp-pgexpertise-key-elements-source":"<p style=\"text-align: center;\">Fuente: Datassential Trendspotting, ofertas de tiempo limitado mundiales, agosto de 2022<\/p>\r\n<p style=\"text-align: center;\">Fuente: Datos de tendencias alimentarias nacionales de Ignite Menu de Technomic<\/p>\r\n<p style=\"text-align: center;\">Fuente: Datos de tendencias alimentarias nacionales de Ignite Menu de Technomic, del T1 de 2018 al T1 de 2023<\/p>","afp-pgexpertise-k-elements":[{"afp-pgexpertise-k-element-icon":["21954"],"afp-pgexpertise-k-element-title":"El 65 % de los consumidores visitar\u00e1 un restaurante espec\u00edficamente para pedir una oferta por tiempo limitado."},{"afp-pgexpertise-k-element-icon":["21981"],"afp-pgexpertise-k-element-title":"El 41 % de todos los men\u00fas incluyen salsa de queso."},{"afp-pgexpertise-k-element-icon":["21962"],"afp-pgexpertise-k-element-title":"Los operadores pueden cobrar un 40 % m\u00e1s por los aperitivos y un 38 % m\u00e1s por las guarniciones con salsa de queso."}]}}],"afp-pgexpertise-eng-product-group":[],"afp-pgexpertise-eng-productmoreinfo-group":[],"afp-pgexpertise-eng-innercontent-icon":[],"afp-pgexpertise-eng-innercontent-title":"","afp-pgexpertise-eng-innercontent-cta_text":"","afp-pgexpertise-eng-innercontent-cta_url":"","afp-pgexpertise-eng-capabilities-image":[],"afp-pgexpertise-eng-capabilities-title":"","afp-pgexpertise-eng-capabilities-content":"","mfi-mb-hero-enabled":"1","mfi-mb-hero-full-size":"0","mfi-mb-hero-height":"640","mfi-mb-hero-slide-group":[{"mfi-mb-hero-title-text":"Excelencia en investigaci\u00f3n y desarrollo","mfi-mb-hero-title-color":"#ffffff","mfi-mb-hero-content":"Nuestros expertos en tecnolog\u00eda de investigaci\u00f3n y desarrollo crean m\u00e1s que productos deliciosos. Crean sabrosas soluciones.","mfi-mb-hero-content-color":"#ffffff","mfi-mb-hero-align-option":"text-left","mfi-mb-hero-product-image-enabled":"1","mfi-mb-hero-product-image-style":"slice","mfi-mb-hero-product-primary-bg-color":"#67e1cf","mfi-mb-hero-product-image":["205"]}],"afp-gb--callout-icon":[],"afp-gb-afp-gb--contactbar-section-title-text":"","afp-gb-afp-gb--contactbar-section-title-color":"","afp-gb-afp-gb--contactbar-section-cta-group":[],"afp-hp-our-story-callouts-group":[],"afp-li-linkedin-interstitial-enable":"","afp-li-linkedin-interstitial-title-text":"","afp-li-linkedin-interstitial-content":"","afp-li-linkedin-interstitial-cta-text":"","afp-li-linkedin-interstitial-cta-url":"","afp-hp-section-title-group":[],"afp-hp-selected-products":[],"afp_careers_mb_intro_title":"","afp_careers_mb_intro_content":"","afp-no-cta_label":"","afp-no-nav_icon":[{"width":125,"height":125,"file":"\/expertise-research.svg","sizes":{"thumbnail":{"width":"150","height":"150","crop":"1","file":"expertise-research.svg","mime-type":"image\/svg+xml","url":"https:\/\/afpllc2.preprod.cloud0.savencia.net\/wp-content\/uploads\/expertise-research.svg"},"medium":{"width":"300","height":"300","crop":false,"file":"expertise-research.svg","mime-type":"image\/svg+xml","url":"https:\/\/afpllc2.preprod.cloud0.savencia.net\/wp-content\/uploads\/expertise-research.svg"},"medium_large":{"width":"768","height":"0","crop":false,"file":"expertise-research.svg","mime-type":"image\/svg+xml","url":"https:\/\/afpllc2.preprod.cloud0.savencia.net\/wp-content\/uploads\/expertise-research.svg"},"large":{"width":"1024","height":"1024","crop":false,"file":"expertise-research.svg","mime-type":"image\/svg+xml","url":"https:\/\/afpllc2.preprod.cloud0.savencia.net\/wp-content\/uploads\/expertise-research.svg"},"1536x1536":{"width":1536,"height":1536,"crop":0,"file":"expertise-research.svg","mime-type":"image\/svg+xml","url":"https:\/\/afpllc2.preprod.cloud0.savencia.net\/wp-content\/uploads\/expertise-research.svg"},"2048x2048":{"width":2048,"height":2048,"crop":0,"file":"expertise-research.svg","mime-type":"image\/svg+xml","url":"https:\/\/afpllc2.preprod.cloud0.savencia.net\/wp-content\/uploads\/expertise-research.svg"}},"ID":"524","name":"expertise-research.svg","path":"\/var\/www\/vhosts\/afpllc2.preprod.cloud0.savencia.net\/httpdocs\/wp-content\/uploads\/expertise-research.svg","url":"https:\/\/afpllc2.preprod.cloud0.savencia.net\/wp-content\/uploads\/expertise-research.svg","full_url":"https:\/\/afpllc2.preprod.cloud0.savencia.net\/wp-content\/uploads\/expertise-research.svg","title":"expertise-research","caption":"","description":"","alt":"advanced food products expertise and research","srcset":false}],"afp_ourstory_mb_history_title":"","afp_ourstory_mb_date_group":[],"afp_ourstory_mb_csr_content":"","afp_ourstory_mb_sustainability_title":"","afp_ourstory_mb_sustainability_group":[],"afp-pgproducts-category-heading-enabled":"","afp-pgproducts-category-heading-content":"","afp-pgproducts-category-heading-image":[],"afp-pgproducts-category-heading-cta":[],"afp-pgproducts-category-multicta-group":[],"afp-pgproducts-aseptic-rows-group":[],"winning_ltos":[],"sc_scam_title":"","sc_scam_content":"","infographic_headline":"","infographic_content":"","icons":[],"video_benefits":[],"facts_headline":"","facts_copy":"","facts_image":false,"facts_infographic":[],"lets_talk_headline":"","lets_talk_copy":"","lets_talk_icon":false,"bs_posts":[57034,57039,57044],"afp-bs-featured-categories":[],"mfi_pb_product_image":false,"mfi_pb_content":"","mfi_pb_cta":"","mfi_pb_cta_url":"","mfi_pb_products":[],"mfi_pb_stats_content":[],"mfi_pb_bar_title":"","mfi_pb_bar_content":"","mfi_pb_graph_image":false,"mfi_pb_more_info":"","mfi_pb_source":""},"_links":{"self":[{"href":"https:\/\/afpllc2.preprod.cloud0.savencia.net\/es\/wp-json\/wp\/v2\/pages\/1524","targetHints":{"allow":["GET"]}}],"collection":[{"href":"https:\/\/afpllc2.preprod.cloud0.savencia.net\/es\/wp-json\/wp\/v2\/pages"}],"about":[{"href":"https:\/\/afpllc2.preprod.cloud0.savencia.net\/es\/wp-json\/wp\/v2\/types\/page"}],"author":[{"embeddable":true,"href":"https:\/\/afpllc2.preprod.cloud0.savencia.net\/es\/wp-json\/wp\/v2\/users\/1"}],"replies":[{"embeddable":true,"href":"https:\/\/afpllc2.preprod.cloud0.savencia.net\/es\/wp-json\/wp\/v2\/comments?post=1524"}],"version-history":[{"count":1,"href":"https:\/\/afpllc2.preprod.cloud0.savencia.net\/es\/wp-json\/wp\/v2\/pages\/1524\/revisions"}],"predecessor-version":[{"id":1530,"href":"https:\/\/afpllc2.preprod.cloud0.savencia.net\/es\/wp-json\/wp\/v2\/pages\/1524\/revisions\/1530"}],"up":[{"embeddable":true,"href":"https:\/\/afpllc2.preprod.cloud0.savencia.net\/es\/wp-json\/wp\/v2\/pages\/1491"}],"wp:featuredmedia":[{"embeddable":true,"href":"https:\/\/afpllc2.preprod.cloud0.savencia.net\/es\/wp-json\/wp\/v2\/media\/208"}],"wp:attachment":[{"href":"https:\/\/afpllc2.preprod.cloud0.savencia.net\/es\/wp-json\/wp\/v2\/media?parent=1524"}],"curies":[{"name":"wp","href":"https:\/\/api.w.org\/{rel}","templated":true}]}}