{"id":1522,"date":"2021-08-03T13:50:28","date_gmt":"2021-08-03T13:50:28","guid":{"rendered":"https:\/\/afpllc2.preprod.cloud0.savencia.net\/expertise\/aseptic-manufacturing\/"},"modified":"2025-11-18T15:33:11","modified_gmt":"2025-11-18T20:33:11","slug":"tecnologia-aseptica-con-bajo-contenido-de-acido","status":"publish","type":"page","link":"https:\/\/afpllc2.preprod.cloud0.savencia.net\/es\/experiencia\/tecnologia-aseptica-con-bajo-contenido-de-acido\/","title":{"rendered":"Tecnolog\u00eda as\u00e9ptica con bajo contenido de \u00e1cido"},"content":{"rendered":"","protected":false},"excerpt":{"rendered":"","protected":false},"author":1,"featured_media":1065,"parent":1491,"menu_order":75,"comment_status":"closed","ping_status":"closed","template":"page-single-expertise.php","meta":{"footnotes":""},"class_list":["post-1522","page","type-page","status-publish","has-post-thumbnail","hentry"],"yoast_head":"<!-- This site is optimized with the Yoast SEO plugin v27.4 - https:\/\/yoast.com\/product\/yoast-seo-wordpress\/ -->\n<title>Tecnolog\u00eda as\u00e9ptica con bajo contenido de \u00e1cido - AFP<\/title>\n<meta name=\"robots\" content=\"noindex, follow, max-snippet:-1, max-image-preview:large, max-video-preview:-1\" \/>\n<meta property=\"og:locale\" content=\"es_ES\" \/>\n<meta property=\"og:type\" content=\"article\" \/>\n<meta property=\"og:title\" content=\"Tecnolog\u00eda as\u00e9ptica con bajo contenido de \u00e1cido - AFP\" \/>\n<meta property=\"og:url\" content=\"https:\/\/afpllc2.preprod.cloud0.savencia.net\/es\/experiencia\/tecnologia-aseptica-con-bajo-contenido-de-acido\/\" \/>\n<meta property=\"og:site_name\" content=\"AFP\" \/>\n<meta property=\"article:modified_time\" content=\"2025-11-18T20:33:11+00:00\" \/>\n<meta property=\"og:image\" content=\"https:\/\/afpllc2.preprod.cloud0.savencia.net\/wp-content\/uploads\/Layer-612-copy.jpg\" \/>\n\t<meta property=\"og:image:width\" content=\"979\" \/>\n\t<meta property=\"og:image:height\" content=\"1277\" \/>\n\t<meta property=\"og:image:type\" content=\"image\/jpeg\" \/>\n<meta name=\"twitter:card\" content=\"summary_large_image\" \/>\n<script type=\"application\/ld+json\" class=\"yoast-schema-graph\">{\"@context\":\"https:\\\/\\\/schema.org\",\"@graph\":[{\"@type\":\"WebPage\",\"@id\":\"https:\\\/\\\/afpllc2.preprod.cloud0.savencia.net\\\/es\\\/experiencia\\\/tecnologia-aseptica-con-bajo-contenido-de-acido\\\/\",\"url\":\"https:\\\/\\\/afpllc2.preprod.cloud0.savencia.net\\\/es\\\/experiencia\\\/tecnologia-aseptica-con-bajo-contenido-de-acido\\\/\",\"name\":\"Tecnolog\u00eda as\u00e9ptica con bajo contenido de \u00e1cido - AFP\",\"isPartOf\":{\"@id\":\"https:\\\/\\\/afpllc2.preprod.cloud0.savencia.net\\\/es\\\/#website\"},\"primaryImageOfPage\":{\"@id\":\"https:\\\/\\\/afpllc2.preprod.cloud0.savencia.net\\\/es\\\/experiencia\\\/tecnologia-aseptica-con-bajo-contenido-de-acido\\\/#primaryimage\"},\"image\":{\"@id\":\"https:\\\/\\\/afpllc2.preprod.cloud0.savencia.net\\\/es\\\/experiencia\\\/tecnologia-aseptica-con-bajo-contenido-de-acido\\\/#primaryimage\"},\"thumbnailUrl\":\"https:\\\/\\\/afpllc2.preprod.cloud0.savencia.net\\\/wp-content\\\/uploads\\\/Layer-612-copy.jpg\",\"datePublished\":\"2021-08-03T13:50:28+00:00\",\"dateModified\":\"2025-11-18T20:33:11+00:00\",\"breadcrumb\":{\"@id\":\"https:\\\/\\\/afpllc2.preprod.cloud0.savencia.net\\\/es\\\/experiencia\\\/tecnologia-aseptica-con-bajo-contenido-de-acido\\\/#breadcrumb\"},\"inLanguage\":\"es\",\"potentialAction\":[{\"@type\":\"ReadAction\",\"target\":[\"https:\\\/\\\/afpllc2.preprod.cloud0.savencia.net\\\/es\\\/experiencia\\\/tecnologia-aseptica-con-bajo-contenido-de-acido\\\/\"]}]},{\"@type\":\"ImageObject\",\"inLanguage\":\"es\",\"@id\":\"https:\\\/\\\/afpllc2.preprod.cloud0.savencia.net\\\/es\\\/experiencia\\\/tecnologia-aseptica-con-bajo-contenido-de-acido\\\/#primaryimage\",\"url\":\"https:\\\/\\\/afpllc2.preprod.cloud0.savencia.net\\\/wp-content\\\/uploads\\\/Layer-612-copy.jpg\",\"contentUrl\":\"https:\\\/\\\/afpllc2.preprod.cloud0.savencia.net\\\/wp-content\\\/uploads\\\/Layer-612-copy.jpg\",\"width\":979,\"height\":1277,\"caption\":\"advanced food products cheese sauce expertise\"},{\"@type\":\"BreadcrumbList\",\"@id\":\"https:\\\/\\\/afpllc2.preprod.cloud0.savencia.net\\\/es\\\/experiencia\\\/tecnologia-aseptica-con-bajo-contenido-de-acido\\\/#breadcrumb\",\"itemListElement\":[{\"@type\":\"ListItem\",\"position\":1,\"name\":\"Experiencia\",\"item\":\"https:\\\/\\\/afpllc2.preprod.cloud0.savencia.net\\\/es\\\/experiencia\\\/\"},{\"@type\":\"ListItem\",\"position\":2,\"name\":\"Tecnolog\u00eda as\u00e9ptica con bajo contenido de \u00e1cido\"}]},{\"@type\":\"WebSite\",\"@id\":\"https:\\\/\\\/afpllc2.preprod.cloud0.savencia.net\\\/es\\\/#website\",\"url\":\"https:\\\/\\\/afpllc2.preprod.cloud0.savencia.net\\\/es\\\/\",\"name\":\"AFP\",\"description\":\"Innovative Food Solutions.\",\"publisher\":{\"@id\":\"https:\\\/\\\/afpllc2.preprod.cloud0.savencia.net\\\/es\\\/#organization\"},\"potentialAction\":[{\"@type\":\"SearchAction\",\"target\":{\"@type\":\"EntryPoint\",\"urlTemplate\":\"https:\\\/\\\/afpllc2.preprod.cloud0.savencia.net\\\/es\\\/?s={search_term_string}\"},\"query-input\":{\"@type\":\"PropertyValueSpecification\",\"valueRequired\":true,\"valueName\":\"search_term_string\"}}],\"inLanguage\":\"es\"},{\"@type\":\"Organization\",\"@id\":\"https:\\\/\\\/afpllc2.preprod.cloud0.savencia.net\\\/es\\\/#organization\",\"name\":\"AFP\",\"url\":\"https:\\\/\\\/afpllc2.preprod.cloud0.savencia.net\\\/es\\\/\",\"logo\":{\"@type\":\"ImageObject\",\"inLanguage\":\"es\",\"@id\":\"https:\\\/\\\/afpllc2.preprod.cloud0.savencia.net\\\/es\\\/#\\\/schema\\\/logo\\\/image\\\/\",\"url\":\"https:\\\/\\\/afpllc2.preprod.cloud0.savencia.net\\\/wp-content\\\/uploads\\\/2021\\\/11\\\/AFP-logo-color.svg\",\"contentUrl\":\"https:\\\/\\\/afpllc2.preprod.cloud0.savencia.net\\\/wp-content\\\/uploads\\\/2021\\\/11\\\/AFP-logo-color.svg\",\"width\":60,\"height\":40,\"caption\":\"AFP\"},\"image\":{\"@id\":\"https:\\\/\\\/afpllc2.preprod.cloud0.savencia.net\\\/es\\\/#\\\/schema\\\/logo\\\/image\\\/\"}}]}<\/script>\n<!-- \/ Yoast SEO plugin. -->","yoast_head_json":{"title":"Tecnolog\u00eda as\u00e9ptica con bajo contenido de \u00e1cido - AFP","robots":{"index":"noindex","follow":"follow","max-snippet":"max-snippet:-1","max-image-preview":"max-image-preview:large","max-video-preview":"max-video-preview:-1"},"og_locale":"es_ES","og_type":"article","og_title":"Tecnolog\u00eda as\u00e9ptica con bajo contenido de \u00e1cido - AFP","og_url":"https:\/\/afpllc2.preprod.cloud0.savencia.net\/es\/experiencia\/tecnologia-aseptica-con-bajo-contenido-de-acido\/","og_site_name":"AFP","article_modified_time":"2025-11-18T20:33:11+00:00","og_image":[{"width":979,"height":1277,"url":"https:\/\/afpllc2.preprod.cloud0.savencia.net\/wp-content\/uploads\/Layer-612-copy.jpg","type":"image\/jpeg"}],"twitter_card":"summary_large_image","schema":{"@context":"https:\/\/schema.org","@graph":[{"@type":"WebPage","@id":"https:\/\/afpllc2.preprod.cloud0.savencia.net\/es\/experiencia\/tecnologia-aseptica-con-bajo-contenido-de-acido\/","url":"https:\/\/afpllc2.preprod.cloud0.savencia.net\/es\/experiencia\/tecnologia-aseptica-con-bajo-contenido-de-acido\/","name":"Tecnolog\u00eda as\u00e9ptica con bajo contenido de \u00e1cido - AFP","isPartOf":{"@id":"https:\/\/afpllc2.preprod.cloud0.savencia.net\/es\/#website"},"primaryImageOfPage":{"@id":"https:\/\/afpllc2.preprod.cloud0.savencia.net\/es\/experiencia\/tecnologia-aseptica-con-bajo-contenido-de-acido\/#primaryimage"},"image":{"@id":"https:\/\/afpllc2.preprod.cloud0.savencia.net\/es\/experiencia\/tecnologia-aseptica-con-bajo-contenido-de-acido\/#primaryimage"},"thumbnailUrl":"https:\/\/afpllc2.preprod.cloud0.savencia.net\/wp-content\/uploads\/Layer-612-copy.jpg","datePublished":"2021-08-03T13:50:28+00:00","dateModified":"2025-11-18T20:33:11+00:00","breadcrumb":{"@id":"https:\/\/afpllc2.preprod.cloud0.savencia.net\/es\/experiencia\/tecnologia-aseptica-con-bajo-contenido-de-acido\/#breadcrumb"},"inLanguage":"es","potentialAction":[{"@type":"ReadAction","target":["https:\/\/afpllc2.preprod.cloud0.savencia.net\/es\/experiencia\/tecnologia-aseptica-con-bajo-contenido-de-acido\/"]}]},{"@type":"ImageObject","inLanguage":"es","@id":"https:\/\/afpllc2.preprod.cloud0.savencia.net\/es\/experiencia\/tecnologia-aseptica-con-bajo-contenido-de-acido\/#primaryimage","url":"https:\/\/afpllc2.preprod.cloud0.savencia.net\/wp-content\/uploads\/Layer-612-copy.jpg","contentUrl":"https:\/\/afpllc2.preprod.cloud0.savencia.net\/wp-content\/uploads\/Layer-612-copy.jpg","width":979,"height":1277,"caption":"advanced food products cheese sauce expertise"},{"@type":"BreadcrumbList","@id":"https:\/\/afpllc2.preprod.cloud0.savencia.net\/es\/experiencia\/tecnologia-aseptica-con-bajo-contenido-de-acido\/#breadcrumb","itemListElement":[{"@type":"ListItem","position":1,"name":"Experiencia","item":"https:\/\/afpllc2.preprod.cloud0.savencia.net\/es\/experiencia\/"},{"@type":"ListItem","position":2,"name":"Tecnolog\u00eda as\u00e9ptica con bajo contenido de \u00e1cido"}]},{"@type":"WebSite","@id":"https:\/\/afpllc2.preprod.cloud0.savencia.net\/es\/#website","url":"https:\/\/afpllc2.preprod.cloud0.savencia.net\/es\/","name":"AFP","description":"Innovative Food Solutions.","publisher":{"@id":"https:\/\/afpllc2.preprod.cloud0.savencia.net\/es\/#organization"},"potentialAction":[{"@type":"SearchAction","target":{"@type":"EntryPoint","urlTemplate":"https:\/\/afpllc2.preprod.cloud0.savencia.net\/es\/?s={search_term_string}"},"query-input":{"@type":"PropertyValueSpecification","valueRequired":true,"valueName":"search_term_string"}}],"inLanguage":"es"},{"@type":"Organization","@id":"https:\/\/afpllc2.preprod.cloud0.savencia.net\/es\/#organization","name":"AFP","url":"https:\/\/afpllc2.preprod.cloud0.savencia.net\/es\/","logo":{"@type":"ImageObject","inLanguage":"es","@id":"https:\/\/afpllc2.preprod.cloud0.savencia.net\/es\/#\/schema\/logo\/image\/","url":"https:\/\/afpllc2.preprod.cloud0.savencia.net\/wp-content\/uploads\/2021\/11\/AFP-logo-color.svg","contentUrl":"https:\/\/afpllc2.preprod.cloud0.savencia.net\/wp-content\/uploads\/2021\/11\/AFP-logo-color.svg","width":60,"height":40,"caption":"AFP"},"image":{"@id":"https:\/\/afpllc2.preprod.cloud0.savencia.net\/es\/#\/schema\/logo\/image\/"}}]}},"meta_box":{"afp-bs-featured-lp":"","afp-bs-featured-lp-title":"","afp-bs-featured-lp-copy":"","afp-bs-featured-cta-link":"","afp-bs-featured-cta-text":"","afp-bs-featured-lp-subtitle":"","afp-bs-featured-lp-posts":[],"afp-bs-featured-lp-posts-seemore":"","afp-bs-featured-recipes":[],"afp-bs-featured-trends":[],"afp-bs-featured-training-education":[],"afp-bs-featured-packaging-ideas":[],"afp-bs-featured-home-cta-label":"","afp-bs-more-solutions-heading":"","afp-bs-more-solutions-cta-label":"","afp-bs-more-solutions-category-label":"","afp-bs-product-featured-bs":[],"afp-pgchannels-section-title-group":[],"afp-Channels-icon":[],"afp-Channels-page-icon":[],"afp-Channels-channel-headline-group":[],"afp_calc_serving_size":"8","afp_calc_servings_per_day":"400","afp_calc_number_of_units":"3","afp-calculator":[{"afp_calc_storage":"Shelf-stable","afp_calc_shelf_life":"12 months","afp_calc_case":"6 pack","afp_calc_recipes":[{"_state":"expanded"}]}],"afp_calc_lockup":false,"afp_calc_disclaimer":"","location":[],"AFP-Contact-contact_from_shortcode":"","afp-hp-expertise-callout-title-text":"","afp-hp-expertise-callout-title-color":"","afp-hp-expertise-callout-content":"","afp-hp-expertise-callout-content-color":"","afp-hp-expertise-callouts-group":[],"afp-pgexpertise-page-icon":[{"width":125,"height":125,"file":"\/expertise-hero-icon-aseptic-technology.svg","sizes":{"thumbnail":{"width":"360","height":"230","crop":"1","file":"expertise-hero-icon-aseptic-technology.svg","mime-type":"image\/svg+xml","url":"https:\/\/afpllc2.preprod.cloud0.savencia.net\/wp-content\/uploads\/expertise-hero-icon-aseptic-technology.svg"},"medium":{"width":"600","height":"600","crop":false,"file":"expertise-hero-icon-aseptic-technology.svg","mime-type":"image\/svg+xml","url":"https:\/\/afpllc2.preprod.cloud0.savencia.net\/wp-content\/uploads\/expertise-hero-icon-aseptic-technology.svg"},"medium_large":{"width":"768","height":"0","crop":false,"file":"expertise-hero-icon-aseptic-technology.svg","mime-type":"image\/svg+xml","url":"https:\/\/afpllc2.preprod.cloud0.savencia.net\/wp-content\/uploads\/expertise-hero-icon-aseptic-technology.svg"},"large":{"width":"1024","height":"1024","crop":false,"file":"expertise-hero-icon-aseptic-technology.svg","mime-type":"image\/svg+xml","url":"https:\/\/afpllc2.preprod.cloud0.savencia.net\/wp-content\/uploads\/expertise-hero-icon-aseptic-technology.svg"},"bs-large-feature":{"width":840,"height":560,"crop":1,"file":"expertise-hero-icon-aseptic-technology.svg","mime-type":"image\/svg+xml","url":"https:\/\/afpllc2.preprod.cloud0.savencia.net\/wp-content\/uploads\/expertise-hero-icon-aseptic-technology.svg"},"bs-thumbnail":{"width":390,"height":260,"crop":1,"file":"expertise-hero-icon-aseptic-technology.svg","mime-type":"image\/svg+xml","url":"https:\/\/afpllc2.preprod.cloud0.savencia.net\/wp-content\/uploads\/expertise-hero-icon-aseptic-technology.svg"},"bs-more-thumbnail":{"width":355,"height":380,"crop":1,"file":"expertise-hero-icon-aseptic-technology.svg","mime-type":"image\/svg+xml","url":"https:\/\/afpllc2.preprod.cloud0.savencia.net\/wp-content\/uploads\/expertise-hero-icon-aseptic-technology.svg"},"1536x1536":{"width":1536,"height":1536,"crop":0,"file":"expertise-hero-icon-aseptic-technology.svg","mime-type":"image\/svg+xml","url":"https:\/\/afpllc2.preprod.cloud0.savencia.net\/wp-content\/uploads\/expertise-hero-icon-aseptic-technology.svg"},"2048x2048":{"width":2048,"height":2048,"crop":0,"file":"expertise-hero-icon-aseptic-technology.svg","mime-type":"image\/svg+xml","url":"https:\/\/afpllc2.preprod.cloud0.savencia.net\/wp-content\/uploads\/expertise-hero-icon-aseptic-technology.svg"}},"ID":"1368","name":"expertise-hero-icon-aseptic-technology.svg","path":"\/var\/www\/vhosts\/afpllc2.preprod.cloud0.savencia.net\/httpdocs\/wp-content\/uploads\/expertise-hero-icon-aseptic-technology.svg","url":"https:\/\/afpllc2.preprod.cloud0.savencia.net\/wp-content\/uploads\/expertise-hero-icon-aseptic-technology.svg","full_url":"https:\/\/afpllc2.preprod.cloud0.savencia.net\/wp-content\/uploads\/expertise-hero-icon-aseptic-technology.svg","title":"expertise-hero-icon-aseptic-technology","caption":"","description":"","alt":"aseptic technology advanced food technology","srcset":false}],"afp-pgexpertise-expertise-headline-group":{"afp-pgexpertise-channel-title-text":"Donde la ciencia de los alimentos se encuentra con las artes culinarias.","afp-pgexpertise-channel-title-color":"#008d9b","afp-pgexpertise-channel-content":"No hay nadie mejor en el sector de alimentos as\u00e9pticos con bajo contenido de \u00e1cido. Los resultados hablan por s\u00ed mismos. Desde crear alimentos seguros y est\u00e9riles a los incre\u00edbles sabores que podemos producir, nuestra tecnolog\u00eda as\u00e9ptica con bajo contenido de \u00e1cido es el resultado de d\u00e9cadas de experiencia.\r\n","afp-pgexpertise-channel-content-color":"#5a5e5e"},"afp-pgexpertise-expertise-enable-products":"0","afp-pgexpertise-products-section":[],"afp-pgexpertise-content-section":[{"afp-pgexpertise-content_type":"key-elements","afp-pgexpertise-key-elements-group":{"afp-pgexpertise-key-elements-title":"Beneficios de la tecnolog\u00eda as\u00e9ptica","afp-pgexpertise-k-elements":[{"afp-pgexpertise-k-element-icon":["712"],"afp-pgexpertise-k-element-bg-color":"#f8631b","afp-pgexpertise-k-element-title":"Larga vida \u00fatil"},{"afp-pgexpertise-k-element-icon":["716"],"afp-pgexpertise-k-element-bg-color":"#f8631b","afp-pgexpertise-k-element-title":"Larga conservaci\u00f3n"},{"afp-pgexpertise-k-element-icon":["704"],"afp-pgexpertise-k-element-bg-color":"#f8631b","afp-pgexpertise-k-element-title":"Conserva mejor la frescura y el sabor"}]}},{"afp-pgexpertise-content_type":"video","afp-pgexpertise-video-group":{"afp-pgexpertise-video-thumbnail":["804"],"afp-pgexpertise-video-title":"Alimentos con bajo contenido de \u00e1cido","afp-pgexpertise-video-description":"Para muchos alimentos a base de l\u00e1cteos, como el queso y el pud\u00edn, el proceso as\u00e9ptico de baja acidez es la mejor manera de fabricar productos superiores con una larga vida \u00fatil.","afp-pgexpertise-video-cta-text":"Reproducir video","afp-pgexpertise-video-cta-url":"\/es\/business-solutions\/capacitacion-y-educacion\/low-acid-aseptic-technology\/","afp-pgexpertise-video-section-swap":"1"}},{"afp-pgexpertise-content_type":"process","afp-pgexpertise-process-group":{"afp-pgexpertise-process-section-title":"Proceso de Flex\u00a0Line","afp-pgexpertise-process-section-description":"Como el primero de su tipo en los EE.\u00a0UU., Flex\u00a0Line nos da m\u00e1s flexibilidad y la capacidad de reducir los costos de transporte y aumentar el envasado sostenible. Flex\u00a0Line viene en varios tama\u00f1os de paquetes y pesos de llenado.\r\n","afp-pgexpertise-process-group-processes":[{"afp-pgexpertise-process-title":"Las tazas preformadas se desmontan y se ranuran individualmente en la placa de celda."},{"afp-pgexpertise-process-title":"Se eliminan las part\u00edculas de las tazas con aire ionizado."},{"afp-pgexpertise-process-title":"Se esterilizan las tazas con per\u00f3xido de hidr\u00f3geno."},{"afp-pgexpertise-process-title":"El producto esterilizado se mide en las tazas."},{"afp-pgexpertise-process-title":"Los adhesivos de las l\u00e1minas se descontaminan con per\u00f3xido de hidr\u00f3geno."},{"afp-pgexpertise-process-title":"Los adhesivos de las l\u00e1minas se sellan con calor a la taza."}]}},{"afp-pgexpertise-content_type":"video","afp-pgexpertise-video-group":{"afp-pgexpertise-video-thumbnail":["2784"],"afp-pgexpertise-video-title":"El beneficio est\u00e1 en el nombre","afp-pgexpertise-video-description":"Nuestra Flex\u00a0Line le permite un envasado y un rellenado vers\u00e1tiles, adem\u00e1s de beneficios operativos y ambientales en comparaci\u00f3n con el vidrio tradicional.","afp-pgexpertise-video-cta-text":"Reproducir video","afp-pgexpertise-video-cta-url":"\/es\/business-solutions\/ideas-sobre-envasado\/flex-line-overview-video\/"}}],"afp-pgexpertise-eng-product-group":[],"afp-pgexpertise-eng-productmoreinfo-group":[],"afp-pgexpertise-eng-innercontent-icon":[],"afp-pgexpertise-eng-innercontent-title":"","afp-pgexpertise-eng-innercontent-cta_text":"","afp-pgexpertise-eng-innercontent-cta_url":"","afp-pgexpertise-eng-capabilities-image":[],"afp-pgexpertise-eng-capabilities-title":"","afp-pgexpertise-eng-capabilities-content":"","mfi-mb-hero-enabled":"1","mfi-mb-hero-full-size":"0","mfi-mb-hero-height":"640","mfi-mb-hero-slide-group":[{"mfi-mb-hero-title-text":"Tecnolog\u00eda as\u00e9ptica con bajo contenido de \u00e1cido","mfi-mb-hero-title-color":"#ffffff","mfi-mb-hero-content":"Puede ser un proceso cient\u00edfico, pero genera los resultados m\u00e1s deliciosos.\r\n","mfi-mb-hero-content-color":"#ffffff","mfi-mb-hero-align-option":"text-left","mfi-mb-hero-product-image-enabled":"1","mfi-mb-hero-product-image-style":"slice","mfi-mb-hero-product-primary-bg-color":"#67e1cf","mfi-mb-hero-product-image":["2200"]}],"afp-gb--callout-icon":[{"width":125,"height":125,"file":"\/callout-solutions-1.svg","sizes":{"thumbnail":{"width":"360","height":"230","crop":"1","file":"callout-solutions-1.svg","mime-type":"image\/svg+xml","url":"https:\/\/afpllc2.preprod.cloud0.savencia.net\/wp-content\/uploads\/callout-solutions-1.svg"},"medium":{"width":"600","height":"600","crop":false,"file":"callout-solutions-1.svg","mime-type":"image\/svg+xml","url":"https:\/\/afpllc2.preprod.cloud0.savencia.net\/wp-content\/uploads\/callout-solutions-1.svg"},"medium_large":{"width":"768","height":"0","crop":false,"file":"callout-solutions-1.svg","mime-type":"image\/svg+xml","url":"https:\/\/afpllc2.preprod.cloud0.savencia.net\/wp-content\/uploads\/callout-solutions-1.svg"},"large":{"width":"1024","height":"1024","crop":false,"file":"callout-solutions-1.svg","mime-type":"image\/svg+xml","url":"https:\/\/afpllc2.preprod.cloud0.savencia.net\/wp-content\/uploads\/callout-solutions-1.svg"},"bs-large-feature":{"width":840,"height":560,"crop":1,"file":"callout-solutions-1.svg","mime-type":"image\/svg+xml","url":"https:\/\/afpllc2.preprod.cloud0.savencia.net\/wp-content\/uploads\/callout-solutions-1.svg"},"bs-thumbnail":{"width":390,"height":260,"crop":1,"file":"callout-solutions-1.svg","mime-type":"image\/svg+xml","url":"https:\/\/afpllc2.preprod.cloud0.savencia.net\/wp-content\/uploads\/callout-solutions-1.svg"},"bs-more-thumbnail":{"width":355,"height":380,"crop":1,"file":"callout-solutions-1.svg","mime-type":"image\/svg+xml","url":"https:\/\/afpllc2.preprod.cloud0.savencia.net\/wp-content\/uploads\/callout-solutions-1.svg"},"1536x1536":{"width":1536,"height":1536,"crop":0,"file":"callout-solutions-1.svg","mime-type":"image\/svg+xml","url":"https:\/\/afpllc2.preprod.cloud0.savencia.net\/wp-content\/uploads\/callout-solutions-1.svg"},"2048x2048":{"width":2048,"height":2048,"crop":0,"file":"callout-solutions-1.svg","mime-type":"image\/svg+xml","url":"https:\/\/afpllc2.preprod.cloud0.savencia.net\/wp-content\/uploads\/callout-solutions-1.svg"}},"ID":"2337","name":"callout-solutions-1.svg","path":"\/var\/www\/vhosts\/afpllc2.preprod.cloud0.savencia.net\/httpdocs\/wp-content\/uploads\/callout-solutions-1.svg","url":"https:\/\/afpllc2.preprod.cloud0.savencia.net\/wp-content\/uploads\/callout-solutions-1.svg","full_url":"https:\/\/afpllc2.preprod.cloud0.savencia.net\/wp-content\/uploads\/callout-solutions-1.svg","title":"callout-solutions","caption":"","description":"","alt":"advanced food products afp solutions","srcset":false}],"afp-gb-afp-gb--contactbar-section-title-text":"","afp-gb-afp-gb--contactbar-section-title-color":"","afp-gb-afp-gb--contactbar-section-cta-group":[],"afp-hp-our-story-callouts-group":[],"afp-li-linkedin-interstitial-enable":"","afp-li-linkedin-interstitial-title-text":"","afp-li-linkedin-interstitial-content":"","afp-li-linkedin-interstitial-cta-text":"","afp-li-linkedin-interstitial-cta-url":"","afp-hp-section-title-group":[],"afp-hp-selected-products":[],"afp_careers_mb_intro_title":"","afp_careers_mb_intro_content":"","afp-no-cta_label":"","afp-no-nav_icon":[{"width":125,"height":125,"file":"\/expertise-aseptic.svg","sizes":{"thumbnail":{"width":"150","height":"150","crop":"1","file":"expertise-aseptic.svg","mime-type":"image\/svg+xml","url":"https:\/\/afpllc2.preprod.cloud0.savencia.net\/wp-content\/uploads\/expertise-aseptic.svg"},"medium":{"width":"300","height":"300","crop":false,"file":"expertise-aseptic.svg","mime-type":"image\/svg+xml","url":"https:\/\/afpllc2.preprod.cloud0.savencia.net\/wp-content\/uploads\/expertise-aseptic.svg"},"medium_large":{"width":"768","height":"0","crop":false,"file":"expertise-aseptic.svg","mime-type":"image\/svg+xml","url":"https:\/\/afpllc2.preprod.cloud0.savencia.net\/wp-content\/uploads\/expertise-aseptic.svg"},"large":{"width":"1024","height":"1024","crop":false,"file":"expertise-aseptic.svg","mime-type":"image\/svg+xml","url":"https:\/\/afpllc2.preprod.cloud0.savencia.net\/wp-content\/uploads\/expertise-aseptic.svg"},"1536x1536":{"width":1536,"height":1536,"crop":0,"file":"expertise-aseptic.svg","mime-type":"image\/svg+xml","url":"https:\/\/afpllc2.preprod.cloud0.savencia.net\/wp-content\/uploads\/expertise-aseptic.svg"},"2048x2048":{"width":2048,"height":2048,"crop":0,"file":"expertise-aseptic.svg","mime-type":"image\/svg+xml","url":"https:\/\/afpllc2.preprod.cloud0.savencia.net\/wp-content\/uploads\/expertise-aseptic.svg"}},"ID":"528","name":"expertise-aseptic.svg","path":"\/var\/www\/vhosts\/afpllc2.preprod.cloud0.savencia.net\/httpdocs\/wp-content\/uploads\/expertise-aseptic.svg","url":"https:\/\/afpllc2.preprod.cloud0.savencia.net\/wp-content\/uploads\/expertise-aseptic.svg","full_url":"https:\/\/afpllc2.preprod.cloud0.savencia.net\/wp-content\/uploads\/expertise-aseptic.svg","title":"expertise-aseptic","caption":"","description":"","alt":"expertise aseptic afp","srcset":false}],"afp_ourstory_mb_history_title":"","afp_ourstory_mb_date_group":[],"afp_ourstory_mb_csr_content":"","afp_ourstory_mb_sustainability_title":"","afp_ourstory_mb_sustainability_group":[],"afp-pgproducts-category-heading-enabled":"","afp-pgproducts-category-heading-content":"","afp-pgproducts-category-heading-image":[],"afp-pgproducts-category-heading-cta":[],"afp-pgproducts-category-multicta-group":[],"afp-pgproducts-aseptic-rows-group":[],"winning_ltos":[],"sc_scam_title":"","sc_scam_content":"","infographic_headline":"","infographic_content":"","icons":[],"video_benefits":[],"facts_headline":"","facts_copy":"","facts_image":false,"facts_infographic":[],"lets_talk_headline":"","lets_talk_copy":"","lets_talk_icon":false,"bs_posts":[],"afp-bs-featured-categories":[],"mfi_pb_product_image":false,"mfi_pb_content":"","mfi_pb_cta":"","mfi_pb_cta_url":"","mfi_pb_products":[],"mfi_pb_stats_content":[],"mfi_pb_bar_title":"","mfi_pb_bar_content":"","mfi_pb_graph_image":false,"mfi_pb_more_info":"","mfi_pb_source":""},"_links":{"self":[{"href":"https:\/\/afpllc2.preprod.cloud0.savencia.net\/es\/wp-json\/wp\/v2\/pages\/1522","targetHints":{"allow":["GET"]}}],"collection":[{"href":"https:\/\/afpllc2.preprod.cloud0.savencia.net\/es\/wp-json\/wp\/v2\/pages"}],"about":[{"href":"https:\/\/afpllc2.preprod.cloud0.savencia.net\/es\/wp-json\/wp\/v2\/types\/page"}],"author":[{"embeddable":true,"href":"https:\/\/afpllc2.preprod.cloud0.savencia.net\/es\/wp-json\/wp\/v2\/users\/1"}],"replies":[{"embeddable":true,"href":"https:\/\/afpllc2.preprod.cloud0.savencia.net\/es\/wp-json\/wp\/v2\/comments?post=1522"}],"version-history":[{"count":3,"href":"https:\/\/afpllc2.preprod.cloud0.savencia.net\/es\/wp-json\/wp\/v2\/pages\/1522\/revisions"}],"predecessor-version":[{"id":1529,"href":"https:\/\/afpllc2.preprod.cloud0.savencia.net\/es\/wp-json\/wp\/v2\/pages\/1522\/revisions\/1529"}],"up":[{"embeddable":true,"href":"https:\/\/afpllc2.preprod.cloud0.savencia.net\/es\/wp-json\/wp\/v2\/pages\/1491"}],"wp:featuredmedia":[{"embeddable":true,"href":"https:\/\/afpllc2.preprod.cloud0.savencia.net\/es\/wp-json\/wp\/v2\/media\/1065"}],"wp:attachment":[{"href":"https:\/\/afpllc2.preprod.cloud0.savencia.net\/es\/wp-json\/wp\/v2\/media?parent=1522"}],"curies":[{"name":"wp","href":"https:\/\/api.w.org\/{rel}","templated":true}]}}