{"id":1438,"date":"2021-07-08T13:56:44","date_gmt":"2021-07-08T13:56:44","guid":{"rendered":"https:\/\/afpllc2.preprod.cloud0.savencia.net\/home\/"},"modified":"2025-02-10T15:14:54","modified_gmt":"2025-02-10T20:14:54","slug":"home","status":"publish","type":"page","link":"https:\/\/afpllc2.preprod.cloud0.savencia.net\/es\/","title":{"rendered":"Home"},"content":{"rendered":"","protected":false},"excerpt":{"rendered":"","protected":false},"author":1,"featured_media":0,"parent":0,"menu_order":138,"comment_status":"closed","ping_status":"closed","template":"page-home.php","meta":{"footnotes":""},"class_list":["post-1438","page","type-page","status-publish","hentry"],"yoast_head":"<!-- This site is optimized with the Yoast SEO plugin v27.4 - https:\/\/yoast.com\/product\/yoast-seo-wordpress\/ -->\n<title>Home - AFP<\/title>\n<meta name=\"robots\" content=\"noindex, follow, max-snippet:-1, max-image-preview:large, max-video-preview:-1\" \/>\n<meta property=\"og:locale\" content=\"es_ES\" \/>\n<meta property=\"og:type\" content=\"article\" \/>\n<meta property=\"og:title\" content=\"Home - AFP\" \/>\n<meta property=\"og:url\" content=\"https:\/\/afpllc2.preprod.cloud0.savencia.net\/es\/\" \/>\n<meta property=\"og:site_name\" content=\"AFP\" \/>\n<meta property=\"article:modified_time\" content=\"2025-02-10T20:14:54+00:00\" \/>\n<meta name=\"twitter:card\" content=\"summary_large_image\" \/>\n<script type=\"application\/ld+json\" class=\"yoast-schema-graph\">{\"@context\":\"https:\\\/\\\/schema.org\",\"@graph\":[{\"@type\":\"WebPage\",\"@id\":\"https:\\\/\\\/afpllc2.preprod.cloud0.savencia.net\\\/es\\\/\",\"url\":\"https:\\\/\\\/afpllc2.preprod.cloud0.savencia.net\\\/es\\\/\",\"name\":\"Home - AFP\",\"isPartOf\":{\"@id\":\"https:\\\/\\\/afpllc2.preprod.cloud0.savencia.net\\\/es\\\/#website\"},\"datePublished\":\"2021-07-08T13:56:44+00:00\",\"dateModified\":\"2025-02-10T20:14:54+00:00\",\"inLanguage\":\"es\",\"potentialAction\":[{\"@type\":\"ReadAction\",\"target\":[\"https:\\\/\\\/afpllc2.preprod.cloud0.savencia.net\\\/es\\\/\"]}]},{\"@type\":\"WebSite\",\"@id\":\"https:\\\/\\\/afpllc2.preprod.cloud0.savencia.net\\\/es\\\/#website\",\"url\":\"https:\\\/\\\/afpllc2.preprod.cloud0.savencia.net\\\/es\\\/\",\"name\":\"AFP\",\"description\":\"Innovative Food Solutions.\",\"publisher\":{\"@id\":\"https:\\\/\\\/afpllc2.preprod.cloud0.savencia.net\\\/es\\\/#organization\"},\"potentialAction\":[{\"@type\":\"SearchAction\",\"target\":{\"@type\":\"EntryPoint\",\"urlTemplate\":\"https:\\\/\\\/afpllc2.preprod.cloud0.savencia.net\\\/es\\\/?s={search_term_string}\"},\"query-input\":{\"@type\":\"PropertyValueSpecification\",\"valueRequired\":true,\"valueName\":\"search_term_string\"}}],\"inLanguage\":\"es\"},{\"@type\":\"Organization\",\"@id\":\"https:\\\/\\\/afpllc2.preprod.cloud0.savencia.net\\\/es\\\/#organization\",\"name\":\"AFP\",\"url\":\"https:\\\/\\\/afpllc2.preprod.cloud0.savencia.net\\\/es\\\/\",\"logo\":{\"@type\":\"ImageObject\",\"inLanguage\":\"es\",\"@id\":\"https:\\\/\\\/afpllc2.preprod.cloud0.savencia.net\\\/es\\\/#\\\/schema\\\/logo\\\/image\\\/\",\"url\":\"https:\\\/\\\/afpllc2.preprod.cloud0.savencia.net\\\/wp-content\\\/uploads\\\/2021\\\/11\\\/AFP-logo-color.svg\",\"contentUrl\":\"https:\\\/\\\/afpllc2.preprod.cloud0.savencia.net\\\/wp-content\\\/uploads\\\/2021\\\/11\\\/AFP-logo-color.svg\",\"width\":60,\"height\":40,\"caption\":\"AFP\"},\"image\":{\"@id\":\"https:\\\/\\\/afpllc2.preprod.cloud0.savencia.net\\\/es\\\/#\\\/schema\\\/logo\\\/image\\\/\"}}]}<\/script>\n<!-- \/ Yoast SEO plugin. -->","yoast_head_json":{"title":"Home - AFP","robots":{"index":"noindex","follow":"follow","max-snippet":"max-snippet:-1","max-image-preview":"max-image-preview:large","max-video-preview":"max-video-preview:-1"},"og_locale":"es_ES","og_type":"article","og_title":"Home - AFP","og_url":"https:\/\/afpllc2.preprod.cloud0.savencia.net\/es\/","og_site_name":"AFP","article_modified_time":"2025-02-10T20:14:54+00:00","twitter_card":"summary_large_image","schema":{"@context":"https:\/\/schema.org","@graph":[{"@type":"WebPage","@id":"https:\/\/afpllc2.preprod.cloud0.savencia.net\/es\/","url":"https:\/\/afpllc2.preprod.cloud0.savencia.net\/es\/","name":"Home - AFP","isPartOf":{"@id":"https:\/\/afpllc2.preprod.cloud0.savencia.net\/es\/#website"},"datePublished":"2021-07-08T13:56:44+00:00","dateModified":"2025-02-10T20:14:54+00:00","inLanguage":"es","potentialAction":[{"@type":"ReadAction","target":["https:\/\/afpllc2.preprod.cloud0.savencia.net\/es\/"]}]},{"@type":"WebSite","@id":"https:\/\/afpllc2.preprod.cloud0.savencia.net\/es\/#website","url":"https:\/\/afpllc2.preprod.cloud0.savencia.net\/es\/","name":"AFP","description":"Innovative Food Solutions.","publisher":{"@id":"https:\/\/afpllc2.preprod.cloud0.savencia.net\/es\/#organization"},"potentialAction":[{"@type":"SearchAction","target":{"@type":"EntryPoint","urlTemplate":"https:\/\/afpllc2.preprod.cloud0.savencia.net\/es\/?s={search_term_string}"},"query-input":{"@type":"PropertyValueSpecification","valueRequired":true,"valueName":"search_term_string"}}],"inLanguage":"es"},{"@type":"Organization","@id":"https:\/\/afpllc2.preprod.cloud0.savencia.net\/es\/#organization","name":"AFP","url":"https:\/\/afpllc2.preprod.cloud0.savencia.net\/es\/","logo":{"@type":"ImageObject","inLanguage":"es","@id":"https:\/\/afpllc2.preprod.cloud0.savencia.net\/es\/#\/schema\/logo\/image\/","url":"https:\/\/afpllc2.preprod.cloud0.savencia.net\/wp-content\/uploads\/2021\/11\/AFP-logo-color.svg","contentUrl":"https:\/\/afpllc2.preprod.cloud0.savencia.net\/wp-content\/uploads\/2021\/11\/AFP-logo-color.svg","width":60,"height":40,"caption":"AFP"},"image":{"@id":"https:\/\/afpllc2.preprod.cloud0.savencia.net\/es\/#\/schema\/logo\/image\/"}}]}},"meta_box":{"afp-bs-featured-lp":"","afp-bs-featured-lp-title":"","afp-bs-featured-lp-copy":"","afp-bs-featured-cta-link":"","afp-bs-featured-cta-text":"","afp-bs-featured-lp-subtitle":"","afp-bs-featured-lp-posts":[],"afp-bs-featured-lp-posts-seemore":"","afp-bs-featured-recipes":[],"afp-bs-featured-trends":[],"afp-bs-featured-training-education":[],"afp-bs-featured-packaging-ideas":[],"afp-bs-featured-home-cta-label":"","afp-bs-more-solutions-heading":"","afp-bs-more-solutions-cta-label":"","afp-bs-more-solutions-category-label":"","afp-bs-product-featured-bs":[],"afp-pgchannels-section-title-group":[],"afp-Channels-icon":[],"afp-Channels-page-icon":[],"afp-Channels-channel-headline-group":[],"afp_calc_serving_size":"8","afp_calc_servings_per_day":"400","afp_calc_number_of_units":"3","afp-calculator":[{"afp_calc_storage":"Shelf-stable","afp_calc_shelf_life":"12 months","afp_calc_case":"6 pack","afp_calc_recipes":[{"_state":"expanded"}]}],"afp_calc_lockup":false,"afp_calc_disclaimer":"","location":[],"AFP-Contact-contact_from_shortcode":"","afp-hp-expertise-callout-title-text":"Experiencia","afp-hp-expertise-callout-title-color":"","afp-hp-expertise-callout-content":"Cuando los expertos necesitan ayuda, nos llaman.\r\n","afp-hp-expertise-callout-content-color":"","afp-hp-expertise-callouts-group":[{"afp-hp-hp-expertise-callout-icon":["237"],"afp-hp-hp-expertise-expertise-callout-title-text":"Tecnolog\u00eda as\u00e9ptica con bajo contenido de \u00e1cido","afp-hp-hp-expertise-expertise-callout-content":"Somos l\u00edderes globales en tecnolog\u00eda as\u00e9ptica con bajo contenido de \u00e1cido.\r\n","afp-hp-hp-expertise-expertise-callout-cta-group":[{"afp-hp-hp-expertise-expertise-callout-cta-text":"Explorar","afp-hp-hp-expertise-expertise-callout-cta-url":"\/es\/experiencia\/tecnologia-aseptica-con-bajo-contenido-de-acido\/"}],"afp-hp-hp-expertise-callout-product-image":["169"],"afp-hp-hp-expertise-callout-background-image":["197"]},{"afp-hp-hp-expertise-callout-icon":["229"],"afp-hp-hp-expertise-expertise-callout-title-text":"Ingenier\u00eda en envasado","afp-hp-hp-expertise-expertise-callout-content":"Una variedad de formatos para muchas aplicaciones.","afp-hp-hp-expertise-expertise-callout-cta-group":[{"afp-hp-hp-expertise-expertise-callout-cta-text":"Soluciones","afp-hp-hp-expertise-expertise-callout-cta-url":"\/es\/experiencia\/ingenieria-en-envasado\/"}],"afp-hp-hp-expertise-callout-product-image":["213"],"afp-hp-hp-expertise-callout-background-image":["201"]},{"afp-hp-hp-expertise-callout-icon":["233"],"afp-hp-hp-expertise-expertise-callout-title-text":"Excelencia en investigaci\u00f3n y desarrollo","afp-hp-hp-expertise-expertise-callout-content":"Su socio de confianza en soluciones innovadoras.\r\n","afp-hp-hp-expertise-expertise-callout-cta-group":[{"afp-hp-hp-expertise-expertise-callout-cta-text":"A base de plantas","afp-hp-hp-expertise-expertise-callout-cta-url":"\/es\/experiencia\/excelencia-en-investigacion-y-desarrollo\/"}],"afp-hp-hp-expertise-callout-product-image":["217"],"afp-hp-hp-expertise-callout-background-image":["205"]},{"afp-hp-hp-expertise-callout-icon":["225"],"afp-hp-hp-expertise-expertise-callout-title-text":"Fabricaci\u00f3n productiva","afp-hp-hp-expertise-expertise-callout-content":"Esforzarse continuamente para lograr la eficacia operativa.\r\n","afp-hp-hp-expertise-expertise-callout-cta-group":[{"afp-hp-hp-expertise-expertise-callout-cta-text":"Nuestros principios","afp-hp-hp-expertise-expertise-callout-cta-url":"\/es\/experiencia\/fabricacion-productiva\/"}],"afp-hp-hp-expertise-callout-product-image":["221"],"afp-hp-hp-expertise-callout-background-image":["209"]}],"afp-pgexpertise-page-icon":[],"afp-pgexpertise-expertise-headline-group":[],"afp-pgexpertise-expertise-enable-products":"","afp-pgexpertise-products-section":[],"afp-pgexpertise-content-section":[],"afp-pgexpertise-eng-product-group":[],"afp-pgexpertise-eng-productmoreinfo-group":[],"afp-pgexpertise-eng-innercontent-icon":[],"afp-pgexpertise-eng-innercontent-title":"","afp-pgexpertise-eng-innercontent-cta_text":"","afp-pgexpertise-eng-innercontent-cta_url":"","afp-pgexpertise-eng-capabilities-image":[],"afp-pgexpertise-eng-capabilities-title":"","afp-pgexpertise-eng-capabilities-content":"","mfi-mb-hero-enabled":"1","mfi-mb-hero-full-size":"0","mfi-mb-hero-height":"700","mfi-mb-hero-slide-group":[{"mfi-mb-hero-content-width":"48","mfi-mb-hero-title-size":"1","mfi-mb-hero-title-text":"Descubre los beneficios de la salsa de queso.","mfi-mb-hero-title-color":"#ffffff","mfi-mb-hero-content":"Compara formatos, calcula tu ahorro y comprueba las ventajas.","mfi-mb-hero-content-color":"#ffffff","mfi-mb-hero-cta-group":[{"mfi-mb-hero-cta-text":"M\u00e1s informaci\u00f3n","mfi-mb-hero-cta-url":"\/es\/la-salsa-de-queso-sale-a-cuenta\/"}],"mfi-mb-hero-align-option":"text-left","mfi-mb-hero-product-image-enabled":"1","mfi-mb-hero-product-image-style":"box","mfi-mb-hero-product-primary-bg-color":"#67e1cf","mfi-mb-hero-product-secondary-bg-color":"#f87036","mfi-mb-hero-product-width":"48","mfi-mb-hero-product-image":["25125"],"mfi-mb-hero-product-url":"\/es\/la-salsa-de-queso-sale-a-cuenta\/"},{"mfi-mb-hero-title-text":"\u00bfListo para el \u00e9xito del servicio r\u00e1pido?","mfi-mb-hero-content":"Dale play para liberar el potencial de la salsa de queso.","mfi-mb-hero-cta-group":[{"mfi-mb-hero-cta-text":"Ver v\u00eddeos","mfi-mb-hero-cta-url":"\/es\/soluciones-de-negocios\/"}],"mfi-mb-hero-align-option":"text-left","mfi-mb-hero-image":["76"],"mfi-mb-hero-product-image-enabled":"1","mfi-mb-hero-product-image-style":"overlap-color","mfi-mb-hero-product-primary-bg-color":"#67e1cf","mfi-mb-hero-product-secondary-bg-color":"#f87036","mfi-mb-hero-product-image":["20101"],"mfi-mb-hero-product-video-url":"https:\/\/youtu.be\/aChCdUwKnms","mfi-mb-hero-product-url":"\/es\/soluciones-de-negocios\/"},{"mfi-mb-hero-content-width":"65","mfi-mb-hero-title-text":"Donde el arte culinario se encuentra con la ciencia de los alimentos.","mfi-mb-hero-title-color":"#ffffff","mfi-mb-hero-content":"productos alimenticios avanzados llc.","mfi-mb-hero-content-color":"#ffffff","mfi-mb-hero-cta-group":[{"mfi-mb-hero-cta-text":"Nuestra experiencia","mfi-mb-hero-cta-url":"\/es\/experiencia\/"}],"mfi-mb-hero-align-option":"text-left","mfi-mb-hero-image":["77"],"mfi-mb-hero-product-image-enabled":"1","mfi-mb-hero-product-image-style":"overlap-color","mfi-mb-hero-product-primary-bg-color":"#f87036","mfi-mb-hero-product-secondary-bg-color":"#67e1cf","mfi-mb-hero-product-width":"70","mfi-mb-hero-product-image":["11452"]}],"afp-gb--callout-icon":[],"afp-gb-afp-gb--contactbar-section-title-text":"","afp-gb-afp-gb--contactbar-section-title-color":"","afp-gb-afp-gb--contactbar-section-cta-group":[],"afp-hp-our-story-callouts-group":{"afp-hp-hp-our-story-expertise-callout-title-text":"Nuestra historia","afp-hp-hp-our-story-expertise-callout-content":"AFP advanced\u00a0food\u00a0products\u00a0LLC, subsidiaria de Savencia\u00a0Fromage\u00a0&\u00a0Dairy, cuenta con un personal de m\u00e1s de 500\u00a0miembros dedicados a generar un \u00e9xito perdurable.\r\n","afp-hp-hp-our-story-expertise-callout-cta-group":[{"afp-hp-hp-our-story-expertise-callout-cta-text":"M\u00e1s informaci\u00f3n"}],"afp-hp-hp-our-story-video-link":"https:\/\/www.youtube.com\/watch?v=jOjT_nXG2DU","afp-hp-hp-our-story-callout-background-image":["241"]},"afp-li-linkedin-interstitial-enable":"","afp-li-linkedin-interstitial-title-text":"","afp-li-linkedin-interstitial-content":"","afp-li-linkedin-interstitial-cta-text":"","afp-li-linkedin-interstitial-cta-url":"","afp-hp-section-title-group":{"afp-hp-channels-callout-title-text":"Canales","afp-hp-channels-callout-content":"Genere \u00e9xito y felicidad en nuestros socios y sus clientes.\r\n","afp-hp-products-callout-title-text":"Productos","afp-hp-products-callout-content":"Ofertas sabrosas que hacen que los clientes regresen.\r\n","afp-hp-business-solutions-callout-title-text":"Soluciones de negocios","afp-hp-business-solutions-callout-content":"Su socio en la tecnolog\u00eda as\u00e9ptica con bajo contenido de \u00e1cido\r\n","afp-hp-hp-form-icon":["229"],"afp-hp-hp-form-title-text":"\u00bfEst\u00e1 listo para asociarse?"},"afp-hp-selected-products":[],"afp_careers_mb_intro_title":"","afp_careers_mb_intro_content":"","afp-no-cta_label":"","afp-no-nav_icon":[],"afp_ourstory_mb_history_title":"","afp_ourstory_mb_date_group":[],"afp_ourstory_mb_csr_content":"","afp_ourstory_mb_sustainability_title":"","afp_ourstory_mb_sustainability_group":[],"afp-pgproducts-category-heading-enabled":"","afp-pgproducts-category-heading-content":"","afp-pgproducts-category-heading-image":[],"afp-pgproducts-category-heading-cta":[],"afp-pgproducts-category-multicta-group":[],"afp-pgproducts-aseptic-rows-group":[],"winning_ltos":[],"sc_scam_title":"","sc_scam_content":"","infographic_headline":"","infographic_content":"","icons":[],"video_benefits":[],"facts_headline":"","facts_copy":"","facts_image":false,"facts_infographic":[],"lets_talk_headline":"","lets_talk_copy":"","lets_talk_icon":false,"bs_posts":[],"afp-bs-featured-categories":[],"mfi_pb_product_image":false,"mfi_pb_content":"","mfi_pb_cta":"","mfi_pb_cta_url":"","mfi_pb_products":[],"mfi_pb_stats_content":[],"mfi_pb_bar_title":"","mfi_pb_bar_content":"","mfi_pb_graph_image":false,"mfi_pb_more_info":"","mfi_pb_source":""},"_links":{"self":[{"href":"https:\/\/afpllc2.preprod.cloud0.savencia.net\/es\/wp-json\/wp\/v2\/pages\/1438","targetHints":{"allow":["GET"]}}],"collection":[{"href":"https:\/\/afpllc2.preprod.cloud0.savencia.net\/es\/wp-json\/wp\/v2\/pages"}],"about":[{"href":"https:\/\/afpllc2.preprod.cloud0.savencia.net\/es\/wp-json\/wp\/v2\/types\/page"}],"author":[{"embeddable":true,"href":"https:\/\/afpllc2.preprod.cloud0.savencia.net\/es\/wp-json\/wp\/v2\/users\/1"}],"replies":[{"embeddable":true,"href":"https:\/\/afpllc2.preprod.cloud0.savencia.net\/es\/wp-json\/wp\/v2\/comments?post=1438"}],"version-history":[{"count":1,"href":"https:\/\/afpllc2.preprod.cloud0.savencia.net\/es\/wp-json\/wp\/v2\/pages\/1438\/revisions"}],"predecessor-version":[{"id":1440,"href":"https:\/\/afpllc2.preprod.cloud0.savencia.net\/es\/wp-json\/wp\/v2\/pages\/1438\/revisions\/1440"}],"wp:attachment":[{"href":"https:\/\/afpllc2.preprod.cloud0.savencia.net\/es\/wp-json\/wp\/v2\/media?parent=1438"}],"curies":[{"name":"wp","href":"https:\/\/api.w.org\/{rel}","templated":true}]}}